{"id":42110,"date":"2021-06-04T11:52:30","date_gmt":"2021-06-04T08:52:30","guid":{"rendered":"https:\/\/seacare.com\/sk\/?page_id=42110"},"modified":"2021-06-08T15:23:58","modified_gmt":"2021-06-08T12:23:58","slug":"mandlovy-olej","status":"publish","type":"page","link":"https:\/\/seacare.com\/sk\/mandlovy-olej\/","title":{"rendered":"Mand\u013eov\u00fd olej"},"content":{"rendered":"<h1 class=\"text-head\" style=\"text-align: center;\"><span data-text-color=\"primary\">Mand\u013eov\u00fd olej<\/span><\/h1>\n<p>Pou\u017e\u00edvan\u00edm pr\u00edrodn\u00fdch kozmetick\u00fdch v\u00fdrobkov s extraktom zo sladk\u00e9ho mand\u013eov\u00e9ho oleja pri ka\u017edodennej starostlivosti bud\u00fa va\u0161e vlasy leskl\u00e9, siln\u00e9 a zdrav\u00e9. Prospe\u0161n\u00e9 vitam\u00edny, tuky a \u010fal\u0161ie prospe\u0161n\u00e9 prvky oleja zo sladk\u00fdch mandl\u00ed zachovaj\u00fa va\u0161e vlasy a poskytn\u00fa prirodzen\u00fa v\u00fd\u017eivu a starostlivos\u0165 pre v\u0161etky typy vlasov.<\/p>\n","protected":false},"excerpt":{"rendered":"<p>Mand\u013eov\u00fd olej Pou\u017e\u00edvan\u00edm pr\u00edrodn\u00fdch kozmetick\u00fdch v\u00fdrobkov s extraktom zo sladk\u00e9ho mand\u013eov\u00e9ho oleja pri ka\u017edodennej starostlivosti bud\u00fa va\u0161e vlasy leskl\u00e9, siln\u00e9 a zdrav\u00e9. Prospe\u0161n\u00e9 vitam\u00edny, tuky a \u010fal\u0161ie prospe\u0161n\u00e9 prvky oleja zo sladk\u00fdch mandl\u00ed zachovaj\u00fa va\u0161e vlasy a poskytn\u00fa prirodzen\u00fa v\u00fd\u017eivu a starostlivos\u0165 pre v\u0161etky typy vlasov.<\/p>\n","protected":false},"author":1,"featured_media":0,"parent":0,"menu_order":0,"comment_status":"closed","ping_status":"closed","template":"","meta":{"footnotes":""},"_links":{"self":[{"href":"https:\/\/seacare.com\/sk\/wp-json\/wp\/v2\/pages\/42110"}],"collection":[{"href":"https:\/\/seacare.com\/sk\/wp-json\/wp\/v2\/pages"}],"about":[{"href":"https:\/\/seacare.com\/sk\/wp-json\/wp\/v2\/types\/page"}],"author":[{"embeddable":true,"href":"https:\/\/seacare.com\/sk\/wp-json\/wp\/v2\/users\/1"}],"replies":[{"embeddable":true,"href":"https:\/\/seacare.com\/sk\/wp-json\/wp\/v2\/comments?post=42110"}],"version-history":[{"count":1,"href":"https:\/\/seacare.com\/sk\/wp-json\/wp\/v2\/pages\/42110\/revisions"}],"predecessor-version":[{"id":42111,"href":"https:\/\/seacare.com\/sk\/wp-json\/wp\/v2\/pages\/42110\/revisions\/42111"}],"wp:attachment":[{"href":"https:\/\/seacare.com\/sk\/wp-json\/wp\/v2\/media?parent=42110"}],"curies":[{"name":"wp","href":"https:\/\/api.w.org\/{rel}","templated":true}]}}