{"id":42112,"date":"2021-06-04T11:54:32","date_gmt":"2021-06-04T08:54:32","guid":{"rendered":"https:\/\/seacare.com\/sk\/?page_id=42112"},"modified":"2021-06-08T15:23:07","modified_gmt":"2021-06-08T12:23:07","slug":"kakaove-maslo","status":"publish","type":"page","link":"https:\/\/seacare.com\/sk\/kakaove-maslo\/","title":{"rendered":"Kakaov\u00e9 maslo"},"content":{"rendered":"<h1 class=\"text-head\" style=\"text-align: center;\"><span data-text-color=\"primary\">Kakaov\u00e9 maslo<\/span><\/h1>\n<p>Kakaov\u00e9 maslo sa \u0161iroko pou\u017e\u00edva na redukciu stri\u00ed. Toto tajomstvo je zn\u00e1me v\u00e4\u010d\u0161ine tehotn\u00fdch \u017eien na svete. Mnoho \u017eien tvrd\u00ed, \u017ee pravideln\u00e9 pou\u017e\u00edvanie kakaov\u00e9ho masla pom\u00e1ha zbavi\u0165 sa stri\u00ed. Je tie\u017e zn\u00e1me, \u017ee pomocou kakaov\u00e9ho masla sa m\u00f4\u017eete zbavi\u0165 jaziev.<\/p>\n","protected":false},"excerpt":{"rendered":"<p>Kakaov\u00e9 maslo Kakaov\u00e9 maslo sa \u0161iroko pou\u017e\u00edva na redukciu stri\u00ed. Toto tajomstvo je zn\u00e1me v\u00e4\u010d\u0161ine tehotn\u00fdch \u017eien na svete. Mnoho \u017eien tvrd\u00ed, \u017ee pravideln\u00e9 pou\u017e\u00edvanie kakaov\u00e9ho masla pom\u00e1ha zbavi\u0165 sa stri\u00ed. Je tie\u017e zn\u00e1me, \u017ee pomocou kakaov\u00e9ho masla sa m\u00f4\u017eete zbavi\u0165 jaziev.<\/p>\n","protected":false},"author":1,"featured_media":0,"parent":0,"menu_order":0,"comment_status":"closed","ping_status":"closed","template":"","meta":{"footnotes":""},"_links":{"self":[{"href":"https:\/\/seacare.com\/sk\/wp-json\/wp\/v2\/pages\/42112"}],"collection":[{"href":"https:\/\/seacare.com\/sk\/wp-json\/wp\/v2\/pages"}],"about":[{"href":"https:\/\/seacare.com\/sk\/wp-json\/wp\/v2\/types\/page"}],"author":[{"embeddable":true,"href":"https:\/\/seacare.com\/sk\/wp-json\/wp\/v2\/users\/1"}],"replies":[{"embeddable":true,"href":"https:\/\/seacare.com\/sk\/wp-json\/wp\/v2\/comments?post=42112"}],"version-history":[{"count":1,"href":"https:\/\/seacare.com\/sk\/wp-json\/wp\/v2\/pages\/42112\/revisions"}],"predecessor-version":[{"id":42113,"href":"https:\/\/seacare.com\/sk\/wp-json\/wp\/v2\/pages\/42112\/revisions\/42113"}],"wp:attachment":[{"href":"https:\/\/seacare.com\/sk\/wp-json\/wp\/v2\/media?parent=42112"}],"curies":[{"name":"wp","href":"https:\/\/api.w.org\/{rel}","templated":true}]}}