{"id":42114,"date":"2021-06-04T11:55:33","date_gmt":"2021-06-04T08:55:33","guid":{"rendered":"https:\/\/seacare.com\/sk\/?page_id=42114"},"modified":"2021-06-08T15:23:55","modified_gmt":"2021-06-08T12:23:55","slug":"makadamiovy-olej","status":"publish","type":"page","link":"https:\/\/seacare.com\/sk\/makadamiovy-olej\/","title":{"rendered":"Makadamiov\u00fd olej"},"content":{"rendered":"<h1 class=\"text-head\" style=\"text-align: center;\"><span data-text-color=\"primary\">Makadamiov\u00fd olej<\/span><\/h1>\n<p>Makadamiov\u00fd  olej je ve\u013emi neobvykl\u00fd rastlinn\u00fd olej, ktor\u00fd m\u00e1 pozoruhodn\u00e9 vlastnosti podobn\u00e9 poko\u017eke. V\u010faka vysok\u00e9mu obsahu r\u00f4znych mastn\u00fdch kysel\u00edn je makadamiov\u00fd olej ve\u013emi prospe\u0161n\u00fd pre such\u00fa a zrel\u00fa poko\u017eku. Kyseliny olejov\u00e9 a linolov\u00e9 d\u00e1vaj\u00fa makadamiov\u00e9mu oleju fantastick\u00e9 regenera\u010dn\u00e9 a zvlh\u010dovacie vlastnosti.<\/p>\n","protected":false},"excerpt":{"rendered":"<p>Makadamiov\u00fd olej Makadamiov\u00fd olej je ve\u013emi neobvykl\u00fd rastlinn\u00fd olej, ktor\u00fd m\u00e1 pozoruhodn\u00e9 vlastnosti podobn\u00e9 poko\u017eke. V\u010faka vysok\u00e9mu obsahu r\u00f4znych mastn\u00fdch kysel\u00edn je makadamiov\u00fd olej ve\u013emi prospe\u0161n\u00fd pre such\u00fa a zrel\u00fa poko\u017eku. Kyseliny olejov\u00e9 a linolov\u00e9 d\u00e1vaj\u00fa makadamiov\u00e9mu oleju fantastick\u00e9 regenera\u010dn\u00e9 a zvlh\u010dovacie vlastnosti.<\/p>\n","protected":false},"author":1,"featured_media":0,"parent":0,"menu_order":0,"comment_status":"closed","ping_status":"closed","template":"","meta":{"footnotes":""},"_links":{"self":[{"href":"https:\/\/seacare.com\/sk\/wp-json\/wp\/v2\/pages\/42114"}],"collection":[{"href":"https:\/\/seacare.com\/sk\/wp-json\/wp\/v2\/pages"}],"about":[{"href":"https:\/\/seacare.com\/sk\/wp-json\/wp\/v2\/types\/page"}],"author":[{"embeddable":true,"href":"https:\/\/seacare.com\/sk\/wp-json\/wp\/v2\/users\/1"}],"replies":[{"embeddable":true,"href":"https:\/\/seacare.com\/sk\/wp-json\/wp\/v2\/comments?post=42114"}],"version-history":[{"count":1,"href":"https:\/\/seacare.com\/sk\/wp-json\/wp\/v2\/pages\/42114\/revisions"}],"predecessor-version":[{"id":42115,"href":"https:\/\/seacare.com\/sk\/wp-json\/wp\/v2\/pages\/42114\/revisions\/42115"}],"wp:attachment":[{"href":"https:\/\/seacare.com\/sk\/wp-json\/wp\/v2\/media?parent=42114"}],"curies":[{"name":"wp","href":"https:\/\/api.w.org\/{rel}","templated":true}]}}