{"id":42116,"date":"2021-06-04T11:56:32","date_gmt":"2021-06-04T08:56:32","guid":{"rendered":"https:\/\/seacare.com\/sk\/?page_id=42116"},"modified":"2021-06-08T15:22:58","modified_gmt":"2021-06-08T12:22:58","slug":"extrakt-z-arniky-horskej","status":"publish","type":"page","link":"https:\/\/seacare.com\/sk\/extrakt-z-arniky-horskej\/","title":{"rendered":"Extrakt z Arniky horskej"},"content":{"rendered":"<h1 class=\"text-head\" style=\"text-align: center;\"><span data-text-color=\"primary\">Extrakt z Arniky horskej<\/span><\/h1>\n<p>Sesquiterp\u00e9n lakt\u00f3n (Gelenalin) je hlavnou obnovovacou l\u00e1tkou v pohor\u00ed Arnica, ktor\u00e1 spolu s flavonoidmi pom\u00e1ha upokoji\u0165 a obnovi\u0165 poko\u017eku po vystaven\u00ed stresu. Antiseptick\u00e9, antibakteri\u00e1lne a protiz\u00e1palov\u00e9 vlastnosti extraktu z Arniky horskej m\u00f4\u017eu by\u0165 u\u017eito\u010dn\u00e9 v boji proti z\u00e1palom.<\/p>\n","protected":false},"excerpt":{"rendered":"<p>Extrakt z Arniky horskej Sesquiterp\u00e9n lakt\u00f3n (Gelenalin) je hlavnou obnovovacou l\u00e1tkou v pohor\u00ed Arnica, ktor\u00e1 spolu s flavonoidmi pom\u00e1ha upokoji\u0165 a obnovi\u0165 poko\u017eku po vystaven\u00ed stresu. Antiseptick\u00e9, antibakteri\u00e1lne a protiz\u00e1palov\u00e9 vlastnosti extraktu z Arniky horskej m\u00f4\u017eu by\u0165 u\u017eito\u010dn\u00e9 v boji proti z\u00e1palom.<\/p>\n","protected":false},"author":1,"featured_media":0,"parent":0,"menu_order":0,"comment_status":"closed","ping_status":"closed","template":"","meta":{"footnotes":""},"_links":{"self":[{"href":"https:\/\/seacare.com\/sk\/wp-json\/wp\/v2\/pages\/42116"}],"collection":[{"href":"https:\/\/seacare.com\/sk\/wp-json\/wp\/v2\/pages"}],"about":[{"href":"https:\/\/seacare.com\/sk\/wp-json\/wp\/v2\/types\/page"}],"author":[{"embeddable":true,"href":"https:\/\/seacare.com\/sk\/wp-json\/wp\/v2\/users\/1"}],"replies":[{"embeddable":true,"href":"https:\/\/seacare.com\/sk\/wp-json\/wp\/v2\/comments?post=42116"}],"version-history":[{"count":1,"href":"https:\/\/seacare.com\/sk\/wp-json\/wp\/v2\/pages\/42116\/revisions"}],"predecessor-version":[{"id":42117,"href":"https:\/\/seacare.com\/sk\/wp-json\/wp\/v2\/pages\/42116\/revisions\/42117"}],"wp:attachment":[{"href":"https:\/\/seacare.com\/sk\/wp-json\/wp\/v2\/media?parent=42116"}],"curies":[{"name":"wp","href":"https:\/\/api.w.org\/{rel}","templated":true}]}}