{"id":42118,"date":"2021-06-04T11:57:27","date_gmt":"2021-06-04T08:57:27","guid":{"rendered":"https:\/\/seacare.com\/sk\/?page_id=42118"},"modified":"2021-06-08T15:23:09","modified_gmt":"2021-06-08T12:23:09","slug":"kaolin","status":"publish","type":"page","link":"https:\/\/seacare.com\/sk\/kaolin\/","title":{"rendered":"Kaol\u00edn"},"content":{"rendered":"<h1 class=\"text-head\" style=\"text-align: center;\"><span data-text-color=\"primary\">Kaol\u00edn<\/span><\/h1>\n<p>Kaol\u00edn v kozmetike je ve\u013emi jemn\u00fd \u00edl. Kaol\u00edn alebo biel\u00fd \u00edl nevysu\u0161uje poko\u017eku a neabsorbuje vlhkos\u0165 ani prirodzen\u00e9 mazanie poko\u017eky v porovnan\u00ed s kozmetick\u00fdm \u00edlom bentonit alebo illit. Masku z kaol\u00ednu m\u00f4\u017eete pou\u017e\u00edva\u0165 ka\u017ed\u00fd t\u00fd\u017ede\u0148 a va\u0161a poko\u017eka nebude vysu\u0161en\u00e1 a podr\u00e1\u017eden\u00e1.<\/p>\n","protected":false},"excerpt":{"rendered":"<p>Kaol\u00edn Kaol\u00edn v kozmetike je ve\u013emi jemn\u00fd \u00edl. Kaol\u00edn alebo biel\u00fd \u00edl nevysu\u0161uje poko\u017eku a neabsorbuje vlhkos\u0165 ani prirodzen\u00e9 mazanie poko\u017eky v porovnan\u00ed s kozmetick\u00fdm \u00edlom bentonit alebo illit. Masku z kaol\u00ednu m\u00f4\u017eete pou\u017e\u00edva\u0165 ka\u017ed\u00fd t\u00fd\u017ede\u0148 a va\u0161a poko\u017eka nebude vysu\u0161en\u00e1 a podr\u00e1\u017eden\u00e1.<\/p>\n","protected":false},"author":1,"featured_media":0,"parent":0,"menu_order":0,"comment_status":"closed","ping_status":"closed","template":"","meta":{"footnotes":""},"_links":{"self":[{"href":"https:\/\/seacare.com\/sk\/wp-json\/wp\/v2\/pages\/42118"}],"collection":[{"href":"https:\/\/seacare.com\/sk\/wp-json\/wp\/v2\/pages"}],"about":[{"href":"https:\/\/seacare.com\/sk\/wp-json\/wp\/v2\/types\/page"}],"author":[{"embeddable":true,"href":"https:\/\/seacare.com\/sk\/wp-json\/wp\/v2\/users\/1"}],"replies":[{"embeddable":true,"href":"https:\/\/seacare.com\/sk\/wp-json\/wp\/v2\/comments?post=42118"}],"version-history":[{"count":1,"href":"https:\/\/seacare.com\/sk\/wp-json\/wp\/v2\/pages\/42118\/revisions"}],"predecessor-version":[{"id":42119,"href":"https:\/\/seacare.com\/sk\/wp-json\/wp\/v2\/pages\/42118\/revisions\/42119"}],"wp:attachment":[{"href":"https:\/\/seacare.com\/sk\/wp-json\/wp\/v2\/media?parent=42118"}],"curies":[{"name":"wp","href":"https:\/\/api.w.org\/{rel}","templated":true}]}}