{"id":42120,"date":"2021-06-04T11:58:20","date_gmt":"2021-06-04T08:58:20","guid":{"rendered":"https:\/\/seacare.com\/sk\/?page_id=42120"},"modified":"2021-06-08T15:22:57","modified_gmt":"2021-06-08T12:22:57","slug":"extrakt-alaria-esculenta","status":"publish","type":"page","link":"https:\/\/seacare.com\/sk\/extrakt-alaria-esculenta\/","title":{"rendered":"Extrakt Alaria esculenta"},"content":{"rendered":"<h1 class=\"text-head\" style=\"text-align: center;\"><span data-text-color=\"primary\">Extrakt Alaria esculenta<\/span><\/h1>\n<p>Extract Alaria esculenta (hned\u00e1 morsk\u00e1 riasa) je ekologicky certifikovan\u00fd riasov\u00fd olej, ktor\u00fd poskytuje mnoho zn\u00e1mych v\u00fdhod proti starnutiu. Extrakt Alaria Esculenta je bohat\u00fd na aminokyseliny, antioxidanty, vitam\u00edny a miner\u00e1ly. Extrakt Alaria Esculenta m\u00f4\u017ee pom\u00f4c\u0165 zlep\u0161i\u0165 zdravie a vzh\u013ead poko\u017eky.<\/p>\n","protected":false},"excerpt":{"rendered":"<p>Extrakt Alaria esculenta Extract Alaria esculenta (hned\u00e1 morsk\u00e1 riasa) je ekologicky certifikovan\u00fd riasov\u00fd olej, ktor\u00fd poskytuje mnoho zn\u00e1mych v\u00fdhod proti starnutiu. Extrakt Alaria Esculenta je bohat\u00fd na aminokyseliny, antioxidanty, vitam\u00edny a miner\u00e1ly. Extrakt Alaria Esculenta m\u00f4\u017ee pom\u00f4c\u0165 zlep\u0161i\u0165 zdravie a vzh\u013ead poko\u017eky.<\/p>\n","protected":false},"author":1,"featured_media":0,"parent":0,"menu_order":0,"comment_status":"closed","ping_status":"closed","template":"","meta":{"footnotes":""},"_links":{"self":[{"href":"https:\/\/seacare.com\/sk\/wp-json\/wp\/v2\/pages\/42120"}],"collection":[{"href":"https:\/\/seacare.com\/sk\/wp-json\/wp\/v2\/pages"}],"about":[{"href":"https:\/\/seacare.com\/sk\/wp-json\/wp\/v2\/types\/page"}],"author":[{"embeddable":true,"href":"https:\/\/seacare.com\/sk\/wp-json\/wp\/v2\/users\/1"}],"replies":[{"embeddable":true,"href":"https:\/\/seacare.com\/sk\/wp-json\/wp\/v2\/comments?post=42120"}],"version-history":[{"count":1,"href":"https:\/\/seacare.com\/sk\/wp-json\/wp\/v2\/pages\/42120\/revisions"}],"predecessor-version":[{"id":42121,"href":"https:\/\/seacare.com\/sk\/wp-json\/wp\/v2\/pages\/42120\/revisions\/42121"}],"wp:attachment":[{"href":"https:\/\/seacare.com\/sk\/wp-json\/wp\/v2\/media?parent=42120"}],"curies":[{"name":"wp","href":"https:\/\/api.w.org\/{rel}","templated":true}]}}