{"id":42122,"date":"2021-06-04T11:59:29","date_gmt":"2021-06-04T08:59:29","guid":{"rendered":"https:\/\/seacare.com\/sk\/?page_id=42122"},"modified":"2021-06-08T15:22:42","modified_gmt":"2021-06-08T12:22:42","slug":"citronovy-olej","status":"publish","type":"page","link":"https:\/\/seacare.com\/sk\/citronovy-olej\/","title":{"rendered":"Citr\u00f3nov\u00fd olej"},"content":{"rendered":"<h1 class=\"text-head\" style=\"text-align: center;\"><span data-text-color=\"primary\">Citr\u00f3nov\u00fd olej<\/span><\/h1>\n<p>Po nanesen\u00ed na poko\u017eku m\u00f4\u017ee citr\u00f3nov\u00fd olej v\u00fdrazne vylep\u0161i\u0165 jej vzh\u013ead a p\u00f4sobi\u0165 mlad\u0161ie. M\u00e1 schopnos\u0165 opravi\u0165 ochabnut\u00fa alebo matn\u00fa poko\u017eku v\u010faka adstringentn\u00e9mu a antiseptick\u00e9mu \u00fa\u010dinku. Citr\u00f3nov\u00fd olej zab\u00edja r\u00f4zne patog\u00e9ny, ktor\u00e9 \u017eij\u00fa na poko\u017eke, lie\u010dia ko\u017en\u00e9 ochorenia a akn\u00e9.<\/p>\n","protected":false},"excerpt":{"rendered":"<p>Citr\u00f3nov\u00fd olej Po nanesen\u00ed na poko\u017eku m\u00f4\u017ee citr\u00f3nov\u00fd olej v\u00fdrazne vylep\u0161i\u0165 jej vzh\u013ead a p\u00f4sobi\u0165 mlad\u0161ie. M\u00e1 schopnos\u0165 opravi\u0165 ochabnut\u00fa alebo matn\u00fa poko\u017eku v\u010faka adstringentn\u00e9mu a antiseptick\u00e9mu \u00fa\u010dinku. Citr\u00f3nov\u00fd olej zab\u00edja r\u00f4zne patog\u00e9ny, ktor\u00e9 \u017eij\u00fa na poko\u017eke, lie\u010dia ko\u017en\u00e9 ochorenia a akn\u00e9.<\/p>\n","protected":false},"author":1,"featured_media":0,"parent":0,"menu_order":0,"comment_status":"closed","ping_status":"closed","template":"","meta":{"footnotes":""},"_links":{"self":[{"href":"https:\/\/seacare.com\/sk\/wp-json\/wp\/v2\/pages\/42122"}],"collection":[{"href":"https:\/\/seacare.com\/sk\/wp-json\/wp\/v2\/pages"}],"about":[{"href":"https:\/\/seacare.com\/sk\/wp-json\/wp\/v2\/types\/page"}],"author":[{"embeddable":true,"href":"https:\/\/seacare.com\/sk\/wp-json\/wp\/v2\/users\/1"}],"replies":[{"embeddable":true,"href":"https:\/\/seacare.com\/sk\/wp-json\/wp\/v2\/comments?post=42122"}],"version-history":[{"count":1,"href":"https:\/\/seacare.com\/sk\/wp-json\/wp\/v2\/pages\/42122\/revisions"}],"predecessor-version":[{"id":42123,"href":"https:\/\/seacare.com\/sk\/wp-json\/wp\/v2\/pages\/42122\/revisions\/42123"}],"wp:attachment":[{"href":"https:\/\/seacare.com\/sk\/wp-json\/wp\/v2\/media?parent=42122"}],"curies":[{"name":"wp","href":"https:\/\/api.w.org\/{rel}","templated":true}]}}