{"id":42124,"date":"2021-06-04T12:00:28","date_gmt":"2021-06-04T09:00:28","guid":{"rendered":"https:\/\/seacare.com\/sk\/?page_id=42124"},"modified":"2021-06-08T15:24:14","modified_gmt":"2021-06-08T12:24:14","slug":"pomarancovy-olej","status":"publish","type":"page","link":"https:\/\/seacare.com\/sk\/pomarancovy-olej\/","title":{"rendered":"Pomaran\u010dov\u00fd olej"},"content":{"rendered":"<h1 class=\"text-head\" style=\"text-align: center;\"><span data-text-color=\"primary\">Pomaran\u010dov\u00fd olej<\/span><\/h1>\n<p>Sladk\u00fd pomaran\u010d alebo citrus sinensis je ovocie, ktor\u00e9 produkuje tento zdrav\u00fd olej, ktor\u00fd sa v\u010faka svojej ar\u00f3me a antioxida\u010dn\u00fdm a antiseptick\u00fdm vlastnostiam be\u017ene pou\u017e\u00edva v r\u00f4znych v\u00fdrobkoch na starostlivos\u0165 o poko\u017eku. V\u00fdhodou pomaran\u010dov\u00e9ho oleja je ochrana poko\u017eky pred vo\u013en\u00fdmi radik\u00e1lmi a lie\u010denie akn\u00e9.<\/p>\n","protected":false},"excerpt":{"rendered":"<p>Pomaran\u010dov\u00fd olej Sladk\u00fd pomaran\u010d alebo citrus sinensis je ovocie, ktor\u00e9 produkuje tento zdrav\u00fd olej, ktor\u00fd sa v\u010faka svojej ar\u00f3me a antioxida\u010dn\u00fdm a antiseptick\u00fdm vlastnostiam be\u017ene pou\u017e\u00edva v r\u00f4znych v\u00fdrobkoch na starostlivos\u0165 o poko\u017eku. V\u00fdhodou pomaran\u010dov\u00e9ho oleja je ochrana poko\u017eky pred vo\u013en\u00fdmi radik\u00e1lmi a lie\u010denie akn\u00e9.<\/p>\n","protected":false},"author":1,"featured_media":0,"parent":0,"menu_order":0,"comment_status":"closed","ping_status":"closed","template":"","meta":{"footnotes":""},"_links":{"self":[{"href":"https:\/\/seacare.com\/sk\/wp-json\/wp\/v2\/pages\/42124"}],"collection":[{"href":"https:\/\/seacare.com\/sk\/wp-json\/wp\/v2\/pages"}],"about":[{"href":"https:\/\/seacare.com\/sk\/wp-json\/wp\/v2\/types\/page"}],"author":[{"embeddable":true,"href":"https:\/\/seacare.com\/sk\/wp-json\/wp\/v2\/users\/1"}],"replies":[{"embeddable":true,"href":"https:\/\/seacare.com\/sk\/wp-json\/wp\/v2\/comments?post=42124"}],"version-history":[{"count":1,"href":"https:\/\/seacare.com\/sk\/wp-json\/wp\/v2\/pages\/42124\/revisions"}],"predecessor-version":[{"id":42125,"href":"https:\/\/seacare.com\/sk\/wp-json\/wp\/v2\/pages\/42124\/revisions\/42125"}],"wp:attachment":[{"href":"https:\/\/seacare.com\/sk\/wp-json\/wp\/v2\/media?parent=42124"}],"curies":[{"name":"wp","href":"https:\/\/api.w.org\/{rel}","templated":true}]}}