{"id":42126,"date":"2021-06-04T12:01:26","date_gmt":"2021-06-04T09:01:26","guid":{"rendered":"https:\/\/seacare.com\/sk\/?page_id=42126"},"modified":"2021-06-08T15:24:29","modified_gmt":"2021-06-08T12:24:29","slug":"sipkovy-olej","status":"publish","type":"page","link":"https:\/\/seacare.com\/sk\/sipkovy-olej\/","title":{"rendered":"\u0160\u00edpkov\u00fd olej"},"content":{"rendered":"<h1 class=\"text-head\" style=\"text-align: center;\"><span data-text-color=\"primary\">\u0160\u00edpkov\u00fd olej<\/span><\/h1>\n<p>\u0160\u00edpkov\u00fd olej je super produkt, ktor\u00fd pon\u00faka mnoho v\u00fdhod pre v\u0161etky typy pleti, od zosvetlenia poko\u017eky po zlep\u0161enie \u00farovne vlhkosti a pru\u017enosti. Sklad\u00e1 sa z takmer 89% esenci\u00e1lnych mastn\u00fdch kysel\u00edn vr\u00e1tane omega-3, omega-6 a omega-9, ktor\u00e9 stimuluj\u00fa regener\u00e1ciu a nov\u00fa produkciu kolag\u00e9nu a elast\u00ednu.<\/p>\n","protected":false},"excerpt":{"rendered":"<p>\u0160\u00edpkov\u00fd olej \u0160\u00edpkov\u00fd olej je super produkt, ktor\u00fd pon\u00faka mnoho v\u00fdhod pre v\u0161etky typy pleti, od zosvetlenia poko\u017eky po zlep\u0161enie \u00farovne vlhkosti a pru\u017enosti. Sklad\u00e1 sa z takmer 89% esenci\u00e1lnych mastn\u00fdch kysel\u00edn vr\u00e1tane omega-3, omega-6 a omega-9, ktor\u00e9 stimuluj\u00fa regener\u00e1ciu a nov\u00fa produkciu kolag\u00e9nu a elast\u00ednu.<\/p>\n","protected":false},"author":1,"featured_media":0,"parent":0,"menu_order":0,"comment_status":"closed","ping_status":"closed","template":"","meta":{"footnotes":""},"_links":{"self":[{"href":"https:\/\/seacare.com\/sk\/wp-json\/wp\/v2\/pages\/42126"}],"collection":[{"href":"https:\/\/seacare.com\/sk\/wp-json\/wp\/v2\/pages"}],"about":[{"href":"https:\/\/seacare.com\/sk\/wp-json\/wp\/v2\/types\/page"}],"author":[{"embeddable":true,"href":"https:\/\/seacare.com\/sk\/wp-json\/wp\/v2\/users\/1"}],"replies":[{"embeddable":true,"href":"https:\/\/seacare.com\/sk\/wp-json\/wp\/v2\/comments?post=42126"}],"version-history":[{"count":1,"href":"https:\/\/seacare.com\/sk\/wp-json\/wp\/v2\/pages\/42126\/revisions"}],"predecessor-version":[{"id":42127,"href":"https:\/\/seacare.com\/sk\/wp-json\/wp\/v2\/pages\/42126\/revisions\/42127"}],"wp:attachment":[{"href":"https:\/\/seacare.com\/sk\/wp-json\/wp\/v2\/media?parent=42126"}],"curies":[{"name":"wp","href":"https:\/\/api.w.org\/{rel}","templated":true}]}}