{"id":42128,"date":"2021-06-04T12:02:30","date_gmt":"2021-06-04T09:02:30","guid":{"rendered":"https:\/\/seacare.com\/sk\/?page_id=42128"},"modified":"2021-06-08T15:24:23","modified_gmt":"2021-06-08T12:24:23","slug":"ryzovy-puder","status":"publish","type":"page","link":"https:\/\/seacare.com\/sk\/ryzovy-puder\/","title":{"rendered":"Ry\u017eov\u00fd p\u00fader"},"content":{"rendered":"<h1 class=\"text-head\" style=\"text-align: center;\"><span data-text-color=\"primary\">Ry\u017eov\u00fd p\u00fader<\/span><\/h1>\n<p>Ry\u017eov\u00fd p\u00fader obsahuje ve\u013ea vitam\u00ednov a miner\u00e1lov, ktor\u00e9 v\u00e1m pom\u00f4\u017eu dosiahnu\u0165 \u010dist\u00fa a bezchybn\u00fa poko\u017eku. Ry\u017eov\u00fd pr\u00e1\u0161ok m\u00e1 zrnit\u00fa povahu, tak\u017ee je schopn\u00fd poko\u017eku odlupova\u0165 a zanecha\u0165 ju tak hebk\u00fa a pru\u017en\u00fa na dotyk. M\u00f4\u017ee sa pou\u017ei\u0165 na zosvetlenie poko\u017eky, najm\u00e4 ak trp\u00edte sfarben\u00edm alebo hyperpigment\u00e1ciou.<\/p>\n","protected":false},"excerpt":{"rendered":"<p>Ry\u017eov\u00fd p\u00fader Ry\u017eov\u00fd p\u00fader obsahuje ve\u013ea vitam\u00ednov a miner\u00e1lov, ktor\u00e9 v\u00e1m pom\u00f4\u017eu dosiahnu\u0165 \u010dist\u00fa a bezchybn\u00fa poko\u017eku. Ry\u017eov\u00fd pr\u00e1\u0161ok m\u00e1 zrnit\u00fa povahu, tak\u017ee je schopn\u00fd poko\u017eku odlupova\u0165 a zanecha\u0165 ju tak hebk\u00fa a pru\u017en\u00fa na dotyk. M\u00f4\u017ee sa pou\u017ei\u0165 na zosvetlenie poko\u017eky, najm\u00e4 ak trp\u00edte sfarben\u00edm alebo hyperpigment\u00e1ciou.<\/p>\n","protected":false},"author":1,"featured_media":0,"parent":0,"menu_order":0,"comment_status":"closed","ping_status":"closed","template":"","meta":{"footnotes":""},"_links":{"self":[{"href":"https:\/\/seacare.com\/sk\/wp-json\/wp\/v2\/pages\/42128"}],"collection":[{"href":"https:\/\/seacare.com\/sk\/wp-json\/wp\/v2\/pages"}],"about":[{"href":"https:\/\/seacare.com\/sk\/wp-json\/wp\/v2\/types\/page"}],"author":[{"embeddable":true,"href":"https:\/\/seacare.com\/sk\/wp-json\/wp\/v2\/users\/1"}],"replies":[{"embeddable":true,"href":"https:\/\/seacare.com\/sk\/wp-json\/wp\/v2\/comments?post=42128"}],"version-history":[{"count":1,"href":"https:\/\/seacare.com\/sk\/wp-json\/wp\/v2\/pages\/42128\/revisions"}],"predecessor-version":[{"id":42129,"href":"https:\/\/seacare.com\/sk\/wp-json\/wp\/v2\/pages\/42128\/revisions\/42129"}],"wp:attachment":[{"href":"https:\/\/seacare.com\/sk\/wp-json\/wp\/v2\/media?parent=42128"}],"curies":[{"name":"wp","href":"https:\/\/api.w.org\/{rel}","templated":true}]}}