{"id":42130,"date":"2021-06-04T12:03:27","date_gmt":"2021-06-04T09:03:27","guid":{"rendered":"https:\/\/seacare.com\/sk\/?page_id=42130"},"modified":"2021-06-08T15:23:02","modified_gmt":"2021-06-08T12:23:02","slug":"extrakt-z-shandra-vulgaris","status":"publish","type":"page","link":"https:\/\/seacare.com\/sk\/extrakt-z-shandra-vulgaris\/","title":{"rendered":"Extrakt z Shandra vulgaris"},"content":{"rendered":"<h1 class=\"text-head\" style=\"text-align: center;\"><span data-text-color=\"primary\">Extrakt z Shandra vulgaris<\/span><\/h1>\n<p>Shandra vulgaris alebo konsk\u00e1 m\u00e4ta je lie\u010div\u00e1 bylina patriaca do \u010de\u013eade Lambiaceae (Labiata). Extrakt z rastliny Shandra vulgaris pom\u00e1ha zni\u017eova\u0165 lipidy a hladinu cukru v krvi, \u010do vedie k \u017eivotne d\u00f4le\u017eitej ochrane a omladeniu poko\u017eky.<\/p>\n","protected":false},"excerpt":{"rendered":"<p>Extrakt z Shandra vulgaris Shandra vulgaris alebo konsk\u00e1 m\u00e4ta je lie\u010div\u00e1 bylina patriaca do \u010de\u013eade Lambiaceae (Labiata). Extrakt z rastliny Shandra vulgaris pom\u00e1ha zni\u017eova\u0165 lipidy a hladinu cukru v krvi, \u010do vedie k \u017eivotne d\u00f4le\u017eitej ochrane a omladeniu poko\u017eky.<\/p>\n","protected":false},"author":1,"featured_media":0,"parent":0,"menu_order":0,"comment_status":"closed","ping_status":"closed","template":"","meta":{"footnotes":""},"_links":{"self":[{"href":"https:\/\/seacare.com\/sk\/wp-json\/wp\/v2\/pages\/42130"}],"collection":[{"href":"https:\/\/seacare.com\/sk\/wp-json\/wp\/v2\/pages"}],"about":[{"href":"https:\/\/seacare.com\/sk\/wp-json\/wp\/v2\/types\/page"}],"author":[{"embeddable":true,"href":"https:\/\/seacare.com\/sk\/wp-json\/wp\/v2\/users\/1"}],"replies":[{"embeddable":true,"href":"https:\/\/seacare.com\/sk\/wp-json\/wp\/v2\/comments?post=42130"}],"version-history":[{"count":1,"href":"https:\/\/seacare.com\/sk\/wp-json\/wp\/v2\/pages\/42130\/revisions"}],"predecessor-version":[{"id":42131,"href":"https:\/\/seacare.com\/sk\/wp-json\/wp\/v2\/pages\/42130\/revisions\/42131"}],"wp:attachment":[{"href":"https:\/\/seacare.com\/sk\/wp-json\/wp\/v2\/media?parent=42130"}],"curies":[{"name":"wp","href":"https:\/\/api.w.org\/{rel}","templated":true}]}}