{"id":42132,"date":"2021-06-04T12:04:35","date_gmt":"2021-06-04T09:04:35","guid":{"rendered":"https:\/\/seacare.com\/sk\/?page_id=42132"},"modified":"2021-06-08T15:24:42","modified_gmt":"2021-06-08T12:24:42","slug":"vytazok-z-vseliek-hojivy-peucedanum-ostruthium","status":"publish","type":"page","link":"https:\/\/seacare.com\/sk\/vytazok-z-vseliek-hojivy-peucedanum-ostruthium\/","title":{"rendered":"V\u00fd\u0165a\u017eok z V\u0161eliek hoj\u00edvy (Peucedanum ostruthium)"},"content":{"rendered":"<h1 class=\"text-head\" style=\"text-align: center;\"><span data-text-color=\"primary\">V\u00fd\u0165a\u017eok z V\u0161eliek hoj\u00edvy (Peucedanum ostruthium)<\/span><\/h1>\n<p>Bylinn\u00fd v\u00fd\u0165a\u017eok V\u0161eliek hoj\u00edvy (kore\u0148) m\u00e1 omladzuj\u00face vlastnosti. Pou\u017e\u00edva sa na obnovenie mladosti, hojenie r\u00e1n. Extrakt V\u0161eliek hoj\u00edvy (Peucedanum ostruthium) upokojuje a lie\u010di poko\u017eku, zmier\u0148uje nap\u00e4tie a podr\u00e1\u017edenie poko\u017eky. Od stredoveku ho Rimania naz\u00fdvali \u201ebo\u017esk\u00fdm liekom\u201c.<\/p>\n","protected":false},"excerpt":{"rendered":"<p>V\u00fd\u0165a\u017eok z V\u0161eliek hoj\u00edvy (Peucedanum ostruthium) Bylinn\u00fd v\u00fd\u0165a\u017eok V\u0161eliek hoj\u00edvy (kore\u0148) m\u00e1 omladzuj\u00face vlastnosti. Pou\u017e\u00edva sa na obnovenie mladosti, hojenie r\u00e1n. Extrakt V\u0161eliek hoj\u00edvy (Peucedanum ostruthium) upokojuje a lie\u010di poko\u017eku, zmier\u0148uje nap\u00e4tie a podr\u00e1\u017edenie poko\u017eky. Od stredoveku ho Rimania naz\u00fdvali \u201ebo\u017esk\u00fdm liekom\u201c.<\/p>\n","protected":false},"author":1,"featured_media":0,"parent":0,"menu_order":0,"comment_status":"closed","ping_status":"closed","template":"","meta":{"footnotes":""},"_links":{"self":[{"href":"https:\/\/seacare.com\/sk\/wp-json\/wp\/v2\/pages\/42132"}],"collection":[{"href":"https:\/\/seacare.com\/sk\/wp-json\/wp\/v2\/pages"}],"about":[{"href":"https:\/\/seacare.com\/sk\/wp-json\/wp\/v2\/types\/page"}],"author":[{"embeddable":true,"href":"https:\/\/seacare.com\/sk\/wp-json\/wp\/v2\/users\/1"}],"replies":[{"embeddable":true,"href":"https:\/\/seacare.com\/sk\/wp-json\/wp\/v2\/comments?post=42132"}],"version-history":[{"count":1,"href":"https:\/\/seacare.com\/sk\/wp-json\/wp\/v2\/pages\/42132\/revisions"}],"predecessor-version":[{"id":42133,"href":"https:\/\/seacare.com\/sk\/wp-json\/wp\/v2\/pages\/42132\/revisions\/42133"}],"wp:attachment":[{"href":"https:\/\/seacare.com\/sk\/wp-json\/wp\/v2\/media?parent=42132"}],"curies":[{"name":"wp","href":"https:\/\/api.w.org\/{rel}","templated":true}]}}