{"id":42134,"date":"2021-06-04T12:05:39","date_gmt":"2021-06-04T09:05:39","guid":{"rendered":"https:\/\/seacare.com\/sk\/?page_id=42134"},"modified":"2021-06-08T15:23:00","modified_gmt":"2021-06-08T12:23:00","slug":"extrakt-z-pagastanu-konskeho","status":"publish","type":"page","link":"https:\/\/seacare.com\/sk\/extrakt-z-pagastanu-konskeho\/","title":{"rendered":"Extrakt z Paga\u0161tanu konsk\u00e9ho"},"content":{"rendered":"<h1 class=\"text-head\" style=\"text-align: center;\"><span data-text-color=\"primary\">Extrakt z Paga\u0161tanu konsk\u00e9ho<\/span><\/h1>\n<p>Extrakt z Paga\u0161tanu konsk\u00e9ho je vhodn\u00fd na starostlivos\u0165 o poko\u017eku, zvy\u0161uje pru\u017enos\u0165 ciev a cievnych stien, ochra\u0148uje cievy a p\u00f4sob\u00ed protiz\u00e1palovo, m\u00e1 pozit\u00edvny vplyv na \u017eilov\u00e9 funkcie. Pr\u00edrodn\u00e1 latka aesc\u00edn vo forme extraktu z Paga\u0161tanu konsk\u00e9ho bola d\u00f4kladne presk\u00faman\u00e1 pre jej priazniv\u00e9 \u00fa\u010dinky.<\/p>\n","protected":false},"excerpt":{"rendered":"<p>Extrakt z Paga\u0161tanu konsk\u00e9ho Extrakt z Paga\u0161tanu konsk\u00e9ho je vhodn\u00fd na starostlivos\u0165 o poko\u017eku, zvy\u0161uje pru\u017enos\u0165 ciev a cievnych stien, ochra\u0148uje cievy a p\u00f4sob\u00ed protiz\u00e1palovo, m\u00e1 pozit\u00edvny vplyv na \u017eilov\u00e9 funkcie. Pr\u00edrodn\u00e1 latka aesc\u00edn vo forme extraktu z Paga\u0161tanu konsk\u00e9ho bola d\u00f4kladne presk\u00faman\u00e1 pre jej priazniv\u00e9 \u00fa\u010dinky.<\/p>\n","protected":false},"author":1,"featured_media":0,"parent":0,"menu_order":0,"comment_status":"closed","ping_status":"closed","template":"","meta":{"footnotes":""},"_links":{"self":[{"href":"https:\/\/seacare.com\/sk\/wp-json\/wp\/v2\/pages\/42134"}],"collection":[{"href":"https:\/\/seacare.com\/sk\/wp-json\/wp\/v2\/pages"}],"about":[{"href":"https:\/\/seacare.com\/sk\/wp-json\/wp\/v2\/types\/page"}],"author":[{"embeddable":true,"href":"https:\/\/seacare.com\/sk\/wp-json\/wp\/v2\/users\/1"}],"replies":[{"embeddable":true,"href":"https:\/\/seacare.com\/sk\/wp-json\/wp\/v2\/comments?post=42134"}],"version-history":[{"count":1,"href":"https:\/\/seacare.com\/sk\/wp-json\/wp\/v2\/pages\/42134\/revisions"}],"predecessor-version":[{"id":42135,"href":"https:\/\/seacare.com\/sk\/wp-json\/wp\/v2\/pages\/42134\/revisions\/42135"}],"wp:attachment":[{"href":"https:\/\/seacare.com\/sk\/wp-json\/wp\/v2\/media?parent=42134"}],"curies":[{"name":"wp","href":"https:\/\/api.w.org\/{rel}","templated":true}]}}