{"id":42140,"date":"2021-06-04T12:33:59","date_gmt":"2021-06-04T09:33:59","guid":{"rendered":"https:\/\/seacare.com\/sk\/?page_id=42140"},"modified":"2021-06-08T15:24:34","modified_gmt":"2021-06-08T12:24:34","slug":"stante-sa-distributorom","status":"publish","type":"page","link":"https:\/\/seacare.com\/sk\/stante-sa-distributorom\/","title":{"rendered":"Sta\u0148te sa distrib\u00fatorom"},"content":{"rendered":"<h1 class=\"text-head\"><span data-text-color=\"primary\">Sta\u0148te sa distrib\u00fatorom kozmetick\u00fdch v\u00fdrobkov SeaCare<\/span><\/h1>\n<p>Uk\u00e1\u017ete mi osobu, ktor\u00e1 by nechcela ma\u0165 ziskov\u00fd obchod. Takmer ka\u017ed\u00fd chce dosta\u0165 do r\u00fak pr\u00edle\u017eitos\u0165, ktor\u00e1 by prin\u00e1\u0161ala mesa\u010dn\u00fd zisk. Ak ste odborn\u00edkom na kr\u00e1su a starostlivos\u0165 o ple\u0165, m\u00f4\u017eete sa sta\u0165 nez\u00e1visl\u00fdm distrib\u00fatorom produktov SeaCare.<\/p>\n<p>Jedn\u00fdm z hlavn\u00fdch kozmetick\u00fdch v\u00fdrobkov, ktor\u00e9 dnes z\u00edskavaj\u00fa popularitu na trhu, s\u00fa kozmetick\u00e9 v\u00fdrobky z M\u0155tveho mora. V tejto situ\u00e1cii m\u00e1te mo\u017enos\u0165 zarobi\u0165 si peniaze na popularite a dopyte po kozmetick\u00fdch v\u00fdrobkoch SeaCare.<\/p>\n<p>V pr\u00edpade, \u017ee sa stanete distrib\u00fatorom kozmetiky z M\u0155tveho mora SeaCare, z\u00edskate r\u00f4zne finan\u010dn\u00e9 aj soci\u00e1lne v\u00fdhody. Finan\u010dne z\u00edskate ve\u013ekoobchodn\u00e9 ceny plus \u010fal\u0161ie z\u013eavy na ve\u013ek\u00e9 objedn\u00e1vky. V soci\u00e1lnom aspekte z\u00edskate pr\u00edle\u017eitos\u0165 stretn\u00fa\u0165 sa s nov\u00fdmi \u013eu\u010fmi a roz\u0161\u00edri\u0165 svoje obchodn\u00e9 kontakty, \u010do pom\u00f4\u017ee zv\u00fd\u0161i\u0165 v\u00e1\u0161 pr\u00edjem.<\/p>\n<p>Ako v\u00fdrobca jedn\u00fdch z najlep\u0161\u00edch kozmetick\u00fdch produktov starostlivosti o ple\u0165 neust\u00e1le kladieme d\u00f4raz na rozvoj vz\u0165ahov s na\u0161imi potenci\u00e1lnymi distrib\u00fatormi. V pr\u00edpade, \u017ee by ste sa radi stali distrib\u00fatorom produktov SeaCare, po\u0161lite n\u00e1m e-mail na adresu sales@seacare.com. V spr\u00e1ve pros\u00edm uve\u010fte nasleduj\u00face inform\u00e1cie:<\/p>\n<div role=\"form\" class=\"wpcf7\" id=\"wpcf7-f42142-o1\" lang=\"ru-RU\" dir=\"ltr\">\n<div class=\"screen-reader-response\"><\/div>\n<form action=\"\/sk\/wp-json\/wp\/v2\/pages\/42140#wpcf7-f42142-o1\" method=\"post\" class=\"wpcf7-form\" novalidate=\"novalidate\">\n<div style=\"display: none;\">\n<input type=\"hidden\" name=\"_wpcf7\" value=\"42142\" \/>\n<input type=\"hidden\" name=\"_wpcf7_version\" value=\"5.1.7\" \/>\n<input type=\"hidden\" name=\"_wpcf7_locale\" value=\"ru_RU\" \/>\n<input type=\"hidden\" name=\"_wpcf7_unit_tag\" value=\"wpcf7-f42142-o1\" \/>\n<input type=\"hidden\" name=\"_wpcf7_container_post\" value=\"0\" \/>\n<\/div>\n<p><label> Va\u0161e meno (povinn\u00e9)<br \/>\n    <span class=\"wpcf7-form-control-wrap your-name\"><input type=\"text\" name=\"your-name\" value=\"\" size=\"40\" class=\"wpcf7-form-control wpcf7-text wpcf7-validates-as-required\" aria-required=\"true\" aria-invalid=\"false\" \/><\/span> <\/label><\/p>\n<p><label> Va\u0161a e-mailov\u00e1 adresa (povinn\u00e9)<br \/>\n    <span class=\"wpcf7-form-control-wrap your-email\"><input type=\"email\" name=\"your-email\" value=\"\" size=\"40\" class=\"wpcf7-form-control wpcf7-text wpcf7-email wpcf7-validates-as-required wpcf7-validates-as-email\" aria-required=\"true\" aria-invalid=\"false\" \/><\/span> <\/label><\/p>\n<p><label> Kontaktn\u00e9 telef\u00f3nne \u010d\u00edslo (povinn\u00e9)<\/p>\n<p><span class=\"wpcf7-form-control-wrap tel-978\"><input type=\"tel\" name=\"tel-978\" value=\"\" size=\"40\" class=\"wpcf7-form-control wpcf7-text wpcf7-tel wpcf7-validates-as-required wpcf7-validates-as-tel\" aria-required=\"true\" aria-invalid=\"false\" \/><\/span><\/label><\/p>\n<p><label> N\u00e1zov spolo\u010dnosti (povinn\u00e9)<\/p>\n<p><span class=\"wpcf7-form-control-wrap text-560\"><input type=\"text\" name=\"text-560\" value=\"\" size=\"40\" class=\"wpcf7-form-control wpcf7-text wpcf7-validates-as-required\" aria-required=\"true\" aria-invalid=\"false\" \/><\/span><\/label><\/p>\n<p><label> Adresa spolo\u010dnosti<\/p>\n<p><span class=\"wpcf7-form-control-wrap text-561\"><input type=\"text\" name=\"text-561\" value=\"\" size=\"40\" class=\"wpcf7-form-control wpcf7-text wpcf7-validates-as-required\" aria-required=\"true\" aria-invalid=\"false\" \/><\/span><\/label><\/p>\n<p><label> Spr\u00e1va<br \/>\n    <span class=\"wpcf7-form-control-wrap your-message\"><textarea name=\"your-message\" cols=\"40\" rows=\"10\" class=\"wpcf7-form-control wpcf7-textarea\" aria-invalid=\"false\"><\/textarea><\/span> <\/label><\/p>\n<p><input type=\"submit\" value=\"ODOSLA\u0164\" class=\"wpcf7-form-control wpcf7-submit\" \/><\/p>\n<div id =\"one\">\n<span class=\"wpcf7-form-control-wrap acceptance\"><span class=\"wpcf7-form-control wpcf7-acceptance\"><span class=\"wpcf7-list-item\"><input type=\"checkbox\" name=\"acceptance\" value=\"1\" aria-invalid=\"false\" checked=\"checked\" \/><\/span><\/span><\/span>S\u00fahlas\u00edm s <a href=\"\/ru\/soglashenie-na-obrabotku-personalnyx-dannyx\/\">podmienkami spracovania osobn\u00fdch \u00fadajov<\/a>\n<\/div>\n<style>\n#one input:last-child {\nfloat:left;\n}\n<\/style>\n<p style=\"display: none !important;\"><label>&#916;<textarea name=\"_wpcf7_ak_hp_textarea\" cols=\"45\" rows=\"8\" maxlength=\"100\"><\/textarea><\/label><input type=\"hidden\" id=\"ak_js_1\" name=\"_wpcf7_ak_js\" value=\"86\"\/><script>document.getElementById( \"ak_js_1\" ).setAttribute( \"value\", ( new Date() ).getTime() );<\/script><\/p><div class=\"wpcf7-response-output wpcf7-display-none\"><\/div><\/form><\/div>\n<p style=\"text-align: center;\">Te\u0161\u00edme sa na spolupr\u00e1cu!<\/p>\n    <div class=\"img has-hover x md-x lg-x y md-y lg-y\" id=\"image_32884824\">\n                <div class=\"img-inner dark\" >\n        <img loading=\"lazy\" decoding=\"async\" width=\"1020\" height=\"95\" src=\"https:\/\/seacare.com\/wp-content\/uploads\/2020\/10\/\u041b\u043e\u0433\u043e\u0442\u0438\u043f-\u0434\u043b\u044f-\u0421\u0430\u0438\u0306\u0442\u0430-SeaCare-\u043a\u043e\u043f\u0438\u044f-1400x130.png\" class=\"attachment-large size-large\" alt=\"Logo for the SeaCare Website\" srcset=\"https:\/\/seacare.com\/wp-content\/uploads\/2020\/10\/\u041b\u043e\u0433\u043e\u0442\u0438\u043f-\u0434\u043b\u044f-\u0421\u0430\u0438\u0306\u0442\u0430-SeaCare-\u043a\u043e\u043f\u0438\u044f-1400x130.png 1400w, https:\/\/seacare.com\/wp-content\/uploads\/2020\/10\/\u041b\u043e\u0433\u043e\u0442\u0438\u043f-\u0434\u043b\u044f-\u0421\u0430\u0438\u0306\u0442\u0430-SeaCare-\u043a\u043e\u043f\u0438\u044f-800x74.png 800w, https:\/\/seacare.com\/wp-content\/uploads\/2020\/10\/\u041b\u043e\u0433\u043e\u0442\u0438\u043f-\u0434\u043b\u044f-\u0421\u0430\u0438\u0306\u0442\u0430-SeaCare-\u043a\u043e\u043f\u0438\u044f-768x71.png 768w\" sizes=\"(max-width: 1020px) 100vw, 1020px\" \/>                \n            <\/div>\n                   \n<style scope=\"scope\">\n\n<\/style>\n    <\/div>\n    \n    <div class=\"img has-hover x md-x lg-x y md-y lg-y\" id=\"image_1074485736\">\n                <div class=\"img-inner dark\" >\n                        \n            <\/div>\n                   \n<style scope=\"scope\">\n\n<\/style>\n    <\/div>\n    \n","protected":false},"excerpt":{"rendered":"<p>Sta\u0148te sa distrib\u00fatorom kozmetick\u00fdch v\u00fdrobkov SeaCare Uk\u00e1\u017ete mi osobu, ktor\u00e1 by nechcela ma\u0165 ziskov\u00fd obchod. Takmer ka\u017ed\u00fd chce dosta\u0165 do r\u00fak pr\u00edle\u017eitos\u0165, ktor\u00e1 by prin\u00e1\u0161ala mesa\u010dn\u00fd zisk. Ak ste odborn\u00edkom na kr\u00e1su a starostlivos\u0165 o ple\u0165, m\u00f4\u017eete sa sta\u0165 nez\u00e1visl\u00fdm distrib\u00fatorom produktov SeaCare. Jedn\u00fdm z hlavn\u00fdch kozmetick\u00fdch v\u00fdrobkov, ktor\u00e9 dnes z\u00edskavaj\u00fa popularitu na trhu, s\u00fa [&hellip;]\n","protected":false},"author":1,"featured_media":0,"parent":0,"menu_order":0,"comment_status":"closed","ping_status":"closed","template":"","meta":{"footnotes":""},"_links":{"self":[{"href":"https:\/\/seacare.com\/sk\/wp-json\/wp\/v2\/pages\/42140"}],"collection":[{"href":"https:\/\/seacare.com\/sk\/wp-json\/wp\/v2\/pages"}],"about":[{"href":"https:\/\/seacare.com\/sk\/wp-json\/wp\/v2\/types\/page"}],"author":[{"embeddable":true,"href":"https:\/\/seacare.com\/sk\/wp-json\/wp\/v2\/users\/1"}],"replies":[{"embeddable":true,"href":"https:\/\/seacare.com\/sk\/wp-json\/wp\/v2\/comments?post=42140"}],"version-history":[{"count":4,"href":"https:\/\/seacare.com\/sk\/wp-json\/wp\/v2\/pages\/42140\/revisions"}],"predecessor-version":[{"id":42145,"href":"https:\/\/seacare.com\/sk\/wp-json\/wp\/v2\/pages\/42140\/revisions\/42145"}],"wp:attachment":[{"href":"https:\/\/seacare.com\/sk\/wp-json\/wp\/v2\/media?parent=42140"}],"curies":[{"name":"wp","href":"https:\/\/api.w.org\/{rel}","templated":true}]}}