{"id":42146,"date":"2021-06-04T12:36:18","date_gmt":"2021-06-04T09:36:18","guid":{"rendered":"https:\/\/seacare.com\/sk\/?page_id=42146"},"modified":"2021-06-08T15:24:06","modified_gmt":"2021-06-08T12:24:06","slug":"o-spolocnosti","status":"publish","type":"page","link":"https:\/\/seacare.com\/sk\/o-spolocnosti\/","title":{"rendered":"O Spolo\u010dnosti"},"content":{"rendered":"\n  <div class=\"banner has-hover\" id=\"banner-1599388458\">\n          <div class=\"banner-inner fill\">\n        <div class=\"banner-bg fill\" >\n            <div class=\"bg fill bg-fill \"><\/div>\n                                    \n                    <\/div><!-- bg-layers -->\n        <div class=\"banner-layers container\">\n            <div class=\"fill banner-link\"><\/div>            \n   <div id=\"text-box-699510351\" class=\"text-box banner-layer x0 md-x0 lg-x0 y0 md-y0 lg-y0 res-text\">\n                                <div class=\"text dark\">\n              \n              <div class=\"text-inner text-center\">\n                  \n<h2 class=\"lead\"><\/h2>\n              <\/div>\n           <\/div><!-- text-box-inner -->\n                            \n<style scope=\"scope\">\n\n#text-box-699510351 {\n  width: 55%;\n}\n#text-box-699510351 .text {\n  font-size: 100%;\n}\n<\/style>\n    <\/div><!-- text-box -->\n \n   <div id=\"text-box-282870962\" class=\"text-box banner-layer x0 md-x0 lg-x0 y0 md-y0 lg-y0 res-text\">\n                                <div class=\"text dark\">\n              \n              <div class=\"text-inner text-center\">\n                  \n<h2 class=\"lead\"><\/h2>\n              <\/div>\n           <\/div><!-- text-box-inner -->\n                            \n<style scope=\"scope\">\n\n#text-box-282870962 {\n  width: 55%;\n}\n#text-box-282870962 .text {\n  font-size: 100%;\n}\n<\/style>\n    <\/div><!-- text-box -->\n \n        <\/div><!-- .banner-layers -->\n      <\/div><!-- .banner-inner -->\n\n              <div class=\"height-fix is-invisible\"><img loading=\"lazy\" decoding=\"async\" width=\"1400\" height=\"441\" src=\"https:\/\/seacare.com\/wp-content\/uploads\/2021\/03\/\u0431\u0430\u043d\u043d\u0435\u0440-\u0438\u043d\u0444\u043e\u0440\u043c\u0430\u0446\u0438\u044f.jpg\" class=\"attachment-orginal size-orginal\" alt=\"\" srcset=\"https:\/\/seacare.com\/wp-content\/uploads\/2021\/03\/\u0431\u0430\u043d\u043d\u0435\u0440-\u0438\u043d\u0444\u043e\u0440\u043c\u0430\u0446\u0438\u044f.jpg 1400w, https:\/\/seacare.com\/wp-content\/uploads\/2021\/03\/\u0431\u0430\u043d\u043d\u0435\u0440-\u0438\u043d\u0444\u043e\u0440\u043c\u0430\u0446\u0438\u044f-800x252.jpg 800w, https:\/\/seacare.com\/wp-content\/uploads\/2021\/03\/\u0431\u0430\u043d\u043d\u0435\u0440-\u0438\u043d\u0444\u043e\u0440\u043c\u0430\u0446\u0438\u044f-768x242.jpg 768w\" sizes=\"(max-width: 1400px) 100vw, 1400px\" \/><\/div>\n            \n<style scope=\"scope\">\n\n#banner-1599388458 .bg.bg-loaded {\n  background-image: url(https:\/\/seacare.com\/wp-content\/uploads\/2021\/03\/\u0431\u0430\u043d\u043d\u0435\u0440-\u0438\u043d\u0444\u043e\u0440\u043c\u0430\u0446\u0438\u044f.jpg);\n}\n<\/style>\n  <\/div><!-- .banner -->\n\n\n<div class=\"row\"  id=\"row-1108080245\">\n<div class=\"col small-12 large-12\"  ><div class=\"col-inner\"  >\n<p><strong>SeaCare Group <\/strong>je medzin\u00e1rodn\u00e1 kozmetick\u00e1 spolo\u010dnos\u0165 so s\u00eddlom v Toronte, Ontario, Kanada. Spolo\u010dnos\u0165 vyr\u00e1ba, distribuuje a pred\u00e1va pokrokov\u00e9 kozmetick\u00e9 a zdravotn\u00e9 v\u00fdrobky zo sol\u00ed z M\u0155tveho mora, bahna a miner\u00e1lov, akt\u00edvnych zlo\u017eiek proti starnutiu a pr\u00edrodn\u00fdch olejov.<\/p>\n<p>Za \u00fa\u010delom v\u00fdroby niektor\u00fdch z najlep\u0161\u00edch v\u00fdrobkov starostlivosti o ple\u0165 SeaCare spolupracuje s popredn\u00fdmi svetov\u00fdmi v\u00fdskumn\u00fdmi a v\u00fdvojov\u00fdmi laborat\u00f3riami, ako napr\u00edklad:<\/p>\n<p><img decoding=\"async\" class=\"marker\" src=\"\/wp-content\/uploads\/2013\/08\/punkt.png\" \/>Sederma, Franc\u00fazsko \u2013 vyr\u00e1ba \u00fa\u010dinn\u00e9 l\u00e1tky proti starnutiu Matrixyl\u00ae a Renovage\u2122, ktor\u00e9 spoma\u013euj\u00fa a bojuj\u00fa proti v\u0161etk\u00fdm zn\u00e1mkam funk\u010dn\u00e9ho a \u0161truktur\u00e1lneho starnutia vr\u00e1tane ochabnutej poko\u017eky, stareck\u00fdch \u0161kv\u0155n, roz\u0161\u00edren\u00fdch p\u00f3rov, suchej a drsnej ko\u017ee;<br \/>\n<img decoding=\"async\" class=\"marker\" src=\"\/wp-content\/uploads\/2013\/08\/punkt.png\" \/>Soliance, Franc\u00fazsko \u2013 vyr\u00e1ba Easyliance\u2122, pokrokov\u00fa akt\u00edvnu zlo\u017eku, ktor\u00e1 vytv\u00e1ra na povrchu poko\u017eky vrstvu pre okam\u017eit\u00fd a trval\u00fd s\u0165ahuj\u00faci \u00fa\u010dinok;<br \/>\n<img decoding=\"async\" class=\"marker\" src=\"\/wp-content\/uploads\/2013\/08\/punkt.png\" \/>Gattefoss\u00e9, Franc\u00fazsko \u2013 vyr\u00e1ba Emulium\u00ae Mellifera, pr\u00edrodn\u00fd emulg\u00e1tor, ktor\u00fd zabezpe\u010duje poko\u017eke vynikaj\u00facu hydrat\u00e1ciu a ochranu od vonkaj\u0161\u00edch faktorov;<br \/>\n<img decoding=\"async\" class=\"marker\" src=\"\/wp-content\/uploads\/2013\/08\/punkt.png\" \/>Sophim, Franc\u00fazsko \u2013 vyr\u00e1ba arganov\u00fd olej, organick\u00fa zlo\u017eku mimoriadne bohat\u00fa na prospe\u0161n\u00e9 \u017eiviny vr\u00e1tane mastn\u00fdch kysel\u00edn a vitam\u00ednu E, ktor\u00fd zvlh\u010duje a zjem\u0148uje poko\u017eku, dod\u00e1va jej mladistv\u00fd lesk a zabra\u0148uje v\u00fdskytu vr\u00e1sok;<br \/>\n<img decoding=\"async\" class=\"marker\" src=\"\/wp-content\/uploads\/2013\/08\/punkt.png\" \/>Greentech, Franc\u00fazsko \u2013 vyr\u00e1ba Lipactive Inca Inchi, olej obohaten\u00fd o esenci\u00e1lne mastn\u00e9 kyseliny, ktor\u00fd sa odpor\u00fa\u010da na dosiahnutie omladzuj\u00faceho \u00fa\u010dinku, regener\u00e1ciu, vylie\u010denie a zvlh\u010denie poko\u017eky;<br \/>\n<img decoding=\"async\" class=\"marker\" src=\"\/wp-content\/uploads\/2013\/08\/punkt.png\" \/>Mibelle, \u0160vaj\u010diarsko \u2013 vyr\u00e1ba Coenzyme Q10, ktor\u00fd podporuje prirodzen\u00fa obranyschopnos\u0165, redukuje vr\u00e1sky, omladzuje poko\u017eku a p\u00f4sob\u00ed ako antioxidant.<\/p>\n    <div class=\"img has-hover x md-x lg-x y md-y lg-y\" id=\"image_1859050333\">\n                <div class=\"img-inner dark\" >\n        <img loading=\"lazy\" decoding=\"async\" width=\"994\" height=\"145\" src=\"https:\/\/seacare.com\/wp-content\/uploads\/2020\/10\/o-kompanii-3.png\" class=\"attachment-large size-large\" alt=\"about company\" srcset=\"https:\/\/seacare.com\/wp-content\/uploads\/2020\/10\/o-kompanii-3.png 994w, https:\/\/seacare.com\/wp-content\/uploads\/2020\/10\/o-kompanii-3-800x117.png 800w, https:\/\/seacare.com\/wp-content\/uploads\/2020\/10\/o-kompanii-3-768x112.png 768w\" sizes=\"(max-width: 994px) 100vw, 994px\" \/>                \n            <\/div>\n                   \n<style scope=\"scope\">\n\n<\/style>\n    <\/div>\n    \n<\/div><\/div>\n<div class=\"col medium-12 small-12 large-12\"  ><div class=\"col-inner\"  >\n<p>\u0160pecialisti skupiny SeaCare Group zaru\u010duj\u00fa trvalo vysok\u00fa kvalitu v\u00fdrobkov prostredn\u00edctvom mnoh\u00fdch kontroln\u00fdch testov, ktor\u00e9 sa denne vykon\u00e1vaj\u00fa v laborat\u00f3ri\u00e1ch spolo\u010dnosti. Ka\u017ed\u00fd produkt SeaCare je zalo\u017een\u00fd na najlep\u0161\u00edch pr\u00edrodn\u00fdch zlo\u017ek\u00e1ch a neobsahuje: parab\u00e9ny, propyl\u00e9nglykol, miner\u00e1lne oleje, silik\u00f3ny, petrol\u00e1tum a SLS.<\/p>\n<p>S vyu\u017eit\u00edm pokro\u010dil\u00fdch \u00fa\u010dinn\u00fdch l\u00e1tok pon\u00faka spolo\u010dnos\u0165 SeaCare \u0161irok\u00fa \u0161k\u00e1lu vysoko \u00fa\u010dinn\u00fdch produktov.<\/p>\n<p>V\u0161etky produkty SeaCare obsahuj\u00face miner\u00e1ly z M\u0155tveho mora s\u00fa ozna\u010den\u00e9 \u0161t\u00edtkom \u201eOrigin\u00e1lne izraelsk\u00e9 vysoko kvalitn\u00e9 v\u00fdrobky z M\u0155tveho mora\u201c, ktor\u00fd z\u00edskali od asoci\u00e1cie izraelsk\u00fdch v\u00fdrobcov a izraelskej asoci\u00e1cie v\u00fdrobcov kozmetiky.<\/p>\n<p>V\u0161etky organick\u00e9 kozmetick\u00e9 v\u00fdrobky SeaCare nes\u00fa logo ECOCERT\u00ae COSMOS ORGANIC, s\u00fa vyroben\u00e9 pod\u013ea pr\u00edsnych \u0161tandardov COSMOS a s\u00fa certifikovan\u00e9 ECOCERT.<\/p>\n<p>Spolo\u010dnos\u0165 SeaCare Group sa zaviazala poskytova\u0165 prvotriedne slu\u017eby, ktor\u00fdm m\u00f4\u017eete d\u00f4verova\u0165. N\u00e1\u0161 t\u00edm z\u00e1kazn\u00edckych slu\u017eieb sa sna\u017e\u00ed odpoveda\u0165 na v\u0161etky ot\u00e1zky do jedn\u00e9ho pracovn\u00e9ho d\u0148a.<\/p>\n<p>So slu\u017ebami SeaCare si m\u00f4\u017eete by\u0165 ist\u00ed, \u017ee z\u00edskate tie najlep\u0161ie inovat\u00edvne v\u00fdrobky a na\u0161i kozmetol\u00f3govia v\u00e1m poskytn\u00fa profesion\u00e1lne osobn\u00e9 poradenstvo.<\/p>\n<\/div><\/div>\n<\/div>\n    <div class=\"img has-hover x md-x lg-x y md-y lg-y\" id=\"image_447888136\">\n                <div class=\"img-inner dark\" style=\"margin:-19px 0px 0px 0px;\">\n        <img loading=\"lazy\" decoding=\"async\" width=\"1020\" height=\"95\" src=\"https:\/\/seacare.com\/wp-content\/uploads\/2020\/10\/\u041b\u043e\u0433\u043e\u0442\u0438\u043f-\u0434\u043b\u044f-\u0421\u0430\u0438\u0306\u0442\u0430-SeaCare-\u043a\u043e\u043f\u0438\u044f-1400x130.png\" class=\"attachment-large size-large\" alt=\"Logo for the SeaCare Website\" srcset=\"https:\/\/seacare.com\/wp-content\/uploads\/2020\/10\/\u041b\u043e\u0433\u043e\u0442\u0438\u043f-\u0434\u043b\u044f-\u0421\u0430\u0438\u0306\u0442\u0430-SeaCare-\u043a\u043e\u043f\u0438\u044f-1400x130.png 1400w, https:\/\/seacare.com\/wp-content\/uploads\/2020\/10\/\u041b\u043e\u0433\u043e\u0442\u0438\u043f-\u0434\u043b\u044f-\u0421\u0430\u0438\u0306\u0442\u0430-SeaCare-\u043a\u043e\u043f\u0438\u044f-800x74.png 800w, https:\/\/seacare.com\/wp-content\/uploads\/2020\/10\/\u041b\u043e\u0433\u043e\u0442\u0438\u043f-\u0434\u043b\u044f-\u0421\u0430\u0438\u0306\u0442\u0430-SeaCare-\u043a\u043e\u043f\u0438\u044f-768x71.png 768w\" sizes=\"(max-width: 1020px) 100vw, 1020px\" \/>                \n            <\/div>\n                   \n<style scope=\"scope\">\n\n<\/style>\n    <\/div>\n    \n<p>&nbsp;<\/p>\n","protected":false},"excerpt":{"rendered":"<p>&nbsp;<\/p>\n","protected":false},"author":1,"featured_media":42150,"parent":0,"menu_order":0,"comment_status":"closed","ping_status":"closed","template":"","meta":{"footnotes":""},"_links":{"self":[{"href":"https:\/\/seacare.com\/sk\/wp-json\/wp\/v2\/pages\/42146"}],"collection":[{"href":"https:\/\/seacare.com\/sk\/wp-json\/wp\/v2\/pages"}],"about":[{"href":"https:\/\/seacare.com\/sk\/wp-json\/wp\/v2\/types\/page"}],"author":[{"embeddable":true,"href":"https:\/\/seacare.com\/sk\/wp-json\/wp\/v2\/users\/1"}],"replies":[{"embeddable":true,"href":"https:\/\/seacare.com\/sk\/wp-json\/wp\/v2\/comments?post=42146"}],"version-history":[{"count":4,"href":"https:\/\/seacare.com\/sk\/wp-json\/wp\/v2\/pages\/42146\/revisions"}],"predecessor-version":[{"id":42153,"href":"https:\/\/seacare.com\/sk\/wp-json\/wp\/v2\/pages\/42146\/revisions\/42153"}],"wp:featuredmedia":[{"embeddable":true,"href":"https:\/\/seacare.com\/sk\/wp-json\/wp\/v2\/media\/42150"}],"wp:attachment":[{"href":"https:\/\/seacare.com\/sk\/wp-json\/wp\/v2\/media?parent=42146"}],"curies":[{"name":"wp","href":"https:\/\/api.w.org\/{rel}","templated":true}]}}