{"id":42154,"date":"2021-06-04T12:44:08","date_gmt":"2021-06-04T09:44:08","guid":{"rendered":"https:\/\/seacare.com\/sk\/?page_id=42154"},"modified":"2023-04-18T16:18:53","modified_gmt":"2023-04-18T13:18:53","slug":"kontakty","status":"publish","type":"page","link":"https:\/\/seacare.com\/sk\/kontakty\/","title":{"rendered":"Kontakty"},"content":{"rendered":"<div class=\"row\"  id=\"row-1595513957\">\n<div class=\"col medium-6 large-6\"  ><div class=\"col-inner\"  >\n<div class=\"container section-title-container\" ><h3 class=\"section-title section-title-normal\"><b><\/b><span class=\"section-title-main\" style=\"font-size:100%;\">Kontaktuj n\u00e1s<\/span><b><\/b><\/h3><\/div><!-- .section-title -->\n<p><strong>S\u00eddlo spolo\u010dnosti<\/strong> (Severn\u00e1 a Ju\u017en\u00e1 Amerika, \u00c1zia a Tichomorie, Stredn\u00fd v\u00fdchod a Afrika):<br \/><b>Phone:<\/b> +1-833-SEACARE<br \/><b>Email: <\/b> <a href=\"mailto:sales@seacare.com\"><u>sales@seacare.com<\/u><\/a><\/p>\n<p><b>Eur\u00f3pska pobo\u010dka<\/b> (Eur\u00f3pska \u00fania, Spojen\u00e9 kr\u00e1\u013eovstvo, N\u00f3rsko, \u0160vaj\u010diarsko):<br \/><b>Email:<\/b> <a href=\"mailto:sales@seacare.eu\"><u>sales@seacare.eu<\/u><\/a><\/p>\n<p><b>Euro\u00e1zijska pobo\u010dka <\/b>(Euro\u00e1zijsk\u00e1 hospod\u00e1rska \u00fania, Arm\u00e9nsko, Azerbajd\u017ean, Gruz\u00ednsko, Moldavsko, Tad\u017eikistan, Turkm\u00e9nsko, Ukrajina, Uzbekistan):<br \/><b>Phone:<\/b> +7-800-707-3767<br \/><b>Email:<\/b><a href=\"mailto:sales@seacare.ru\"><u>sales@seacare.ru<\/u><\/a><\/p>\n<\/div><\/div>\n<div class=\"col medium-6 large-6\"  ><div class=\"col-inner\"  >\n<div class=\"container section-title-container\" ><h3 class=\"section-title section-title-normal\"><b><\/b><span class=\"section-title-main\" style=\"font-size:100%;\">PO\u0160LITE N\u00c1M SPR\u00c1VU<\/span><b><\/b><\/h3><\/div><!-- .section-title -->\n<div role=\"form\" class=\"wpcf7\" id=\"wpcf7-f42156-o1\" lang=\"ru-RU\" dir=\"ltr\">\n<div class=\"screen-reader-response\"><\/div>\n<form action=\"\/sk\/wp-json\/wp\/v2\/pages\/42154#wpcf7-f42156-o1\" method=\"post\" class=\"wpcf7-form\" novalidate=\"novalidate\">\n<div style=\"display: none;\">\n<input type=\"hidden\" name=\"_wpcf7\" value=\"42156\" \/>\n<input type=\"hidden\" name=\"_wpcf7_version\" value=\"5.1.7\" \/>\n<input type=\"hidden\" name=\"_wpcf7_locale\" value=\"ru_RU\" \/>\n<input type=\"hidden\" name=\"_wpcf7_unit_tag\" value=\"wpcf7-f42156-o1\" \/>\n<input type=\"hidden\" name=\"_wpcf7_container_post\" value=\"0\" \/>\n<\/div>\n<p><label> Va\u0161e meno (povinn\u00e9)<br \/>\n    <span class=\"wpcf7-form-control-wrap your-name\"><input type=\"text\" name=\"your-name\" value=\"\" size=\"40\" class=\"wpcf7-form-control wpcf7-text wpcf7-validates-as-required\" aria-required=\"true\" aria-invalid=\"false\" \/><\/span> <\/label><\/p>\n<p><label> V\u00e1\u0161 e-mail (povinn\u00e9)<br \/>\n    <span class=\"wpcf7-form-control-wrap your-email\"><input type=\"email\" name=\"your-email\" value=\"\" size=\"40\" class=\"wpcf7-form-control wpcf7-text wpcf7-email wpcf7-validates-as-required wpcf7-validates-as-email\" aria-required=\"true\" aria-invalid=\"false\" \/><\/span> <\/label><\/p>\n<p><label>  Kontaktn\u00e9 tel.\u010d. (povinn\u00e9))<\/p>\n<p><span class=\"wpcf7-form-control-wrap tel-978\"><input type=\"tel\" name=\"tel-978\" value=\"\" size=\"40\" class=\"wpcf7-form-control wpcf7-text wpcf7-tel wpcf7-validates-as-required wpcf7-validates-as-tel\" aria-required=\"true\" aria-invalid=\"false\" \/><\/span><\/label><\/p>\n<p><label> Spr\u00e1va<br \/>\n    <span class=\"wpcf7-form-control-wrap your-message\"><textarea name=\"your-message\" cols=\"40\" rows=\"10\" class=\"wpcf7-form-control wpcf7-textarea\" aria-invalid=\"false\"><\/textarea><\/span> <\/label><\/p>\n<p><input type=\"submit\" value=\"ODOSLA\u0164\" class=\"wpcf7-form-control wpcf7-submit\" \/><\/p>\n<p style=\"display: none !important;\"><label>&#916;<textarea name=\"_wpcf7_ak_hp_textarea\" cols=\"45\" rows=\"8\" maxlength=\"100\"><\/textarea><\/label><input type=\"hidden\" id=\"ak_js_1\" name=\"_wpcf7_ak_js\" value=\"88\"\/><script>document.getElementById( \"ak_js_1\" ).setAttribute( \"value\", ( new Date() ).getTime() );<\/script><\/p><div class=\"wpcf7-response-output wpcf7-display-none\"><\/div><\/form><\/div>\n<\/div><\/div>\n<\/div>\n","protected":false},"excerpt":{"rendered":"","protected":false},"author":1,"featured_media":0,"parent":0,"menu_order":0,"comment_status":"closed","ping_status":"closed","template":"page-blank.php","meta":{"footnotes":""},"_links":{"self":[{"href":"https:\/\/seacare.com\/sk\/wp-json\/wp\/v2\/pages\/42154"}],"collection":[{"href":"https:\/\/seacare.com\/sk\/wp-json\/wp\/v2\/pages"}],"about":[{"href":"https:\/\/seacare.com\/sk\/wp-json\/wp\/v2\/types\/page"}],"author":[{"embeddable":true,"href":"https:\/\/seacare.com\/sk\/wp-json\/wp\/v2\/users\/1"}],"replies":[{"embeddable":true,"href":"https:\/\/seacare.com\/sk\/wp-json\/wp\/v2\/comments?post=42154"}],"version-history":[{"count":4,"href":"https:\/\/seacare.com\/sk\/wp-json\/wp\/v2\/pages\/42154\/revisions"}],"predecessor-version":[{"id":64378,"href":"https:\/\/seacare.com\/sk\/wp-json\/wp\/v2\/pages\/42154\/revisions\/64378"}],"wp:attachment":[{"href":"https:\/\/seacare.com\/sk\/wp-json\/wp\/v2\/media?parent=42154"}],"curies":[{"name":"wp","href":"https:\/\/api.w.org\/{rel}","templated":true}]}}