{"id":42565,"date":"2017-03-01T19:37:46","date_gmt":"2021-06-04T13:45:23","guid":{"rendered":"https:\/\/seacare.com\/ru\/?post_type=product&#038;p=42565"},"modified":"2021-06-08T15:55:00","modified_gmt":"2021-06-08T12:55:00","slug":"anti-aging-serum-na-tvar-50-ml-seacare","status":"publish","type":"product","link":"https:\/\/seacare.com\/sk\/produkt\/anti-aging-serum-na-tvar-50-ml-seacare\/","title":{"rendered":"Anti-aging s\u00e9rum na tv\u00e1r, 50 ml, SeaCare"},"content":{"rendered":"<p>SeaCare Anti-Aging Face Serum redukuje v\u00fdskyt vr\u00e1sok, zvy\u0161uje pevnos\u0165 poko\u017eky a spoma\u013euje pr\u00edznaky starnutia. S\u00e9rum je na poko\u017eke nepostrehnute\u013en\u00e9 a r\u00fdchlo sa vstreb\u00e1va. Je obohaten\u00e9 o miner\u00e1ly z M\u0155tveho mora a obsahuje tie\u017e Matrixyl Synthe 6, nov\u00fa \u00fa\u010dinn\u00fa l\u00e1tku, ktor\u00e1 vyrovn\u00e1va t\u00f3n pleti a vyhladzuje vr\u00e1sky. S\u00e9rum obsahuje aj vitam\u00edn E, redukuje vr\u00e1sky blokovan\u00edm vo\u013en\u00fdch radik\u00e1lov, ktor\u00e9 zohr\u00e1vaj\u00fa ve\u013ek\u00fa \u00falohu v procese starnutia; Olivov\u00fd olej, pr\u00edrodn\u00fd antioxidant, ktor\u00fd pom\u00e1ha predch\u00e1dza\u0165 po\u0161kodeniu UV \u017eiaren\u00edm Hamamel, Jojobov\u00fd olej, Inca Inchi olej, Arganov\u00fd olej a Squalane Oil s\u00fa \u00fa\u010dinn\u00e9 pr\u00edrodn\u00e9 zlo\u017eky, ktor\u00e9 hydratuj\u00fa a zjem\u0148uj\u00fa poko\u017eku.<\/p>\n<p><strong>Neobsahuje: <\/strong>Parab\u00e9ny, Propyl\u00e9nglykol, Silik\u00f3ny, Miner\u00e1lne oleje, Petrolatum, SLS.<\/p>\n<p><strong>N\u00e1vod na pou\u017eitie:<\/strong> Naneste mal\u00e9 mno\u017estvo na o\u010disten\u00fa poko\u017eku tv\u00e1re. Jemne poklepkajte, k\u00fdm sa \u00faplne nevstrebe. Pre dosiahnutie maxim\u00e1lneho \u00fa\u010dinku po\u010dkajte, k\u00fdm sa s\u00e9rum nevstrebe a naneste denn\u00fd alebo no\u010dn\u00fd kr\u00e9m SeaCare Anti-Aging. S\u00e9rum je mo\u017en\u00e9 pou\u017ei\u0165 aj ako jedine\u010dn\u00fd, hladk\u00fd podklad pod makeup.<\/p>\n<h3>K\u013e\u00fa\u010dov\u00e9 ingrediencie<\/h3>\n<hr \/>\n<div class=\"row\"  id=\"row-990916554\">\n<div class=\"col medium-6 small-12 large-6\"  ><div class=\"col-inner\"  >\n<div class=\"row\"  id=\"row-305647426\">\n<div class=\"col medium-3 small-12 large-3\"  ><div class=\"col-inner\"  >\n    <div class=\"img has-hover x md-x lg-x y md-y lg-y\" id=\"image_485885714\">\n                <div class=\"img-inner dark\" >\n        <img loading=\"lazy\" decoding=\"async\" width=\"500\" height=\"500\" src=\"https:\/\/seacare.com\/wp-content\/uploads\/2017\/03\/minerals-1.png\" class=\"attachment-large size-large\" alt=\"\" srcset=\"https:\/\/seacare.com\/wp-content\/uploads\/2017\/03\/minerals-1.png 500w, https:\/\/seacare.com\/wp-content\/uploads\/2017\/03\/minerals-1-280x280.png 280w, https:\/\/seacare.com\/wp-content\/uploads\/2017\/03\/minerals-1-400x400.png 400w, https:\/\/seacare.com\/wp-content\/uploads\/2017\/03\/minerals-1-180x180.png 180w, https:\/\/seacare.com\/wp-content\/uploads\/2017\/03\/minerals-1-300x300.png 300w\" sizes=\"(max-width: 500px) 100vw, 500px\" \/>                \n            <\/div>\n                   \n<style scope=\"scope\">\n\n<\/style>\n    <\/div>\n    \n<\/div><\/div>\n<div class=\"col medium-9 small-12 large-9\"  ><div class=\"col-inner\"  >\n<h4>Miner\u00e1ly z M\u0155tveho mora<\/h4>\n<p>M\u0155tve more obsahuje viac ako 20 miner\u00e1lov, ktor\u00e9 preuk\u00e1zate\u013ene zlep\u0161uj\u00fa vzh\u013ead poko\u017eky a udr\u017eiavaj\u00fa ju zdrav\u00fa a mladistv\u00fa. Dokonca aj rastliny rast\u00face pozd\u013a\u017e pobre\u017eia M\u0155tveho mora maj\u00fa \u00a0<a href=\"\/sk\/mineraly-z-mrtveho-mora\/\">Podrobnej\u0161ie&#8230;<\/a><\/p>\n<\/div><\/div>\n<\/div>\n<\/div><\/div>\n<div class=\"col medium-6 small-12 large-6\"  ><div class=\"col-inner\"  >\n<div class=\"row\"  id=\"row-184206594\">\n<div class=\"col medium-3 small-12 large-3\"  ><div class=\"col-inner\"  >\n    <div class=\"img has-hover x md-x lg-x y md-y lg-y\" id=\"image_1766541794\">\n                <div class=\"img-inner dark\" >\n        <img loading=\"lazy\" decoding=\"async\" width=\"500\" height=\"500\" src=\"https:\/\/seacare.com\/wp-content\/uploads\/2017\/03\/matrixil.png\" class=\"attachment-large size-large\" alt=\"\" srcset=\"https:\/\/seacare.com\/wp-content\/uploads\/2017\/03\/matrixil.png 500w, https:\/\/seacare.com\/wp-content\/uploads\/2017\/03\/matrixil-280x280.png 280w, https:\/\/seacare.com\/wp-content\/uploads\/2017\/03\/matrixil-400x400.png 400w, https:\/\/seacare.com\/wp-content\/uploads\/2017\/03\/matrixil-180x180.png 180w, https:\/\/seacare.com\/wp-content\/uploads\/2017\/03\/matrixil-300x300.png 300w\" sizes=\"(max-width: 500px) 100vw, 500px\" \/>                \n            <\/div>\n                   \n<style scope=\"scope\">\n\n<\/style>\n    <\/div>\n    \n<\/div><\/div>\n<div class=\"col medium-9 small-12 large-9\"  ><div class=\"col-inner\"  >\n<h4>Matrixyl\u00ae<\/h4>\n<p>Sederma predstavuje nov\u00fd produkt Matrixyl\u00ae synthe\u20196\u00ae, ktor\u00fd vyhovuje \u017eelaniam \u017eien: vypl\u0148uje vr\u00e1sky zvn\u00fatra, vr\u00e1sky na \u010dele, tak aj vr\u00e1sky okolo o\u010d\u00ed (vranov\u00e9 nohy) a rob\u00ed poko\u017eku\u00a0<a href=\"\/sk\/matrixyl\/\">Podrobnej\u0161ie&#8230;<\/a><\/p>\n<\/div><\/div>\n<\/div>\n<\/div><\/div>\n<div class=\"col medium-6 small-12 large-6\"  ><div class=\"col-inner\"  >\n<div class=\"row\"  id=\"row-2043090955\">\n<div class=\"col medium-3 small-12 large-3\"  ><div class=\"col-inner\"  >\n    <div class=\"img has-hover x md-x lg-x y md-y lg-y\" id=\"image_11990074\">\n                <div class=\"img-inner dark\" >\n        <img loading=\"lazy\" decoding=\"async\" width=\"500\" height=\"500\" src=\"https:\/\/seacare.com\/wp-content\/uploads\/2018\/10\/VitaminE.png\" class=\"attachment-large size-large\" alt=\"\" srcset=\"https:\/\/seacare.com\/wp-content\/uploads\/2018\/10\/VitaminE.png 500w, https:\/\/seacare.com\/wp-content\/uploads\/2018\/10\/VitaminE-247x247.png 247w, https:\/\/seacare.com\/wp-content\/uploads\/2018\/10\/VitaminE-400x400.png 400w, https:\/\/seacare.com\/wp-content\/uploads\/2018\/10\/VitaminE-180x180.png 180w\" sizes=\"(max-width: 500px) 100vw, 500px\" \/>                \n            <\/div>\n                   \n<style scope=\"scope\">\n\n<\/style>\n    <\/div>\n    \n<\/div><\/div>\n<div class=\"col medium-9 small-12 large-9\"  ><div class=\"col-inner\"  >\n<h4>Vitam\u00edn E<\/h4>\n<p>Vitam\u00edn E pom\u00e1ha predch\u00e1dza\u0165 prejavom starnutia neutraliz\u00e1ciou vo\u013en\u00fdch radik\u00e1lov. Vitam\u00edn E zvlh\u010duje a upokojuje poko\u017eku a tie\u017e bojuje proti z\u00e1palom. Vitam\u00edn E poskytuje SPF <a href=\"\/sk\/vitamin-e\/\"> Podrobnej\u0161ie&#8230;<\/a><\/p>\n<\/div><\/div>\n<\/div>\n<\/div><\/div>\n<div class=\"col medium-6 small-12 large-6\"  ><div class=\"col-inner\"  >\n<div class=\"row\"  id=\"row-2095044645\">\n<div class=\"col medium-3 small-12 large-3\"  ><div class=\"col-inner\"  >\n    <div class=\"img has-hover x md-x lg-x y md-y lg-y\" id=\"image_660765707\">\n                <div class=\"img-inner dark\" >\n        <img loading=\"lazy\" decoding=\"async\" width=\"500\" height=\"500\" src=\"https:\/\/seacare.com\/wp-content\/uploads\/2017\/03\/olive.png\" class=\"attachment-large size-large\" alt=\"\" srcset=\"https:\/\/seacare.com\/wp-content\/uploads\/2017\/03\/olive.png 500w, https:\/\/seacare.com\/wp-content\/uploads\/2017\/03\/olive-280x280.png 280w, https:\/\/seacare.com\/wp-content\/uploads\/2017\/03\/olive-400x400.png 400w, https:\/\/seacare.com\/wp-content\/uploads\/2017\/03\/olive-180x180.png 180w, https:\/\/seacare.com\/wp-content\/uploads\/2017\/03\/olive-300x300.png 300w\" sizes=\"(max-width: 500px) 100vw, 500px\" \/>                \n            <\/div>\n                   \n<style scope=\"scope\">\n\n<\/style>\n    <\/div>\n    \n<\/div><\/div>\n<div class=\"col medium-9 small-12 large-9\"  ><div class=\"col-inner\"  >\n<h4>Olivov\u00fd olej<\/h4>\n<p>Olivov\u00fd olej obsahuje \u0161tyri hlavn\u00e9 antioxidanty, v\u010faka ktor\u00fdm je vhodn\u00fd ako \u010distiaci prostriedok, zvlh\u010dova\u010d a ochrana poko\u017eky. Medzi tieto antioxidanty patria vitam\u00edny A a E. Vitam\u00edn E<a href=\"\/sk\/olivovy-olej\/\">Podrobnej\u0161ie&#8230;<\/a><\/p>\n<\/div><\/div>\n<\/div>\n<\/div><\/div>\n<div class=\"col medium-6 small-12 large-6\"  ><div class=\"col-inner\"  >\n<div class=\"row\"  id=\"row-1842207795\">\n<div class=\"col medium-3 small-12 large-3\"  ><div class=\"col-inner\"  >\n    <div class=\"img has-hover x md-x lg-x y md-y lg-y\" id=\"image_1731652489\">\n                <div class=\"img-inner dark\" >\n        <img loading=\"lazy\" decoding=\"async\" width=\"500\" height=\"500\" src=\"https:\/\/seacare.com\/wp-content\/uploads\/2017\/03\/inka.png\" class=\"attachment-large size-large\" alt=\"\" srcset=\"https:\/\/seacare.com\/wp-content\/uploads\/2017\/03\/inka.png 500w, https:\/\/seacare.com\/wp-content\/uploads\/2017\/03\/inka-280x280.png 280w, https:\/\/seacare.com\/wp-content\/uploads\/2017\/03\/inka-400x400.png 400w, https:\/\/seacare.com\/wp-content\/uploads\/2017\/03\/inka-180x180.png 180w, https:\/\/seacare.com\/wp-content\/uploads\/2017\/03\/inka-300x300.png 300w\" sizes=\"(max-width: 500px) 100vw, 500px\" \/>                \n            <\/div>\n                   \n<style scope=\"scope\">\n\n<\/style>\n    <\/div>\n    \n<\/div><\/div>\n<div class=\"col medium-9 small-12 large-9\"  ><div class=\"col-inner\"  >\n<h4>Olej Inka In\u010di<\/h4>\n<p>Olej Inka In\u010di (Inca Inchi Oil) je jedine\u010dn\u00fd organick\u00fd olej, bohat\u00fd na esenci\u00e1lne mastn\u00e9 kyseliny vr\u00e1tane omega-6 linol\u00e9novej a omega-3 alfa linolenovej. \u013dudsk\u00e9 telo samo si tieto<a href=\"\/sk\/olej-inka-inci\/\">\u00a0Podrobnej\u0161ie&#8230;<\/a><\/p>\n<\/div><\/div>\n<\/div>\n<\/div><\/div>\n<div class=\"col medium-6 small-12 large-6\"  ><div class=\"col-inner\"  >\n<div class=\"row\"  id=\"row-1244666366\">\n<div class=\"col medium-3 small-12 large-3\"  ><div class=\"col-inner\"  >\n    <div class=\"img has-hover x md-x lg-x y md-y lg-y\" id=\"image_1693157865\">\n                <div class=\"img-inner dark\" >\n        <img loading=\"lazy\" decoding=\"async\" width=\"500\" height=\"500\" src=\"https:\/\/seacare.com\/wp-content\/uploads\/2017\/03\/argana-1.png\" class=\"attachment-large size-large\" alt=\"\" srcset=\"https:\/\/seacare.com\/wp-content\/uploads\/2017\/03\/argana-1.png 500w, https:\/\/seacare.com\/wp-content\/uploads\/2017\/03\/argana-1-280x280.png 280w, https:\/\/seacare.com\/wp-content\/uploads\/2017\/03\/argana-1-400x400.png 400w, https:\/\/seacare.com\/wp-content\/uploads\/2017\/03\/argana-1-180x180.png 180w, https:\/\/seacare.com\/wp-content\/uploads\/2017\/03\/argana-1-300x300.png 300w\" sizes=\"(max-width: 500px) 100vw, 500px\" \/>                \n            <\/div>\n                   \n<style scope=\"scope\">\n\n<\/style>\n    <\/div>\n    \n<\/div><\/div>\n<div class=\"col medium-9 small-12 large-9\"  ><div class=\"col-inner\"  >\n<h4>Arganov\u00fd olej<\/h4>\n<p>Arganov\u00fd olej naj\u010dastej\u0161ie sa pou\u017e\u00edva pre hydrat\u00e1ciu a v\u00fd\u017eivu poko\u017eky. V\u010faka vysok\u00e9mu obsahu vitam\u00ednu E a mastn\u00fdch kysel\u00edn arganov\u00fd olej je ide\u00e1lnym pr\u00edrodn\u00fdm pr\u00edpravkom na regener\u00e1ciu <a href=\"\/sk\/arganovy-olej\/\">\u00a0Podrobnej\u0161ie&#8230;<\/a><\/p>\n<\/div><\/div>\n<\/div>\n<\/div><\/div>\n<div class=\"col medium-6 small-12 large-6\"  ><div class=\"col-inner\"  >\n<div class=\"row\"  id=\"row-1153249775\">\n<div class=\"col medium-3 small-12 large-3\"  ><div class=\"col-inner\"  >\n    <div class=\"img has-hover x md-x lg-x y md-y lg-y\" id=\"image_124283791\">\n                <div class=\"img-inner dark\" >\n        <img loading=\"lazy\" decoding=\"async\" width=\"500\" height=\"500\" src=\"https:\/\/seacare.com\/wp-content\/uploads\/2020\/08\/hamamelis.png\" class=\"attachment-large size-large\" alt=\"\" srcset=\"https:\/\/seacare.com\/wp-content\/uploads\/2020\/08\/hamamelis.png 500w, https:\/\/seacare.com\/wp-content\/uploads\/2020\/08\/hamamelis-247x247.png 247w, https:\/\/seacare.com\/wp-content\/uploads\/2020\/08\/hamamelis-400x400.png 400w, https:\/\/seacare.com\/wp-content\/uploads\/2020\/08\/hamamelis-180x180.png 180w\" sizes=\"(max-width: 500px) 100vw, 500px\" \/>                \n            <\/div>\n                   \n<style scope=\"scope\">\n\n<\/style>\n    <\/div>\n    \n<\/div><\/div>\n<div class=\"col medium-9 small-12 large-9\"  ><div class=\"col-inner\"  >\n<h4>Hamamel<\/h4>\n<p>Hamamel chr\u00e1ni poko\u017eku pred z\u00e1palmi sp\u00f4soben\u00fdmi vo\u013en\u00fdmi radik\u00e1lmi v ko\u017en\u00fdch bunk\u00e1ch. Hamamel m\u00e1 antiseptick\u00e9, s\u0165ahuj\u00face, protiz\u00e1palov\u00e9 \u00fa\u010dinky, m\u00e1 perfektn\u00e9 vlastnosti <a href=\"\/sk\/hamamel\/\"> Podrobnej\u0161ie&#8230;<\/a><\/p>\n<\/div><\/div>\n<\/div>\n<\/div><\/div>\n<div class=\"col medium-6 small-12 large-6\"  ><div class=\"col-inner\"  >\n<div class=\"row\"  id=\"row-1118084728\">\n<div class=\"col medium-3 small-12 large-3\"  ><div class=\"col-inner\"  >\n    <div class=\"img has-hover x md-x lg-x y md-y lg-y\" id=\"image_1527469869\">\n                <div class=\"img-inner dark\" >\n        <img loading=\"lazy\" decoding=\"async\" width=\"500\" height=\"500\" src=\"https:\/\/seacare.com\/wp-content\/uploads\/2017\/03\/jojoba.png\" class=\"attachment-large size-large\" alt=\"\" srcset=\"https:\/\/seacare.com\/wp-content\/uploads\/2017\/03\/jojoba.png 500w, https:\/\/seacare.com\/wp-content\/uploads\/2017\/03\/jojoba-280x280.png 280w, https:\/\/seacare.com\/wp-content\/uploads\/2017\/03\/jojoba-400x400.png 400w, https:\/\/seacare.com\/wp-content\/uploads\/2017\/03\/jojoba-180x180.png 180w, https:\/\/seacare.com\/wp-content\/uploads\/2017\/03\/jojoba-300x300.png 300w\" sizes=\"(max-width: 500px) 100vw, 500px\" \/>                \n            <\/div>\n                   \n<style scope=\"scope\">\n\n<\/style>\n    <\/div>\n    \n<\/div><\/div>\n<div class=\"col medium-9 small-12 large-9\"  ><div class=\"col-inner\"  >\n<h4 class=\"text-head\">Jojobov\u00fd olej<\/h4>\n<p>Jojobov\u00fd olej rob\u00ed poko\u017eku pevnou a pru\u017enou, zvlh\u010duje a menej ju vysu\u0161uje. Pom\u00e1ha proti vr\u00e1skam, proces starnutia sa v pleti spoma\u013euje, vyrovn\u00e1va sa farebn\u00fd t\u00f3n pleti. Pom\u00e1ha v boji<a href=\"\/sk\/jojobovy-olej\/\">Podrobnej\u0161ie&#8230;<\/a><\/p>\n<\/div><\/div>\n<\/div>\n<\/div><\/div>\n<div class=\"col medium-6 small-12 large-6\"  ><div class=\"col-inner\"  >\n<div class=\"row\"  id=\"row-966934517\">\n<div class=\"col medium-3 small-12 large-3\"  ><div class=\"col-inner\"  >\n    <div class=\"img has-hover x md-x lg-x y md-y lg-y\" id=\"image_1750066440\">\n                <div class=\"img-inner dark\" >\n        <img loading=\"lazy\" decoding=\"async\" width=\"500\" height=\"500\" src=\"https:\/\/seacare.com\/wp-content\/uploads\/2018\/10\/Squalin2png.png\" class=\"attachment-large size-large\" alt=\"\" srcset=\"https:\/\/seacare.com\/wp-content\/uploads\/2018\/10\/Squalin2png.png 500w, https:\/\/seacare.com\/wp-content\/uploads\/2018\/10\/Squalin2png-247x247.png 247w, https:\/\/seacare.com\/wp-content\/uploads\/2018\/10\/Squalin2png-400x400.png 400w, https:\/\/seacare.com\/wp-content\/uploads\/2018\/10\/Squalin2png-180x180.png 180w\" sizes=\"(max-width: 500px) 100vw, 500px\" \/>                \n            <\/div>\n                   \n<style scope=\"scope\">\n\n<\/style>\n    <\/div>\n    \n<\/div><\/div>\n<div class=\"col medium-9 small-12 large-9\"  ><div class=\"col-inner\"  >\n<h4>Skval\u00e1nov\u00fd olej<\/h4>\n<p>Skval\u00e1nov\u00fd olej je vynikaj\u00faci zvlh\u010dova\u010d a zanech\u00e1va poko\u017eku hebk\u00fa a hebk\u00fa. Skval\u00e1nov\u00fd olej pom\u00e1ha chr\u00e1ni\u0165 poko\u017eku pred vo\u013en\u00fdmi radik\u00e1lmi, ktor\u00e9 m\u00f4\u017eu sp\u00f4sobi\u0165 stareck\u00e9 \u0161kvrny <a href=\"\/sk\/skvalanovy-olej\/\">Podrobnej\u0161ie&#8230;<\/a><\/p>\n<\/div><\/div>\n<\/div>\n<\/div><\/div>\n<\/div>\n<h3>Ostatn\u00e9 v\u00fdrobky v l\u00ednii<\/h3>\n\n  \n    <div class=\"row large-columns-4 medium-columns- small-columns-2 row-small slider row-slider slider-nav-reveal slider-nav-push\"  data-flickity-options='{\"imagesLoaded\": true, \"groupCells\": \"100%\", \"dragThreshold\" : 5, \"cellAlign\": \"left\",\"wrapAround\": true,\"prevNextButtons\": true,\"percentPosition\": true,\"pageDots\": false, \"rightToLeft\": false, \"autoPlay\" : false}'>\n\n  \t\n\t            \t\t\t\t\t\n<div class=\"product-small col has-hover post-42571 product type-product status-publish has-post-thumbnail product_cat-kozmetika-pre-oci product_cat-kozmetika-proti-starnutiu product_cat-linia-proti-starnutiu product_cat-sera-na-tvar-a-oci product_tag-krasna-pokozka-okolo-oci product_tag-omladzovanie first instock shipping-taxable purchasable product-type-simple\">\n\t<div class=\"col-inner\">\t\n\t\n<div class=\"badge-container absolute left top z-1\">\n<\/div>\t<div class=\"product-small box \">\n\t\t<div class=\"box-image\">\n\t\t\t<div class=\"image-none\">\n\t\t\t\t<a href=\"https:\/\/seacare.com\/sk\/produkt\/anti-aging-liftingove-ocne-serum-30-ml-seacare\/\">\n\t\t\t\t\t<img loading=\"lazy\" decoding=\"async\" width=\"247\" height=\"300\" src=\"https:\/\/seacare.com\/wp-content\/uploads\/2017\/03\/\u0414\u043b\u044f-SCEye-Lifting-Serum_Face-\u043a\u043e\u043f\u0438\u044f-247x300.jpg\" class=\"attachment-shop_catalog size-shop_catalog wp-post-image\" alt=\"\u0414\u043b\u044f SCEye Lifting Serum_Face \u043a\u043e\u043f\u0438\u044f\" title=\"\u0414\u043b\u044f SCEye Lifting Serum_Face \u043a\u043e\u043f\u0438\u044f\" \/>\t\t\t\t<\/a>\n\t\t\t<\/div>\n\t\t\t<div class=\"image-tools is-small top right show-on-hover\">\n\t\t\t\t\t\t\t<\/div>\n\t\t\t<div class=\"image-tools is-small hide-for-small bottom left show-on-hover\">\n\t\t\t\t\t\t\t<\/div>\n\t\t\t<div class=\"image-tools grid-tools text-center hide-for-small bottom hover-slide-in show-on-hover\">\n\t\t\t\t  <a class=\"quick-view\" data-prod=\"42571\" href=\"#quick-view\">Quick View<\/a>\t\t\t<\/div>\n\t\t\t\t\t<\/div><!-- box-image -->\n\n\t\t<div class=\"box-text box-text-products\">\n\t\t\t<div class=\"title-wrapper\">  <p class=\"category uppercase is-smaller no-text-overflow product-cat op-7\">\n        Kozmetika pre o\u010di   <\/p> <p class=\"name product-title\"><a href=\"https:\/\/seacare.com\/sk\/produkt\/anti-aging-liftingove-ocne-serum-30-ml-seacare\/\">Anti-aging liftingov\u00e9 o\u010dn\u00e9 s\u00e9rum, 30 ml, SeaCare<\/a><\/p><\/div><div class=\"price-wrapper\">\n\t<span class=\"price\"><span class=\"woocommerce-Price-amount amount\"><span class=\"woocommerce-Price-currencySymbol\">&#36;<\/span>&nbsp;56.90<\/span><\/span>\n<\/div>\t\t<\/div><!-- box-text -->\n\t<\/div><!-- box -->\n\t\t<\/div><!-- .col-inner -->\n<\/div><!-- col -->\t            \t\t\t\t\t\n<div class=\"product-small col has-hover post-42535 product type-product status-publish has-post-thumbnail product_cat-kozmetika-na-tvar product_cat-kozmetika-proti-starnutiu product_cat-kremy-na-tvar-a-oci product_cat-linia-proti-starnutiu  instock shipping-taxable purchasable product-type-simple\">\n\t<div class=\"col-inner\">\t\n\t\n<div class=\"badge-container absolute left top z-1\">\n<\/div>\t<div class=\"product-small box \">\n\t\t<div class=\"box-image\">\n\t\t\t<div class=\"image-none\">\n\t\t\t\t<a href=\"https:\/\/seacare.com\/sk\/produkt\/anti-aging-denny-krem-50-ml-seacare\/\">\n\t\t\t\t\t<img loading=\"lazy\" decoding=\"async\" width=\"247\" height=\"300\" src=\"https:\/\/seacare.com\/wp-content\/uploads\/2017\/03\/\u0414\u043b\u044f-SCDay-Cream_Face-\u043a\u043e\u043f\u0438\u044f-247x300.jpg\" class=\"attachment-shop_catalog size-shop_catalog wp-post-image\" alt=\"\u0414\u043b\u044f SCDay Cream_Face \u043a\u043e\u043f\u0438\u044f\" title=\"\u0414\u043b\u044f SCDay Cream_Face \u043a\u043e\u043f\u0438\u044f\" \/>\t\t\t\t<\/a>\n\t\t\t<\/div>\n\t\t\t<div class=\"image-tools is-small top right show-on-hover\">\n\t\t\t\t\t\t\t<\/div>\n\t\t\t<div class=\"image-tools is-small hide-for-small bottom left show-on-hover\">\n\t\t\t\t\t\t\t<\/div>\n\t\t\t<div class=\"image-tools grid-tools text-center hide-for-small bottom hover-slide-in show-on-hover\">\n\t\t\t\t  <a class=\"quick-view\" data-prod=\"42535\" href=\"#quick-view\">Quick View<\/a>\t\t\t<\/div>\n\t\t\t\t\t<\/div><!-- box-image -->\n\n\t\t<div class=\"box-text box-text-products\">\n\t\t\t<div class=\"title-wrapper\">  <p class=\"category uppercase is-smaller no-text-overflow product-cat op-7\">\n        Kozmetika na tv\u00e1r   <\/p> <p class=\"name product-title\"><a href=\"https:\/\/seacare.com\/sk\/produkt\/anti-aging-denny-krem-50-ml-seacare\/\">Anti-aging denn\u00fd kr\u00e9m, 50 ml, SeaCare<\/a><\/p><\/div><div class=\"price-wrapper\">\n\t<span class=\"price\"><span class=\"woocommerce-Price-amount amount\"><span class=\"woocommerce-Price-currencySymbol\">&#36;<\/span>&nbsp;52.90<\/span><\/span>\n<\/div>\t\t<\/div><!-- box-text -->\n\t<\/div><!-- box -->\n\t\t<\/div><!-- .col-inner -->\n<\/div><!-- col -->\t            \t\t\t\t\t\n<div class=\"product-small col has-hover post-42559 product type-product status-publish has-post-thumbnail product_cat-kozmetika-pre-oci product_cat-kozmetika-proti-starnutiu product_cat-kremy-na-tvar-a-oci product_cat-linia-proti-starnutiu product_tag-krasna-pokozka-okolo-oci product_tag-omladzovanie  instock shipping-taxable purchasable product-type-simple\">\n\t<div class=\"col-inner\">\t\n\t\n<div class=\"badge-container absolute left top z-1\">\n<\/div>\t<div class=\"product-small box \">\n\t\t<div class=\"box-image\">\n\t\t\t<div class=\"image-none\">\n\t\t\t\t<a href=\"https:\/\/seacare.com\/sk\/produkt\/anti-aging-ocny-krem-30-ml-seacare\/\">\n\t\t\t\t\t<img loading=\"lazy\" decoding=\"async\" width=\"247\" height=\"300\" src=\"https:\/\/seacare.com\/wp-content\/uploads\/2017\/03\/\u0414\u043b\u044f-SCEye-Cream_Face-\u043a\u043e\u043f\u0438\u044f-247x300.jpg\" class=\"attachment-shop_catalog size-shop_catalog wp-post-image\" alt=\"\u0414\u043b\u044f SCEye Cream_Face \u043a\u043e\u043f\u0438\u044f\" title=\"\u0414\u043b\u044f SCEye Cream_Face \u043a\u043e\u043f\u0438\u044f\" \/>\t\t\t\t<\/a>\n\t\t\t<\/div>\n\t\t\t<div class=\"image-tools is-small top right show-on-hover\">\n\t\t\t\t\t\t\t<\/div>\n\t\t\t<div class=\"image-tools is-small hide-for-small bottom left show-on-hover\">\n\t\t\t\t\t\t\t<\/div>\n\t\t\t<div class=\"image-tools grid-tools text-center hide-for-small bottom hover-slide-in show-on-hover\">\n\t\t\t\t  <a class=\"quick-view\" data-prod=\"42559\" href=\"#quick-view\">Quick View<\/a>\t\t\t<\/div>\n\t\t\t\t\t<\/div><!-- box-image -->\n\n\t\t<div class=\"box-text box-text-products\">\n\t\t\t<div class=\"title-wrapper\">  <p class=\"category uppercase is-smaller no-text-overflow product-cat op-7\">\n        Kozmetika pre o\u010di   <\/p> <p class=\"name product-title\"><a href=\"https:\/\/seacare.com\/sk\/produkt\/anti-aging-ocny-krem-30-ml-seacare\/\">Anti-aging o\u010dn\u00fd kr\u00e9m, 30 ml, SeaCare<\/a><\/p><\/div><div class=\"price-wrapper\">\n\t<span class=\"price\"><span class=\"woocommerce-Price-amount amount\"><span class=\"woocommerce-Price-currencySymbol\">&#36;<\/span>&nbsp;54.90<\/span><\/span>\n<\/div>\t\t<\/div><!-- box-text -->\n\t<\/div><!-- box -->\n\t\t<\/div><!-- .col-inner -->\n<\/div><!-- col -->\t            \t\t\t\t\t\n<div class=\"product-small col has-hover post-42541 product type-product status-publish has-post-thumbnail product_cat-kozmetika-na-tvar product_cat-kozmetika-proti-starnutiu product_cat-kremy-na-tvar-a-oci product_cat-linia-proti-starnutiu product_tag-nocny-krem last instock shipping-taxable purchasable product-type-simple\">\n\t<div class=\"col-inner\">\t\n\t\n<div class=\"badge-container absolute left top z-1\">\n<\/div>\t<div class=\"product-small box \">\n\t\t<div class=\"box-image\">\n\t\t\t<div class=\"image-none\">\n\t\t\t\t<a href=\"https:\/\/seacare.com\/sk\/produkt\/anti-aging-nocny-krem-50-ml-seacare\/\">\n\t\t\t\t\t<img loading=\"lazy\" decoding=\"async\" width=\"247\" height=\"300\" src=\"https:\/\/seacare.com\/wp-content\/uploads\/2017\/03\/\u0414\u043b\u044f-SCNight-Cream_Face-sc-\u043a\u043e\u043f\u0438\u044f-247x300.jpg\" class=\"attachment-shop_catalog size-shop_catalog wp-post-image\" alt=\"\u0414\u043b\u044f SCNight Cream_Face sc \u043a\u043e\u043f\u0438\u044f\" title=\"\u0414\u043b\u044f SCNight Cream_Face sc \u043a\u043e\u043f\u0438\u044f\" \/>\t\t\t\t<\/a>\n\t\t\t<\/div>\n\t\t\t<div class=\"image-tools is-small top right show-on-hover\">\n\t\t\t\t\t\t\t<\/div>\n\t\t\t<div class=\"image-tools is-small hide-for-small bottom left show-on-hover\">\n\t\t\t\t\t\t\t<\/div>\n\t\t\t<div class=\"image-tools grid-tools text-center hide-for-small bottom hover-slide-in show-on-hover\">\n\t\t\t\t  <a class=\"quick-view\" data-prod=\"42541\" href=\"#quick-view\">Quick View<\/a>\t\t\t<\/div>\n\t\t\t\t\t<\/div><!-- box-image -->\n\n\t\t<div class=\"box-text box-text-products\">\n\t\t\t<div class=\"title-wrapper\">  <p class=\"category uppercase is-smaller no-text-overflow product-cat op-7\">\n        Kozmetika na tv\u00e1r   <\/p> <p class=\"name product-title\"><a href=\"https:\/\/seacare.com\/sk\/produkt\/anti-aging-nocny-krem-50-ml-seacare\/\">Anti-aging no\u010dn\u00fd kr\u00e9m, 50 ml, SeaCare<\/a><\/p><\/div><div class=\"price-wrapper\">\n\t<span class=\"price\"><span class=\"woocommerce-Price-amount amount\"><span class=\"woocommerce-Price-currencySymbol\">&#36;<\/span>&nbsp;52.90<\/span><\/span>\n<\/div>\t\t<\/div><!-- box-text -->\n\t<\/div><!-- box -->\n\t\t<\/div><!-- .col-inner -->\n<\/div><!-- col -->\t            \n\t        <\/div>\n<h3>Podobn\u00e9 v\u00fdrobky v in\u00fdch l\u00edniach<\/\n\n<h3\n[ux_products ids=\"16816,2671,11472,11420,2668,17628,16712,2667,16753,2661\"]\n<\/p>\n","protected":false},"excerpt":{"rendered":"<p>pre v\u0161etky typy poko\u017eky<br \/>\n50 ml &#8211; 1.69 fl.oz.<\/p>\n","protected":false},"featured_media":42566,"comment_status":"open","ping_status":"closed","template":"","meta":[],"_links":{"self":[{"href":"https:\/\/seacare.com\/sk\/wp-json\/wp\/v2\/product\/42565"}],"collection":[{"href":"https:\/\/seacare.com\/sk\/wp-json\/wp\/v2\/product"}],"about":[{"href":"https:\/\/seacare.com\/sk\/wp-json\/wp\/v2\/types\/product"}],"replies":[{"embeddable":true,"href":"https:\/\/seacare.com\/sk\/wp-json\/wp\/v2\/comments?post=42565"}],"wp:featuredmedia":[{"embeddable":true,"href":"https:\/\/seacare.com\/sk\/wp-json\/wp\/v2\/media\/42566"}],"wp:attachment":[{"href":"https:\/\/seacare.com\/sk\/wp-json\/wp\/v2\/media?parent=42565"}],"curies":[{"name":"wp","href":"https:\/\/api.w.org\/{rel}","templated":true}]}}