{"id":42686,"date":"2020-06-10T15:34:02","date_gmt":"2021-06-04T15:49:03","guid":{"rendered":"https:\/\/seacare.com\/ru\/?post_type=product&#038;p=42686"},"modified":"2021-06-08T15:33:49","modified_gmt":"2021-06-08T12:33:49","slug":"organicky-jojobovy-olej-na-tvar-30-ml-seacare","status":"publish","type":"product","link":"https:\/\/seacare.com\/sk\/produkt\/organicky-jojobovy-olej-na-tvar-30-ml-seacare\/","title":{"rendered":"Organick\u00fd jojobov\u00fd olej na tv\u00e1r, 30 ml, SeaCare"},"content":{"rendered":"<p>Certifikovan\u00fd ECOCERT organick\u00fd jojobov\u00fd olej na tv\u00e1r SeaCare okam\u017eite zvlh\u010duje a obnovuje zdrav\u00fa, hladk\u00fa a \u017eiariv\u00fa poko\u017eku. SeaCare jojobov\u00fd olej obsahuje v\u00fd\u017eivn\u00e9 l\u00e1tky, ako s\u00fa vitam\u00edny E a B, a tie\u017e antioxidanty a miner\u00e1ly, ako je chr\u00f3m, me\u010f a zinok, ktor\u00e9 vy\u017eivuj\u00fa a chr\u00e1nia poko\u017eku. Jojobov\u00fd olej m\u00f4\u017ee pom\u00f4c\u0165 spomali\u0165 proces starnutia a v\u00fdskyt vr\u00e1sok. Preto\u017ee je organick\u00fd jojobov\u00fd olej ve\u013emi podobn\u00fd ko\u017en\u00e9mu mazu, m\u00f4\u017ee sp\u00f4sobi\u0165, \u017ee si poko\u017eka bude myslie\u0165, \u017ee vytvorila dostatok oleja, a vyv\u00e1\u017ei tak svoju produkciu, \u010d\u00edm zabr\u00e1ni vzniku akn\u00e9 a \u010fal\u0161\u00edch ko\u017en\u00fdch probl\u00e9mov. Hydrata\u010dn\u00fd \u00fa\u010dinok jojobov\u00e9ho oleja upokojuje sp\u00e1lenie a pom\u00e1ha zni\u017eova\u0165 pravdepodobnos\u0165 odlupovania. Na rozdiel od in\u00fdch olejov na starostlivos\u0165 o poko\u017eku m\u00e1 organick\u00fd jojobov\u00fd olej SeaCare \u0161trukt\u00faru ve\u013emi podobn\u00fa pr\u00edrodn\u00fdm olejom na\u0161ej poko\u017eky, \u010do znamen\u00e1, \u017ee nielen hydratuje, ale aj r\u00fdchlej\u0161ie sa vstreb\u00e1va ako in\u00e9 oleje. Vhodn\u00fd pre v\u0161etky typy pleti!<\/p>\n<p><strong> Organick\u00e9 kozmetick\u00e9 v\u00fdrobky SeaCare sa vyr\u00e1baj\u00fa v s\u00falade s pr\u00edsnymi normami COSMOS a s\u00fa certifikovan\u00e9 spolo\u010dnos\u0165ou ECOCERT.<\/strong><\/p>\n<p><strong>N\u00e1vod na pou\u017eitie:<\/strong> Naneste nieko\u013eko kvapiek na dlane a jemne vmas\u00edrujte na tv\u00e1r a krk. Najlep\u0161ie v\u00fdsledky dosiahnete r\u00e1no a ve\u010der.<\/p>\n<h3>K\u013e\u00fa\u010dov\u00e9 ingrediencie<\/h3>\n<hr \/>\n<div class=\"row\"  id=\"row-1520483813\">\n<div class=\"col medium-6 small-12 large-6\"  ><div class=\"col-inner\"  >\n<div class=\"row\"  id=\"row-1566594963\">\n<div class=\"col medium-3 small-12 large-3\"  ><div class=\"col-inner\"  >\n    <div class=\"img has-hover x md-x lg-x y md-y lg-y\" id=\"image_167677756\">\n                <div class=\"img-inner dark\" >\n        <img loading=\"lazy\" decoding=\"async\" width=\"500\" height=\"500\" src=\"https:\/\/seacare.com\/wp-content\/uploads\/2017\/03\/jojoba.png\" class=\"attachment-large size-large\" alt=\"\u0416\u043e\u0436\u043e\u0431\u0430\" srcset=\"https:\/\/seacare.com\/wp-content\/uploads\/2017\/03\/jojoba.png 500w, https:\/\/seacare.com\/wp-content\/uploads\/2017\/03\/jojoba-280x280.png 280w, https:\/\/seacare.com\/wp-content\/uploads\/2017\/03\/jojoba-400x400.png 400w, https:\/\/seacare.com\/wp-content\/uploads\/2017\/03\/jojoba-180x180.png 180w, https:\/\/seacare.com\/wp-content\/uploads\/2017\/03\/jojoba-300x300.png 300w\" sizes=\"(max-width: 500px) 100vw, 500px\" \/>                \n            <\/div>\n                   \n<style scope=\"scope\">\n\n<\/style>\n    <\/div>\n    \n<\/div><\/div>\n<div class=\"col medium-9 small-12 large-9\"  ><div class=\"col-inner\"  >\n<h4 class=\"text-head\">Jojobov\u00fd olej<\/h4>\n<p>Jojobov\u00fd olej rob\u00ed poko\u017eku pevnou a pru\u017enou, zvlh\u010duje a menej ju vysu\u0161uje. Pom\u00e1ha proti vr\u00e1skam, proces starnutia sa v pleti spoma\u013euje, vyrovn\u00e1va sa farebn\u00fd t\u00f3n pleti. Pom\u00e1ha v boji <a href=\"\/sk\/jojobovy-olej\/\"> Podrobnej\u0161ie&#8230;<\/a><\/p>\n<\/div><\/div>\n<\/div>\n<\/div><\/div>\n<\/div>\n<h3>Ostatn\u00e9 v\u00fdrobky v l\u00ednii<\/h3>\n\n  \n    <div class=\"row large-columns-4 medium-columns- small-columns-2 row-small slider row-slider slider-nav-reveal slider-nav-push\"  data-flickity-options='{\"imagesLoaded\": true, \"groupCells\": \"100%\", \"dragThreshold\" : 5, \"cellAlign\": \"left\",\"wrapAround\": true,\"prevNextButtons\": true,\"percentPosition\": true,\"pageDots\": false, \"rightToLeft\": false, \"autoPlay\" : false}'>\n\n  \t\n\t            \t\t\t\t\t\n<div class=\"product-small col has-hover post-42680 product type-product status-publish has-post-thumbnail product_cat-kozmetika-na-tvar product_cat-organicka-kozmetika product_cat-pletove-oleje product_cat-prirodne-organicke-oleje first instock shipping-taxable purchasable product-type-simple\">\n\t<div class=\"col-inner\">\t\n\t\n<div class=\"badge-container absolute left top z-1\">\n<\/div>\t<div class=\"product-small box \">\n\t\t<div class=\"box-image\">\n\t\t\t<div class=\"image-none\">\n\t\t\t\t<a href=\"https:\/\/seacare.com\/sk\/produkt\/organicky-arganovy-olej-na-tvar-a-pery-30-ml-seacare\/\">\n\t\t\t\t\t<img loading=\"lazy\" decoding=\"async\" width=\"247\" height=\"300\" src=\"https:\/\/seacare.com\/wp-content\/uploads\/2020\/06\/Organic-Care-Argan-Face-Lip-Oil-SC-1-copy-247x300.jpg\" class=\"attachment-shop_catalog size-shop_catalog wp-post-image\" alt=\"Organic Care Argan Face &amp; Lip Oil \u041b\u0435\u0442\u0443\u0430\u043b\u044c\" title=\"Organic Care Argan Face &amp; Lip Oil \u041b\u0435\u0442\u0443\u0430\u043b\u044c\" \/>\t\t\t\t<\/a>\n\t\t\t<\/div>\n\t\t\t<div class=\"image-tools is-small top right show-on-hover\">\n\t\t\t\t\t\t\t<\/div>\n\t\t\t<div class=\"image-tools is-small hide-for-small bottom left show-on-hover\">\n\t\t\t\t\t\t\t<\/div>\n\t\t\t<div class=\"image-tools grid-tools text-center hide-for-small bottom hover-slide-in show-on-hover\">\n\t\t\t\t  <a class=\"quick-view\" data-prod=\"42680\" href=\"#quick-view\">Quick View<\/a>\t\t\t<\/div>\n\t\t\t\t\t<\/div><!-- box-image -->\n\n\t\t<div class=\"box-text box-text-products\">\n\t\t\t<div class=\"title-wrapper\">  <p class=\"category uppercase is-smaller no-text-overflow product-cat op-7\">\n        Kozmetika na tv\u00e1r   <\/p> <p class=\"name product-title\"><a href=\"https:\/\/seacare.com\/sk\/produkt\/organicky-arganovy-olej-na-tvar-a-pery-30-ml-seacare\/\">Organick\u00fd arganov\u00fd olej na tv\u00e1r a pery, 30 ml, SeaCare<\/a><\/p><\/div><div class=\"price-wrapper\">\n\t<span class=\"price\"><span class=\"woocommerce-Price-amount amount\"><span class=\"woocommerce-Price-currencySymbol\">&#36;<\/span>&nbsp;59.90<\/span><\/span>\n<\/div>\t\t<\/div><!-- box-text -->\n\t<\/div><!-- box -->\n\t\t<\/div><!-- .col-inner -->\n<\/div><!-- col -->\t            \n\t        <\/div>\n<h3>Podobn\u00e9 v\u00fdrobky v in\u00fdch l\u00edniach<\/h3>\n\n  \n    <div class=\"row large-columns-4 medium-columns- small-columns-2 row-small slider row-slider slider-nav-reveal slider-nav-push\"  data-flickity-options='{\"imagesLoaded\": true, \"groupCells\": \"100%\", \"dragThreshold\" : 5, \"cellAlign\": \"left\",\"wrapAround\": true,\"prevNextButtons\": true,\"percentPosition\": true,\"pageDots\": false, \"rightToLeft\": false, \"autoPlay\" : false}'>\n\n  \t\n\t            \t\t\t\t\t\n<div class=\"product-small col has-hover post-43118 product type-product status-publish has-post-thumbnail product_cat-kozmetika-na-tvar product_cat-kozmetika-proti-akne product_cat-kremy-na-tvar-a-oci product_cat-linia-proti-akne first instock shipping-taxable purchasable product-type-simple\">\n\t<div class=\"col-inner\">\t\n\t\n<div class=\"badge-container absolute left top z-1\">\n<\/div>\t<div class=\"product-small box \">\n\t\t<div class=\"box-image\">\n\t\t\t<div class=\"image-none\">\n\t\t\t\t<a href=\"https:\/\/seacare.com\/sk\/produkt\/krem-proti-vzniku-akne-a-ciernych-bodiek-50-ml-seacare\/\">\n\t\t\t\t\t<img loading=\"lazy\" decoding=\"async\" width=\"247\" height=\"300\" src=\"https:\/\/seacare.com\/wp-content\/uploads\/2019\/11\/1-2-247x300.jpg\" class=\"attachment-shop_catalog size-shop_catalog wp-post-image\" alt=\"1\" title=\"1\" \/>\t\t\t\t<\/a>\n\t\t\t<\/div>\n\t\t\t<div class=\"image-tools is-small top right show-on-hover\">\n\t\t\t\t\t\t\t<\/div>\n\t\t\t<div class=\"image-tools is-small hide-for-small bottom left show-on-hover\">\n\t\t\t\t\t\t\t<\/div>\n\t\t\t<div class=\"image-tools grid-tools text-center hide-for-small bottom hover-slide-in show-on-hover\">\n\t\t\t\t  <a class=\"quick-view\" data-prod=\"43118\" href=\"#quick-view\">Quick View<\/a>\t\t\t<\/div>\n\t\t\t\t\t<\/div><!-- box-image -->\n\n\t\t<div class=\"box-text box-text-products\">\n\t\t\t<div class=\"title-wrapper\">  <p class=\"category uppercase is-smaller no-text-overflow product-cat op-7\">\n        Kozmetika na tv\u00e1r   <\/p> <p class=\"name product-title\"><a href=\"https:\/\/seacare.com\/sk\/produkt\/krem-proti-vzniku-akne-a-ciernych-bodiek-50-ml-seacare\/\">Kr\u00e9m proti vzniku akn\u00e9 a \u010diernych bodiek, 50 ml, SeaCare<\/a><\/p><\/div><div class=\"price-wrapper\">\n\t<span class=\"price\"><span class=\"woocommerce-Price-amount amount\"><span class=\"woocommerce-Price-currencySymbol\">&#36;<\/span>&nbsp;58.90<\/span><\/span>\n<\/div>\t\t<\/div><!-- box-text -->\n\t<\/div><!-- box -->\n\t\t<\/div><!-- .col-inner -->\n<\/div><!-- col -->\t            \t\t\t\t\t\n<div class=\"product-small col has-hover post-42577 product type-product status-publish has-post-thumbnail product_cat-kozmetika-na-tvar product_cat-kozmetika-proti-starnutiu product_cat-kremy-na-tvar-a-oci product_cat-omladzujuca-organicka-linia product_cat-organicka-kozmetika product_tag-hladka-pokozka-tvare product_tag-mladistva-pokozka-tvare product_tag-nocny-krem product_tag-omladzovanie  instock shipping-taxable purchasable product-type-simple\">\n\t<div class=\"col-inner\">\t\n\t\n<div class=\"badge-container absolute left top z-1\">\n<\/div>\t<div class=\"product-small box \">\n\t\t<div class=\"box-image\">\n\t\t\t<div class=\"image-none\">\n\t\t\t\t<a href=\"https:\/\/seacare.com\/sk\/produkt\/omladzujuci-organicky-nocny-krem-50-ml-seacare\/\">\n\t\t\t\t\t<img loading=\"lazy\" decoding=\"async\" width=\"247\" height=\"247\" src=\"https:\/\/seacare.com\/wp-content\/uploads\/2019\/10\/11-\u043a\u043e\u043f\u0438\u044f.jpg\" class=\"attachment-shop_catalog size-shop_catalog wp-post-image\" alt=\"\u041e\u043c\u043e\u043b\u0430\u0436\u0438\u0432\u0430\u044e\u0449\u0438\u0439 \u041d\u043e\u0447\u043d\u043e\u0439 \u041a\u0440\u0435\u043c\" title=\"\u041e\u043c\u043e\u043b\u0430\u0436\u0438\u0432\u0430\u044e\u0449\u0438\u0439 \u041d\u043e\u0447\u043d\u043e\u0439 \u041a\u0440\u0435\u043c\" \/>\t\t\t\t<\/a>\n\t\t\t<\/div>\n\t\t\t<div class=\"image-tools is-small top right show-on-hover\">\n\t\t\t\t\t\t\t<\/div>\n\t\t\t<div class=\"image-tools is-small hide-for-small bottom left show-on-hover\">\n\t\t\t\t\t\t\t<\/div>\n\t\t\t<div class=\"image-tools grid-tools text-center hide-for-small bottom hover-slide-in show-on-hover\">\n\t\t\t\t  <a class=\"quick-view\" data-prod=\"42577\" href=\"#quick-view\">Quick View<\/a>\t\t\t<\/div>\n\t\t\t\t\t<\/div><!-- box-image -->\n\n\t\t<div class=\"box-text box-text-products\">\n\t\t\t<div class=\"title-wrapper\">  <p class=\"category uppercase is-smaller no-text-overflow product-cat op-7\">\n        Kozmetika na tv\u00e1r   <\/p> <p class=\"name product-title\"><a href=\"https:\/\/seacare.com\/sk\/produkt\/omladzujuci-organicky-nocny-krem-50-ml-seacare\/\">Omladzuj\u00faci organick\u00fd no\u010dn\u00fd kr\u00e9m, 50 ml, SeaCare<\/a><\/p><\/div><div class=\"price-wrapper\">\n\t<span class=\"price\"><span class=\"woocommerce-Price-amount amount\"><span class=\"woocommerce-Price-currencySymbol\">&#36;<\/span>&nbsp;44.90<\/span><\/span>\n<\/div>\t\t<\/div><!-- box-text -->\n\t<\/div><!-- box -->\n\t\t<\/div><!-- .col-inner -->\n<\/div><!-- col -->\t            \t\t\t\t\t\n<div class=\"product-small col has-hover post-42657 product type-product status-publish has-post-thumbnail product_cat-kozmetika-na-tvar product_cat-kozmetika-proti-starnutiu product_cat-kremy-na-tvar-a-oci product_cat-multivitaminova-linia product_tag-hladka-pokozka product_tag-krasna-pokozka product_tag-vitaminy-sk-2  instock shipping-taxable purchasable product-type-simple\">\n\t<div class=\"col-inner\">\t\n\t\n<div class=\"badge-container absolute left top z-1\">\n<\/div>\t<div class=\"product-small box \">\n\t\t<div class=\"box-image\">\n\t\t\t<div class=\"image-none\">\n\t\t\t\t<a href=\"https:\/\/seacare.com\/sk\/produkt\/multivitaminovy-denny-krem-50-ml-seacare\/\">\n\t\t\t\t\t<img loading=\"lazy\" decoding=\"async\" width=\"247\" height=\"300\" src=\"https:\/\/seacare.com\/wp-content\/uploads\/2017\/03\/\u0412\u0438\u0442\u0430\u043c\u0438\u043d_\u0414\u043d\u0435\u0432\u043d\u043e\u0439-107-247x300.jpg\" class=\"attachment-shop_catalog size-shop_catalog wp-post-image\" alt=\"\u0412\u0438\u0442\u0430\u043c\u0438\u043d_\u0414\u043d\u0435\u0432\u043d\u043e\u0439 107\" title=\"\u0412\u0438\u0442\u0430\u043c\u0438\u043d_\u0414\u043d\u0435\u0432\u043d\u043e\u0439 107\" \/>\t\t\t\t<\/a>\n\t\t\t<\/div>\n\t\t\t<div class=\"image-tools is-small top right show-on-hover\">\n\t\t\t\t\t\t\t<\/div>\n\t\t\t<div class=\"image-tools is-small hide-for-small bottom left show-on-hover\">\n\t\t\t\t\t\t\t<\/div>\n\t\t\t<div class=\"image-tools grid-tools text-center hide-for-small bottom hover-slide-in show-on-hover\">\n\t\t\t\t  <a class=\"quick-view\" data-prod=\"42657\" href=\"#quick-view\">Quick View<\/a>\t\t\t<\/div>\n\t\t\t\t\t<\/div><!-- box-image -->\n\n\t\t<div class=\"box-text box-text-products\">\n\t\t\t<div class=\"title-wrapper\">  <p class=\"category uppercase is-smaller no-text-overflow product-cat op-7\">\n        Kozmetika na tv\u00e1r   <\/p> <p class=\"name product-title\"><a href=\"https:\/\/seacare.com\/sk\/produkt\/multivitaminovy-denny-krem-50-ml-seacare\/\">Multivitam\u00ednov\u00fd denn\u00fd kr\u00e9m, 50 ml, SeaCare<\/a><\/p><\/div><div class=\"price-wrapper\">\n\t<span class=\"price\"><span class=\"woocommerce-Price-amount amount\"><span class=\"woocommerce-Price-currencySymbol\">&#36;<\/span>&nbsp;45.90<\/span><\/span>\n<\/div>\t\t<\/div><!-- box-text -->\n\t<\/div><!-- box -->\n\t\t<\/div><!-- .col-inner -->\n<\/div><!-- col -->\t            \t\t\t\t\t\n<div class=\"product-small col has-hover post-42565 product type-product status-publish has-post-thumbnail product_cat-kozmetika-na-tvar product_cat-kozmetika-proti-starnutiu product_cat-linia-proti-starnutiu product_cat-sera-na-tvar-a-oci product_tag-hladka-pokozka-tvare product_tag-krasna-pokozka product_tag-mladistva-pokozka-tvare product_tag-omladzovanie last instock shipping-taxable purchasable product-type-simple\">\n\t<div class=\"col-inner\">\t\n\t\n<div class=\"badge-container absolute left top z-1\">\n<\/div>\t<div class=\"product-small box \">\n\t\t<div class=\"box-image\">\n\t\t\t<div class=\"image-none\">\n\t\t\t\t<a href=\"https:\/\/seacare.com\/sk\/produkt\/anti-aging-serum-na-tvar-50-ml-seacare\/\">\n\t\t\t\t\t<img loading=\"lazy\" decoding=\"async\" width=\"247\" height=\"300\" src=\"https:\/\/seacare.com\/wp-content\/uploads\/2017\/03\/1-20-247x300.jpg\" class=\"attachment-shop_catalog size-shop_catalog wp-post-image\" alt=\"1\" title=\"1\" \/>\t\t\t\t<\/a>\n\t\t\t<\/div>\n\t\t\t<div class=\"image-tools is-small top right show-on-hover\">\n\t\t\t\t\t\t\t<\/div>\n\t\t\t<div class=\"image-tools is-small hide-for-small bottom left show-on-hover\">\n\t\t\t\t\t\t\t<\/div>\n\t\t\t<div class=\"image-tools grid-tools text-center hide-for-small bottom hover-slide-in show-on-hover\">\n\t\t\t\t  <a class=\"quick-view\" data-prod=\"42565\" href=\"#quick-view\">Quick View<\/a>\t\t\t<\/div>\n\t\t\t\t\t<\/div><!-- box-image -->\n\n\t\t<div class=\"box-text box-text-products\">\n\t\t\t<div class=\"title-wrapper\">  <p class=\"category uppercase is-smaller no-text-overflow product-cat op-7\">\n        Kozmetika na tv\u00e1r   <\/p> <p class=\"name product-title\"><a href=\"https:\/\/seacare.com\/sk\/produkt\/anti-aging-serum-na-tvar-50-ml-seacare\/\">Anti-aging s\u00e9rum na tv\u00e1r, 50 ml, SeaCare<\/a><\/p><\/div><div class=\"price-wrapper\">\n\t<span class=\"price\"><span class=\"woocommerce-Price-amount amount\"><span class=\"woocommerce-Price-currencySymbol\">&#36;<\/span>&nbsp;56.90<\/span><\/span>\n<\/div>\t\t<\/div><!-- box-text -->\n\t<\/div><!-- box -->\n\t\t<\/div><!-- .col-inner -->\n<\/div><!-- col -->\t            \t\t\t\t\t\n<div class=\"product-small col has-hover post-42461 product type-product status-publish has-post-thumbnail product_cat-24k-gold-linia-sk product_cat-kozmetika-na-tvar product_cat-kozmetika-proti-starnutiu product_cat-sera-na-tvar-a-oci product_tag-krasna-pokozka product_tag-mladistva-pokozka-tvare product_tag-omladzovanie first instock shipping-taxable purchasable product-type-simple\">\n\t<div class=\"col-inner\">\t\n\t\n<div class=\"badge-container absolute left top z-1\">\n<\/div>\t<div class=\"product-small box \">\n\t\t<div class=\"box-image\">\n\t\t\t<div class=\"image-none\">\n\t\t\t\t<a href=\"https:\/\/seacare.com\/sk\/produkt\/anti-aging-spevnujuce-serum-proti-50-ml-seacare\/\">\n\t\t\t\t\t<img loading=\"lazy\" decoding=\"async\" width=\"247\" height=\"300\" src=\"https:\/\/seacare.com\/wp-content\/uploads\/2018\/10\/1-3-247x300.jpg\" class=\"attachment-shop_catalog size-shop_catalog wp-post-image\" alt=\"1\" title=\"1\" \/>\t\t\t\t<\/a>\n\t\t\t<\/div>\n\t\t\t<div class=\"image-tools is-small top right show-on-hover\">\n\t\t\t\t\t\t\t<\/div>\n\t\t\t<div class=\"image-tools is-small hide-for-small bottom left show-on-hover\">\n\t\t\t\t\t\t\t<\/div>\n\t\t\t<div class=\"image-tools grid-tools text-center hide-for-small bottom hover-slide-in show-on-hover\">\n\t\t\t\t  <a class=\"quick-view\" data-prod=\"42461\" href=\"#quick-view\">Quick View<\/a>\t\t\t<\/div>\n\t\t\t\t\t<\/div><!-- box-image -->\n\n\t\t<div class=\"box-text box-text-products\">\n\t\t\t<div class=\"title-wrapper\">  <p class=\"category uppercase is-smaller no-text-overflow product-cat op-7\">\n        24K Gold l\u00ednia   <\/p> <p class=\"name product-title\"><a href=\"https:\/\/seacare.com\/sk\/produkt\/anti-aging-spevnujuce-serum-proti-50-ml-seacare\/\">Anti-aging spev\u0148uj\u00face s\u00e9rum proti, 50 ml, SeaCare<\/a><\/p><\/div><div class=\"price-wrapper\">\n\t<span class=\"price\"><span class=\"woocommerce-Price-amount amount\"><span class=\"woocommerce-Price-currencySymbol\">&#36;<\/span>&nbsp;64.90<\/span><\/span>\n<\/div>\t\t<\/div><!-- box-text -->\n\t<\/div><!-- box -->\n\t\t<\/div><!-- .col-inner -->\n<\/div><!-- col -->\t            \t\t\t\t\t\n<div class=\"product-small col has-hover post-42624 product type-product status-publish has-post-thumbnail product_cat-kozmetika-na-tvar product_cat-kozmetika-proti-starnutiu product_cat-omladzujuca-organicka-linia product_cat-organicka-kozmetika product_cat-sera-na-tvar-a-oci product_tag-hladka-pokozka product_tag-hladka-pokozka-tvare product_tag-mladistva-pokozka-tvare product_tag-omladzovanie  instock shipping-taxable purchasable product-type-simple\">\n\t<div class=\"col-inner\">\t\n\t\n<div class=\"badge-container absolute left top z-1\">\n<\/div>\t<div class=\"product-small box \">\n\t\t<div class=\"box-image\">\n\t\t\t<div class=\"image-none\">\n\t\t\t\t<a href=\"https:\/\/seacare.com\/sk\/produkt\/omladzujuce-organicke-serum-na-tvar-50-ml-seacare\/\">\n\t\t\t\t\t<img loading=\"lazy\" decoding=\"async\" width=\"247\" height=\"300\" src=\"https:\/\/seacare.com\/wp-content\/uploads\/2019\/10\/1-4-247x300.jpg\" class=\"attachment-shop_catalog size-shop_catalog wp-post-image\" alt=\"1\" title=\"1\" \/>\t\t\t\t<\/a>\n\t\t\t<\/div>\n\t\t\t<div class=\"image-tools is-small top right show-on-hover\">\n\t\t\t\t\t\t\t<\/div>\n\t\t\t<div class=\"image-tools is-small hide-for-small bottom left show-on-hover\">\n\t\t\t\t\t\t\t<\/div>\n\t\t\t<div class=\"image-tools grid-tools text-center hide-for-small bottom hover-slide-in show-on-hover\">\n\t\t\t\t  <a class=\"quick-view\" data-prod=\"42624\" href=\"#quick-view\">Quick View<\/a>\t\t\t<\/div>\n\t\t\t\t\t<\/div><!-- box-image -->\n\n\t\t<div class=\"box-text box-text-products\">\n\t\t\t<div class=\"title-wrapper\">  <p class=\"category uppercase is-smaller no-text-overflow product-cat op-7\">\n        Kozmetika na tv\u00e1r   <\/p> <p class=\"name product-title\"><a href=\"https:\/\/seacare.com\/sk\/produkt\/omladzujuce-organicke-serum-na-tvar-50-ml-seacare\/\">Omladzuj\u00face organick\u00e9 s\u00e9rum na tv\u00e1r, 50 ml, SeaCare<\/a><\/p><\/div><div class=\"price-wrapper\">\n\t<span class=\"price\"><span class=\"woocommerce-Price-amount amount\"><span class=\"woocommerce-Price-currencySymbol\">&#36;<\/span>&nbsp;48.90<\/span><\/span>\n<\/div>\t\t<\/div><!-- box-text -->\n\t<\/div><!-- box -->\n\t\t<\/div><!-- .col-inner -->\n<\/div><!-- col -->\t            \n\t        <\/div>\n","protected":false},"excerpt":{"rendered":"<p>pre v\u0161etky typy poko\u017eky<br \/>\n30\u00a0ml &#8211; 1,0 fl.oz.<\/p>\n","protected":false},"featured_media":59486,"comment_status":"open","ping_status":"closed","template":"","meta":[],"_links":{"self":[{"href":"https:\/\/seacare.com\/sk\/wp-json\/wp\/v2\/product\/42686"}],"collection":[{"href":"https:\/\/seacare.com\/sk\/wp-json\/wp\/v2\/product"}],"about":[{"href":"https:\/\/seacare.com\/sk\/wp-json\/wp\/v2\/types\/product"}],"replies":[{"embeddable":true,"href":"https:\/\/seacare.com\/sk\/wp-json\/wp\/v2\/comments?post=42686"}],"wp:featuredmedia":[{"embeddable":true,"href":"https:\/\/seacare.com\/sk\/wp-json\/wp\/v2\/media\/59486"}],"wp:attachment":[{"href":"https:\/\/seacare.com\/sk\/wp-json\/wp\/v2\/media?parent=42686"}],"curies":[{"name":"wp","href":"https:\/\/api.w.org\/{rel}","templated":true}]}}