{"id":42704,"date":"2020-07-16T10:46:13","date_gmt":"2021-06-07T09:58:58","guid":{"rendered":"https:\/\/seacare.com\/ru\/?post_type=product&#038;p=42704"},"modified":"2021-06-08T15:31:26","modified_gmt":"2021-06-08T12:31:26","slug":"mlieko-na-ruky-150-ml-seacare","status":"publish","type":"product","link":"https:\/\/seacare.com\/sk\/produkt\/mlieko-na-ruky-150-ml-seacare\/","title":{"rendered":"Mlieko na ruky, 150 ml, SeaCare"},"content":{"rendered":"<p>Mlieko na ruky SeaCare obsahuje starostlivo vybran\u00e9 kombin\u00e1cie \u00fa\u010dinn\u00fdch l\u00e1tok, pr\u00edrodn\u00fdch olejov a miner\u00e1lov. Recept\u00fara je obohaten\u00e1 o miner\u00e1ly z M\u0155tveho mora a obsahuje tie\u017e Dermosoft OMP, multifunk\u010dn\u00fa zlo\u017eku so silnou antimikrobi\u00e1lnou aktivitou, zvlh\u010duj\u00facimi a regenera\u010dn\u00fdmi vlastnos\u0165ami; a Pentavit\u00edn, 100% pr\u00edrodn\u00fd bylinn\u00fd extrakt, ktor\u00fd m\u00e1 zvlh\u010dovacie vlastnosti a poskytuje zlep\u0161en\u00fa ochranu poko\u017eky pred dehydrat\u00e1ciou a citlivos\u0165ou. \u013dahk\u00e1 text\u00fara, ktor\u00e1 sa r\u00fdchlo vstreb\u00e1va. Mlieko obsahuje aj hamamel, pr\u00edrodn\u00fa zlo\u017eku, ktor\u00e1 zlep\u0161uje vzh\u013ead suchej alebo drsnej poko\u017eky, redukuje odlupovanie a obnovuje pru\u017enos\u0165 poko\u017eky; Kyselina hyalur\u00f3nov\u00e1, ktor\u00e1 podporuje synt\u00e9zu kolag\u00e9nu a tie\u017e udr\u017euje vlhkos\u0165 poko\u017eky; Bambuck\u00e9 maslo, mandle a skval\u00e1nov\u00e9 maslo, \u00fa\u010dinn\u00e9 pr\u00edrodn\u00e9 zlo\u017eky, ktor\u00e9 hydratuj\u00fa a zjem\u0148uj\u00fa poko\u017eku. Mlieko na ruky SeaCare hydratuje, uvo\u013e\u0148uje a upokojuje unaven\u00fa poko\u017eku a zanech\u00e1va ju jemn\u00fa, hebk\u00fa a hladk\u00fa.<\/p>\n<p><strong>N\u00e1vod na pou\u017eitie:<\/strong> Naneste na ruky kr\u00fa\u017eiv\u00fdmi pohybmi, a\u017e k\u00fdm sa \u00faplne kr\u00e9m nevstrebe.<\/p>\n<h3>K\u013e\u00fa\u010dov\u00e9 ingrediencie<\/h3>\n<hr \/>\n<div class=\"row\"  id=\"row-818686508\">\n<div class=\"col medium-6 small-12 large-6\"  ><div class=\"col-inner\"  >\n<div class=\"row\"  id=\"row-543482354\">\n<div class=\"col medium-3 small-12 large-3\"  ><div class=\"col-inner\"  >\n    <div class=\"img has-hover x md-x lg-x y md-y lg-y\" id=\"image_1132727145\">\n                <div class=\"img-inner dark\" >\n        <img loading=\"lazy\" decoding=\"async\" width=\"500\" height=\"500\" src=\"https:\/\/seacare.com\/wp-content\/uploads\/2017\/03\/minerals-1.png\" class=\"attachment-large size-large\" alt=\"\" srcset=\"https:\/\/seacare.com\/wp-content\/uploads\/2017\/03\/minerals-1.png 500w, https:\/\/seacare.com\/wp-content\/uploads\/2017\/03\/minerals-1-280x280.png 280w, https:\/\/seacare.com\/wp-content\/uploads\/2017\/03\/minerals-1-400x400.png 400w, https:\/\/seacare.com\/wp-content\/uploads\/2017\/03\/minerals-1-180x180.png 180w, https:\/\/seacare.com\/wp-content\/uploads\/2017\/03\/minerals-1-300x300.png 300w\" sizes=\"(max-width: 500px) 100vw, 500px\" \/>                \n            <\/div>\n                   \n<style scope=\"scope\">\n\n<\/style>\n    <\/div>\n    \n<\/div><\/div>\n<div class=\"col medium-9 small-12 large-9\"  ><div class=\"col-inner\"  >\n<h4>Miner\u00e1ly z M\u0155tveho mora<\/h4>\n<p>M\u0155tve more obsahuje viac ako 20 miner\u00e1lov, ktor\u00e9 preuk\u00e1zate\u013ene zlep\u0161uj\u00fa vzh\u013ead poko\u017eky a udr\u017eiavaj\u00fa ju zdrav\u00fa a mladistv\u00fa. Dokonca aj rastliny rast\u00face pozd\u013a\u017e pobre\u017eia M\u0155tveho mora maj\u00fa<a href=\"\/sk\/mineraly-z-mrtveho-mora\/\"> Podrobnej\u0161ie&#8230;<\/a><\/p>\n<\/div><\/div>\n<\/div>\n<\/div><\/div>\n<div class=\"col medium-6 small-12 large-6\"  ><div class=\"col-inner\"  >\n<div class=\"row\"  id=\"row-990323274\">\n<div class=\"col medium-3 small-12 large-3\"  ><div class=\"col-inner\"  >\n    <div class=\"img has-hover x md-x lg-x y md-y lg-y\" id=\"image_1672898641\">\n                <div class=\"img-inner dark\" >\n        <img loading=\"lazy\" decoding=\"async\" width=\"500\" height=\"500\" src=\"https:\/\/seacare.com\/wp-content\/uploads\/2017\/03\/hamamelis.png\" class=\"attachment-large size-large\" alt=\"\" srcset=\"https:\/\/seacare.com\/wp-content\/uploads\/2017\/03\/hamamelis.png 500w, https:\/\/seacare.com\/wp-content\/uploads\/2017\/03\/hamamelis-280x280.png 280w, https:\/\/seacare.com\/wp-content\/uploads\/2017\/03\/hamamelis-400x400.png 400w, https:\/\/seacare.com\/wp-content\/uploads\/2017\/03\/hamamelis-180x180.png 180w, https:\/\/seacare.com\/wp-content\/uploads\/2017\/03\/hamamelis-300x300.png 300w\" sizes=\"(max-width: 500px) 100vw, 500px\" \/>                \n            <\/div>\n                   \n<style scope=\"scope\">\n\n<\/style>\n    <\/div>\n    \n<\/div><\/div>\n<div class=\"col medium-9 small-12 large-9\"  ><div class=\"col-inner\"  >\n<h4>Hamamel<\/h4>\n<p>Hamamel chr\u00e1ni poko\u017eku pred z\u00e1palmi sp\u00f4soben\u00fdmi vo\u013en\u00fdmi radik\u00e1lmi v ko\u017en\u00fdch bunk\u00e1ch. Hamamel m\u00e1 antiseptick\u00e9, s\u0165ahuj\u00face, protiz\u00e1palov\u00e9 \u00fa\u010dinky, m\u00e1 perfektn\u00e9 vlastnosti <a href=\"\/sk\/hamamel\/\"> Podrobnej\u0161ie&#8230;<\/a><\/p>\n<\/div><\/div>\n<\/div>\n<\/div><\/div>\n<div class=\"col medium-6 small-12 large-6\"  ><div class=\"col-inner\"  >\n<div class=\"row\"  id=\"row-1298264093\">\n<div class=\"col medium-3 small-12 large-3\"  ><div class=\"col-inner\"  >\n    <div class=\"img has-hover x md-x lg-x y md-y lg-y\" id=\"image_1196341410\">\n                <div class=\"img-inner dark\" >\n        <img loading=\"lazy\" decoding=\"async\" width=\"500\" height=\"500\" src=\"https:\/\/seacare.com\/wp-content\/uploads\/2017\/03\/pentavitin.png\" class=\"attachment-large size-large\" alt=\"\" srcset=\"https:\/\/seacare.com\/wp-content\/uploads\/2017\/03\/pentavitin.png 500w, https:\/\/seacare.com\/wp-content\/uploads\/2017\/03\/pentavitin-280x280.png 280w, https:\/\/seacare.com\/wp-content\/uploads\/2017\/03\/pentavitin-400x400.png 400w, https:\/\/seacare.com\/wp-content\/uploads\/2017\/03\/pentavitin-180x180.png 180w, https:\/\/seacare.com\/wp-content\/uploads\/2017\/03\/pentavitin-300x300.png 300w\" sizes=\"(max-width: 500px) 100vw, 500px\" \/>                \n            <\/div>\n                   \n<style scope=\"scope\">\n\n<\/style>\n    <\/div>\n    \n<\/div><\/div>\n<div class=\"col medium-9 small-12 large-9\"  ><div class=\"col-inner\"  >\n<h4 class=\"text-head\">PENTAVITIN\u00ae<\/h4>\n<p>PENTAVITIN\u00ae je to 100% pr\u00edrodn\u00e1 bylinn\u00e1 zlo\u017eka. Jeho \u00fa\u010dinnos\u0165 je zalo\u017een\u00e1 na jedine\u010dnom zlo\u017een\u00ed, ktor\u00e9 je podobn\u00e9 sacharidov\u00e9mu komplexu obsiahnut\u00e9mu v \u013eudskej poko\u017eke <a href=\"\/sk\/pentavitin\/\"> Podrobnej\u0161ie&#8230;<\/a><\/p>\n<\/div><\/div>\n<\/div>\n<\/div><\/div>\n<div class=\"col medium-6 small-12 large-6\"  ><div class=\"col-inner\"  >\n<div class=\"row\"  id=\"row-796580461\">\n<div class=\"col medium-3 small-12 large-3\"  ><div class=\"col-inner\"  >\n    <div class=\"img has-hover x md-x lg-x y md-y lg-y\" id=\"image_2036799475\">\n                <div class=\"img-inner dark\" >\n        <img loading=\"lazy\" decoding=\"async\" width=\"500\" height=\"500\" src=\"https:\/\/seacare.com\/wp-content\/uploads\/2020\/07\/3.jpg\" class=\"attachment-large size-large\" alt=\"\" srcset=\"https:\/\/seacare.com\/wp-content\/uploads\/2020\/07\/3.jpg 500w, https:\/\/seacare.com\/wp-content\/uploads\/2020\/07\/3-247x247.jpg 247w, https:\/\/seacare.com\/wp-content\/uploads\/2020\/07\/3-400x400.jpg 400w, https:\/\/seacare.com\/wp-content\/uploads\/2020\/07\/3-180x180.jpg 180w\" sizes=\"(max-width: 500px) 100vw, 500px\" \/>                \n            <\/div>\n                   \n<style scope=\"scope\">\n\n<\/style>\n    <\/div>\n    \n<\/div><\/div>\n<div class=\"col medium-9 small-12 large-9\"  ><div class=\"col-inner\"  >\n<h4 class=\"text-head\">Dermosoft\u00ae OMP<\/h4>\n<p>Dermosoft\u00ae OMP  je to multifunk\u010dn\u00e1 kozmetick\u00e1 pr\u00edsada so silnou antimikrobi\u00e1lnou aktivitou, zvlh\u010duj\u00facimi a regenera\u010dn\u00fdmi vlastnos\u0165ami. Dermosoft OMP je vyroben\u00fd zo zmesi  <a href=\"\/sk\/dermosoft-omp\/\">Podrobnej\u0161ie&#8230;<\/a><\/p>\n<\/div><\/div>\n<\/div>\n<\/div><\/div>\n<div class=\"col medium-6 small-12 large-6\"  ><div class=\"col-inner\"  >\n<div class=\"row\"  id=\"row-9585006\">\n<div class=\"col medium-3 small-12 large-3\"  ><div class=\"col-inner\"  >\n    <div class=\"img has-hover x md-x lg-x y md-y lg-y\" id=\"image_1519146543\">\n                <div class=\"img-inner dark\" >\n        <img loading=\"lazy\" decoding=\"async\" width=\"500\" height=\"500\" src=\"https:\/\/seacare.com\/wp-content\/uploads\/2017\/03\/shea.png\" class=\"attachment-large size-large\" alt=\"\" srcset=\"https:\/\/seacare.com\/wp-content\/uploads\/2017\/03\/shea.png 500w, https:\/\/seacare.com\/wp-content\/uploads\/2017\/03\/shea-280x280.png 280w, https:\/\/seacare.com\/wp-content\/uploads\/2017\/03\/shea-400x400.png 400w, https:\/\/seacare.com\/wp-content\/uploads\/2017\/03\/shea-180x180.png 180w, https:\/\/seacare.com\/wp-content\/uploads\/2017\/03\/shea-300x300.png 300w\" sizes=\"(max-width: 500px) 100vw, 500px\" \/>                \n            <\/div>\n                   \n<style scope=\"scope\">\n\n<\/style>\n    <\/div>\n    \n<\/div><\/div>\n<div class=\"col medium-9 small-12 large-9\"  ><div class=\"col-inner\"  >\n<h4>Bambuck\u00e9 maslo<\/h4>\n<p>Bambuck\u00e9 maslo je d\u00f4le\u017eit\u00e9 pri lie\u010dbe ko\u017en\u00fdch probl\u00e9mov, ako s\u00fa \u0161kvrny, vr\u00e1sky, ekz\u00e9my a dermatit\u00eddy. Bambuck\u00e9 maslo m\u00e1 tie\u017e vlastnosti na lie\u010denie alergi\u00ed, bodnut\u00ed hmyzom <a href=\"\/sk\/bambucke-maslo\/\">Podrobnej\u0161ie&#8230;<\/a><\/p>\n<\/div><\/div>\n<\/div>\n<\/div><\/div>\n<div class=\"col medium-6 small-12 large-6\"  ><div class=\"col-inner\"  >\n<div class=\"row\"  id=\"row-177429044\">\n<div class=\"col medium-3 small-12 large-3\"  ><div class=\"col-inner\"  >\n    <div class=\"img has-hover x md-x lg-x y md-y lg-y\" id=\"image_1223927558\">\n                <div class=\"img-inner dark\" >\n        <img loading=\"lazy\" decoding=\"async\" width=\"500\" height=\"500\" src=\"https:\/\/seacare.com\/wp-content\/uploads\/2017\/03\/mindal.png\" class=\"attachment-large size-large\" alt=\"\" srcset=\"https:\/\/seacare.com\/wp-content\/uploads\/2017\/03\/mindal.png 500w, https:\/\/seacare.com\/wp-content\/uploads\/2017\/03\/mindal-280x280.png 280w, https:\/\/seacare.com\/wp-content\/uploads\/2017\/03\/mindal-400x400.png 400w, https:\/\/seacare.com\/wp-content\/uploads\/2017\/03\/mindal-180x180.png 180w, https:\/\/seacare.com\/wp-content\/uploads\/2017\/03\/mindal-300x300.png 300w\" sizes=\"(max-width: 500px) 100vw, 500px\" \/>                \n            <\/div>\n                   \n<style scope=\"scope\">\n\n<\/style>\n    <\/div>\n    \n<\/div><\/div>\n<div class=\"col medium-9 small-12 large-9\"  ><div class=\"col-inner\"  >\n<h4>Mand\u013eov\u00fd olej<\/h4>\n<p>Pou\u017e\u00edvan\u00edm pr\u00edrodn\u00fdch kozmetick\u00fdch v\u00fdrobkov s extraktom zo sladk\u00e9ho mand\u013eov\u00e9ho oleja pri ka\u017edodennej starostlivosti bud\u00fa va\u0161e vlasy leskl\u00e9, siln\u00e9 a zdrav\u00e9. Prospe\u0161n\u00e9 vitam\u00edny, tuky <a href=\"\/sk\/mandlovy-olej\/\"> Podrobnej\u0161ie&#8230;<\/a><\/p>\n<\/div><\/div>\n<\/div>\n<\/div><\/div>\n<div class=\"col medium-6 small-12 large-6\"  ><div class=\"col-inner\"  >\n<div class=\"row\"  id=\"row-75586921\">\n<div class=\"col medium-3 small-12 large-3\"  ><div class=\"col-inner\"  >\n    <div class=\"img has-hover x md-x lg-x y md-y lg-y\" id=\"image_410395036\">\n                <div class=\"img-inner dark\" >\n        <img loading=\"lazy\" decoding=\"async\" width=\"500\" height=\"500\" src=\"https:\/\/seacare.com\/wp-content\/uploads\/2018\/10\/Squalin2png.png\" class=\"attachment-large size-large\" alt=\"\u0421\u043a\u0432\u0430\u043b\u0430\u043d\u043e\u0432\u043e\u0435 \u043c\u0430\u0441\u043b\u043e\" srcset=\"https:\/\/seacare.com\/wp-content\/uploads\/2018\/10\/Squalin2png.png 500w, https:\/\/seacare.com\/wp-content\/uploads\/2018\/10\/Squalin2png-247x247.png 247w, https:\/\/seacare.com\/wp-content\/uploads\/2018\/10\/Squalin2png-400x400.png 400w, https:\/\/seacare.com\/wp-content\/uploads\/2018\/10\/Squalin2png-180x180.png 180w\" sizes=\"(max-width: 500px) 100vw, 500px\" \/>                \n            <\/div>\n                   \n<style scope=\"scope\">\n\n<\/style>\n    <\/div>\n    \n<\/div><\/div>\n<div class=\"col medium-9 small-12 large-9\"  ><div class=\"col-inner\"  >\n<h4>Skval\u00e1nov\u00fd olej<\/h4>\n<p>Skval\u00e1nov\u00fd olej je vynikaj\u00faci zvlh\u010dova\u010d a zanech\u00e1va poko\u017eku hebk\u00fa a hebk\u00fa. Skval\u00e1nov\u00fd olej pom\u00e1ha chr\u00e1ni\u0165 poko\u017eku pred vo\u013en\u00fdmi radik\u00e1lmi, ktor\u00e9 m\u00f4\u017eu sp\u00f4sobi\u0165 stareck\u00e9 \u0161kvrny <a href=\"\/sk\/skvalanovy-olej\/\">Podrobnej\u0161ie&#8230;<\/a><\/p>\n<\/div><\/div>\n<\/div>\n<\/div><\/div>\n<div class=\"col medium-6 small-12 large-6\"  ><div class=\"col-inner\"  >\n<div class=\"row\"  id=\"row-1344206359\">\n<div class=\"col medium-3 small-12 large-3\"  ><div class=\"col-inner\"  >\n    <div class=\"img has-hover x md-x lg-x y md-y lg-y\" id=\"image_477666359\">\n                <div class=\"img-inner dark\" >\n        <img loading=\"lazy\" decoding=\"async\" width=\"500\" height=\"500\" src=\"https:\/\/seacare.com\/wp-content\/uploads\/2020\/07\/Hyaluronic-Acid.png\" class=\"attachment-large size-large\" alt=\"\" srcset=\"https:\/\/seacare.com\/wp-content\/uploads\/2020\/07\/Hyaluronic-Acid.png 500w, https:\/\/seacare.com\/wp-content\/uploads\/2020\/07\/Hyaluronic-Acid-247x247.png 247w, https:\/\/seacare.com\/wp-content\/uploads\/2020\/07\/Hyaluronic-Acid-400x400.png 400w, https:\/\/seacare.com\/wp-content\/uploads\/2020\/07\/Hyaluronic-Acid-180x180.png 180w\" sizes=\"(max-width: 500px) 100vw, 500px\" \/>                \n            <\/div>\n                   \n<style scope=\"scope\">\n\n<\/style>\n    <\/div>\n    \n<\/div><\/div>\n<div class=\"col medium-9 small-12 large-9\"  ><div class=\"col-inner\"  >\n<h4>Kyselina hyalur\u00f3nov\u00e1<\/h4>\n<p>Kyselina hyalur\u00f3nov\u00e1 je k\u013e\u00fa\u010dovou zlo\u017ekou mnoh\u00fdch v\u00fdrobkov proti starnutiu a starostlivosti o ple\u0165. Pou\u017e\u00edva sa na hydrat\u00e1ciu poko\u017eky, redukciu vr\u00e1sok, zlep\u0161enie pevnosti poko\u017eky a n\u00e1jdete <a href=\"\/sk\/kyselina-hyaluronova\/\">Podrobnej\u0161ie&#8230;<\/a><\/p>\n<\/div><\/div>\n<\/div>\n<\/div><\/div>\n<\/div>\n<h3>Ostatn\u00e9 v\u00fdrobky v l\u00ednii<\/h3>\n\n  \n    <div class=\"row large-columns-4 medium-columns- small-columns-2 row-small slider row-slider slider-nav-reveal slider-nav-push\"  data-flickity-options='{\"imagesLoaded\": true, \"groupCells\": \"100%\", \"dragThreshold\" : 5, \"cellAlign\": \"left\",\"wrapAround\": true,\"prevNextButtons\": true,\"percentPosition\": true,\"pageDots\": false, \"rightToLeft\": false, \"autoPlay\" : false}'>\n\n  \t<\/div>\n<h3>Podobn\u00e9 v\u00fdrobky v in\u00fdch l\u00edniach<\/h3>\n\n  \n    <div class=\"row large-columns-4 medium-columns- small-columns-2 row-small slider row-slider slider-nav-reveal slider-nav-push\"  data-flickity-options='{\"imagesLoaded\": true, \"groupCells\": \"100%\", \"dragThreshold\" : 5, \"cellAlign\": \"left\",\"wrapAround\": true,\"prevNextButtons\": true,\"percentPosition\": true,\"pageDots\": false, \"rightToLeft\": false, \"autoPlay\" : false}'>\n\n  \t\n\t            \t\t\t\t\t\n<div class=\"product-small col has-hover post-42858 product type-product status-publish has-post-thumbnail product_cat-kremy-na-ruky-a-nohy product_cat-panska-kozmetika product_cat-telova-kozmetika product_tag-hladka-pokozka product_tag-krasna-pokozka product_tag-pre-muzov first instock shipping-taxable purchasable product-type-simple\">\n\t<div class=\"col-inner\">\t\n\t\n<div class=\"badge-container absolute left top z-1\">\n<\/div>\t<div class=\"product-small box \">\n\t\t<div class=\"box-image\">\n\t\t\t<div class=\"image-none\">\n\t\t\t\t<a href=\"https:\/\/seacare.com\/sk\/produkt\/pansky-krem-na-ruky-150-ml-seacare\/\">\n\t\t\t\t\t<img loading=\"lazy\" decoding=\"async\" width=\"247\" height=\"300\" src=\"https:\/\/seacare.com\/wp-content\/uploads\/2020\/07\/Hand-Cream-Men-SC-1-copy-247x300.jpg\" class=\"attachment-shop_catalog size-shop_catalog wp-post-image\" alt=\"Hand Cream Men SC\" title=\"Hand Cream Men SC\" \/>\t\t\t\t<\/a>\n\t\t\t<\/div>\n\t\t\t<div class=\"image-tools is-small top right show-on-hover\">\n\t\t\t\t\t\t\t<\/div>\n\t\t\t<div class=\"image-tools is-small hide-for-small bottom left show-on-hover\">\n\t\t\t\t\t\t\t<\/div>\n\t\t\t<div class=\"image-tools grid-tools text-center hide-for-small bottom hover-slide-in show-on-hover\">\n\t\t\t\t  <a class=\"quick-view\" data-prod=\"42858\" href=\"#quick-view\">Quick View<\/a>\t\t\t<\/div>\n\t\t\t\t\t<\/div><!-- box-image -->\n\n\t\t<div class=\"box-text box-text-products\">\n\t\t\t<div class=\"title-wrapper\">  <p class=\"category uppercase is-smaller no-text-overflow product-cat op-7\">\n        Kr\u00e9my na ruky a nohy   <\/p> <p class=\"name product-title\"><a href=\"https:\/\/seacare.com\/sk\/produkt\/pansky-krem-na-ruky-150-ml-seacare\/\">P\u00e1nsky kr\u00e9m na ruky, 150 ml, SeaCare<\/a><\/p><\/div><div class=\"price-wrapper\">\n\t<span class=\"price\"><span class=\"woocommerce-Price-amount amount\"><span class=\"woocommerce-Price-currencySymbol\">&#36;<\/span>&nbsp;28.90<\/span><\/span>\n<\/div>\t\t<\/div><!-- box-text -->\n\t<\/div><!-- box -->\n\t\t<\/div><!-- .col-inner -->\n<\/div><!-- col -->\t            \t\t\t\t\t\n<div class=\"product-small col has-hover post-43054 product type-product status-publish has-post-thumbnail product_cat-kremy-na-ruky-a-nohy product_cat-organicka-kozmetika product_cat-organicka-spa-linia product_cat-telova-kozmetika product_tag-hladka-pokozka product_tag-krasna-pokozka  instock shipping-taxable purchasable product-type-simple\">\n\t<div class=\"col-inner\">\t\n\t\n<div class=\"badge-container absolute left top z-1\">\n<\/div>\t<div class=\"product-small box \">\n\t\t<div class=\"box-image\">\n\t\t\t<div class=\"image-none\">\n\t\t\t\t<a href=\"https:\/\/seacare.com\/sk\/produkt\/organicky-krem-na-ruky-150-ml-seacare\/\">\n\t\t\t\t\t<img loading=\"lazy\" decoding=\"async\" width=\"247\" height=\"300\" src=\"https:\/\/seacare.com\/wp-content\/uploads\/2020\/06\/Organic-Care-Hand-Cream-SC-1-copy-247x300.jpg\" class=\"attachment-shop_catalog size-shop_catalog wp-post-image\" alt=\"Organic Care Hand Cream \u041b\u0435\u0442\u0443\u0430\u043b\u044c\" title=\"Organic Care Hand Cream \u041b\u0435\u0442\u0443\u0430\u043b\u044c\" \/>\t\t\t\t<\/a>\n\t\t\t<\/div>\n\t\t\t<div class=\"image-tools is-small top right show-on-hover\">\n\t\t\t\t\t\t\t<\/div>\n\t\t\t<div class=\"image-tools is-small hide-for-small bottom left show-on-hover\">\n\t\t\t\t\t\t\t<\/div>\n\t\t\t<div class=\"image-tools grid-tools text-center hide-for-small bottom hover-slide-in show-on-hover\">\n\t\t\t\t  <a class=\"quick-view\" data-prod=\"43054\" href=\"#quick-view\">Quick View<\/a>\t\t\t<\/div>\n\t\t\t\t\t<\/div><!-- box-image -->\n\n\t\t<div class=\"box-text box-text-products\">\n\t\t\t<div class=\"title-wrapper\">  <p class=\"category uppercase is-smaller no-text-overflow product-cat op-7\">\n        Kr\u00e9my na ruky a nohy   <\/p> <p class=\"name product-title\"><a href=\"https:\/\/seacare.com\/sk\/produkt\/organicky-krem-na-ruky-150-ml-seacare\/\">Organick\u00fd kr\u00e9m na ruky, 150 ml, SeaCare<\/a><\/p><\/div><div class=\"price-wrapper\">\n\t<span class=\"price\"><span class=\"woocommerce-Price-amount amount\"><span class=\"woocommerce-Price-currencySymbol\">&#36;<\/span>&nbsp;36.90<\/span><\/span>\n<\/div>\t\t<\/div><!-- box-text -->\n\t<\/div><!-- box -->\n\t\t<\/div><!-- .col-inner -->\n<\/div><!-- col -->\t            \t\t\t\t\t\n<div class=\"product-small col has-hover post-42961 product type-product status-publish has-post-thumbnail product_cat-kremy-na-ruky-a-nohy product_cat-panska-kozmetika product_cat-telova-kozmetika product_tag-hladka-pokozka product_tag-krasna-pokozka  instock shipping-taxable purchasable product-type-simple\">\n\t<div class=\"col-inner\">\t\n\t\n<div class=\"badge-container absolute left top z-1\">\n<\/div>\t<div class=\"product-small box \">\n\t\t<div class=\"box-image\">\n\t\t\t<div class=\"image-none\">\n\t\t\t\t<a href=\"https:\/\/seacare.com\/sk\/produkt\/pansky-krem-na-nohy-150-ml-seacare\/\">\n\t\t\t\t\t<img loading=\"lazy\" decoding=\"async\" width=\"247\" height=\"300\" src=\"https:\/\/seacare.com\/wp-content\/uploads\/2021\/01\/Foot-Cream-Men-SC-1-copy-247x300.jpg\" class=\"attachment-shop_catalog size-shop_catalog wp-post-image\" alt=\"Foot Cream Men SC\" title=\"Foot Cream Men SC\" \/>\t\t\t\t<\/a>\n\t\t\t<\/div>\n\t\t\t<div class=\"image-tools is-small top right show-on-hover\">\n\t\t\t\t\t\t\t<\/div>\n\t\t\t<div class=\"image-tools is-small hide-for-small bottom left show-on-hover\">\n\t\t\t\t\t\t\t<\/div>\n\t\t\t<div class=\"image-tools grid-tools text-center hide-for-small bottom hover-slide-in show-on-hover\">\n\t\t\t\t  <a class=\"quick-view\" data-prod=\"42961\" href=\"#quick-view\">Quick View<\/a>\t\t\t<\/div>\n\t\t\t\t\t<\/div><!-- box-image -->\n\n\t\t<div class=\"box-text box-text-products\">\n\t\t\t<div class=\"title-wrapper\">  <p class=\"category uppercase is-smaller no-text-overflow product-cat op-7\">\n        Kr\u00e9my na ruky a nohy   <\/p> <p class=\"name product-title\"><a href=\"https:\/\/seacare.com\/sk\/produkt\/pansky-krem-na-nohy-150-ml-seacare\/\">P\u00e1nsky kr\u00e9m na nohy, 150 ml, SeaCare<\/a><\/p><\/div><div class=\"price-wrapper\">\n\t<span class=\"price\"><span class=\"woocommerce-Price-amount amount\"><span class=\"woocommerce-Price-currencySymbol\">&#36;<\/span>&nbsp;28.90<\/span><\/span>\n<\/div>\t\t<\/div><!-- box-text -->\n\t<\/div><!-- box -->\n\t\t<\/div><!-- .col-inner -->\n<\/div><!-- col -->\t            \t\t\t\t\t\n<div class=\"product-small col has-hover post-43060 product type-product status-publish has-post-thumbnail product_cat-kremy-na-ruky-a-nohy product_cat-organicka-kozmetika product_cat-organicka-spa-linia product_cat-telova-kozmetika product_tag-hladka-pokozka product_tag-krasna-pokozka last instock shipping-taxable purchasable product-type-simple\">\n\t<div class=\"col-inner\">\t\n\t\n<div class=\"badge-container absolute left top z-1\">\n<\/div>\t<div class=\"product-small box \">\n\t\t<div class=\"box-image\">\n\t\t\t<div class=\"image-none\">\n\t\t\t\t<a href=\"https:\/\/seacare.com\/sk\/produkt\/organicky-krem-na-nohy-150-ml-seacare\/\">\n\t\t\t\t\t<img loading=\"lazy\" decoding=\"async\" width=\"247\" height=\"300\" src=\"https:\/\/seacare.com\/wp-content\/uploads\/2020\/06\/Organic-Care-Foot-Cream-SC-1-copy-247x300.jpg\" class=\"attachment-shop_catalog size-shop_catalog wp-post-image\" alt=\"Organic Care Foot Cream SC\" title=\"Organic Care Foot Cream SC\" \/>\t\t\t\t<\/a>\n\t\t\t<\/div>\n\t\t\t<div class=\"image-tools is-small top right show-on-hover\">\n\t\t\t\t\t\t\t<\/div>\n\t\t\t<div class=\"image-tools is-small hide-for-small bottom left show-on-hover\">\n\t\t\t\t\t\t\t<\/div>\n\t\t\t<div class=\"image-tools grid-tools text-center hide-for-small bottom hover-slide-in show-on-hover\">\n\t\t\t\t  <a class=\"quick-view\" data-prod=\"43060\" href=\"#quick-view\">Quick View<\/a>\t\t\t<\/div>\n\t\t\t\t\t<\/div><!-- box-image -->\n\n\t\t<div class=\"box-text box-text-products\">\n\t\t\t<div class=\"title-wrapper\">  <p class=\"category uppercase is-smaller no-text-overflow product-cat op-7\">\n        Kr\u00e9my na ruky a nohy   <\/p> <p class=\"name product-title\"><a href=\"https:\/\/seacare.com\/sk\/produkt\/organicky-krem-na-nohy-150-ml-seacare\/\">Organick\u00fd kr\u00e9m na nohy, 150 ml, SeaCare<\/a><\/p><\/div><div class=\"price-wrapper\">\n\t<span class=\"price\"><span class=\"woocommerce-Price-amount amount\"><span class=\"woocommerce-Price-currencySymbol\">&#36;<\/span>&nbsp;36.90<\/span><\/span>\n<\/div>\t\t<\/div><!-- box-text -->\n\t<\/div><!-- box -->\n\t\t<\/div><!-- .col-inner -->\n<\/div><!-- col -->\t            \n\t        <\/div>\n","protected":false},"excerpt":{"rendered":"<p>pre norm\u00e1lnu a\u017e such\u00fa poko\u017eku<br \/>\n150 ml &#8211; 5.07 fl.oz.<\/p>\n","protected":false},"featured_media":59444,"comment_status":"open","ping_status":"closed","template":"","meta":[],"_links":{"self":[{"href":"https:\/\/seacare.com\/sk\/wp-json\/wp\/v2\/product\/42704"}],"collection":[{"href":"https:\/\/seacare.com\/sk\/wp-json\/wp\/v2\/product"}],"about":[{"href":"https:\/\/seacare.com\/sk\/wp-json\/wp\/v2\/types\/product"}],"replies":[{"embeddable":true,"href":"https:\/\/seacare.com\/sk\/wp-json\/wp\/v2\/comments?post=42704"}],"wp:featuredmedia":[{"embeddable":true,"href":"https:\/\/seacare.com\/sk\/wp-json\/wp\/v2\/media\/59444"}],"wp:attachment":[{"href":"https:\/\/seacare.com\/sk\/wp-json\/wp\/v2\/media?parent=42704"}],"curies":[{"name":"wp","href":"https:\/\/api.w.org\/{rel}","templated":true}]}}