{"id":42774,"date":"2017-03-01T17:11:38","date_gmt":"2021-06-07T12:17:20","guid":{"rendered":"https:\/\/seacare.com\/ru\/?post_type=product&#038;p=42774"},"modified":"2021-06-08T15:59:53","modified_gmt":"2021-06-08T12:59:53","slug":"bahenna-maska-na-vlasy-250-ml-seacare","status":"publish","type":"product","link":"https:\/\/seacare.com\/sk\/produkt\/bahenna-maska-na-vlasy-250-ml-seacare\/","title":{"rendered":"Bahenn\u00e1 maska na vlasy, 250 ml, SeaCare"},"content":{"rendered":"<p>Bahenn\u00e1 maska na vlasy SeaCare sa star\u00e1 s\u00fa\u010dasne o vlasy a poko\u017eku hlavy. Recept\u00fara je obohaten\u00e1 o miner\u00e1ly z M\u0155tveho mora. Maska na b\u00e1ze bahna z M\u0155tveho mora obohacuje vlasy a poko\u017eku hlavy o miner\u00e1ly, posil\u0148uje a zlep\u0161uje ich pru\u017enos\u0165. Obsahuje Dermosoft GMCY, 100% pr\u00edrodn\u00fd rastlinn\u00fd extrakt, ktor\u00fd kombinuje antimikrobi\u00e1lne a zvlh\u010dovacie vlastnosti. SeaCare Mud Hair Mask pom\u00e1ha predch\u00e1dza\u0165 l\u00e1maniu vlasov, rob\u00ed ich silnej\u0161\u00edmi a silnej\u0161\u00edmi, vlasy chr\u00e1ni a vy\u017eivuje, je najlep\u0161\u00edm rie\u0161en\u00edm pre such\u00e9 a po\u0161koden\u00e9 vlasy.<\/p>\n<p><strong>Neobsahuje:<\/strong> Parab\u00e9ny, Propyl\u00e9nglykol, Silik\u00f3ny, Miner\u00e1lne oleje, Petrolatum, SLS.<\/p>\n<p><strong>N\u00e1vod na pou\u017eitie:<\/strong> Naneste na uter\u00e1kom vysu\u0161en\u00e9 vlasy, vtierajte kon\u010dekmi prstov do poko\u017eky hlavy. Nechajte p\u00f4sobi\u0165 2 &#8211; 3 min\u00faty (na po\u0161koden\u00e9 vlasy nechajte p\u00f4sobi\u0165 15 &#8211; 20 min\u00fat) a opl\u00e1chnite teplou vodou. Pou\u017e\u00edvajte raz alebo dvakr\u00e1t t\u00fd\u017edenne. Pre dosiahnutie maxim\u00e1lneho \u00fa\u010dinku sa po pou\u017eit\u00ed tejto masky odpor\u00fa\u010da pou\u017e\u00edva\u0165 bahenn\u00fd \u0161amp\u00f3n SeaCare a bahno SeaCare<\/p>\n<h3>K\u013e\u00fa\u010dov\u00e9 ingrediencie<\/h3>\n<hr \/>\n<div class=\"row\"  id=\"row-330031535\">\n<div class=\"col medium-6 small-12 large-6\"  ><div class=\"col-inner\"  >\n<div class=\"row\"  id=\"row-2033883358\">\n<div class=\"col medium-3 small-12 large-3\"  ><div class=\"col-inner\"  >\n    <div class=\"img has-hover x md-x lg-x y md-y lg-y\" id=\"image_1487536462\">\n                <div class=\"img-inner dark\" >\n        <img loading=\"lazy\" decoding=\"async\" width=\"500\" height=\"500\" src=\"https:\/\/seacare.com\/wp-content\/uploads\/2017\/03\/minerals-1.png\" class=\"attachment-large size-large\" alt=\"\" srcset=\"https:\/\/seacare.com\/wp-content\/uploads\/2017\/03\/minerals-1.png 500w, https:\/\/seacare.com\/wp-content\/uploads\/2017\/03\/minerals-1-280x280.png 280w, https:\/\/seacare.com\/wp-content\/uploads\/2017\/03\/minerals-1-400x400.png 400w, https:\/\/seacare.com\/wp-content\/uploads\/2017\/03\/minerals-1-180x180.png 180w, https:\/\/seacare.com\/wp-content\/uploads\/2017\/03\/minerals-1-300x300.png 300w\" sizes=\"(max-width: 500px) 100vw, 500px\" \/>                \n            <\/div>\n                   \n<style scope=\"scope\">\n\n<\/style>\n    <\/div>\n    \n<\/div><\/div>\n<div class=\"col medium-9 small-12 large-9\"  ><div class=\"col-inner\"  >\n<h4>Miner\u00e1ly z M\u0155tveho mora<\/h4>\n<p>M\u0155tve more obsahuje viac ako 20 miner\u00e1lov, ktor\u00e9 preuk\u00e1zate\u013ene zlep\u0161uj\u00fa vzh\u013ead poko\u017eky a udr\u017eiavaj\u00fa ju zdrav\u00fa a mladistv\u00fa. Dokonca aj rastliny rast\u00face pozd\u013a\u017e pobre\u017eia M\u0155tveho mora maj\u00fa<a href=\"\/sk\/mineraly-z-mrtveho-mora\/\"> Podrobnej\u0161ie&#8230;<\/a><\/p>\n<\/div><\/div>\n<\/div>\n<\/div><\/div>\n<div class=\"col medium-6 small-12 large-6\"  ><div class=\"col-inner\"  >\n<div class=\"row\"  id=\"row-918550004\">\n<div class=\"col medium-3 small-12 large-3\"  ><div class=\"col-inner\"  >\n    <div class=\"img has-hover x md-x lg-x y md-y lg-y\" id=\"image_1300997709\">\n                <div class=\"img-inner dark\" >\n        <img loading=\"lazy\" decoding=\"async\" width=\"500\" height=\"500\" src=\"https:\/\/seacare.com\/wp-content\/uploads\/2020\/07\/\u0413\u0440\u044f\u0437\u044c.jpg\" class=\"attachment-large size-large\" alt=\"Dead Sea Mud\" srcset=\"https:\/\/seacare.com\/wp-content\/uploads\/2020\/07\/\u0413\u0440\u044f\u0437\u044c.jpg 500w, https:\/\/seacare.com\/wp-content\/uploads\/2020\/07\/\u0413\u0440\u044f\u0437\u044c-247x247.jpg 247w, https:\/\/seacare.com\/wp-content\/uploads\/2020\/07\/\u0413\u0440\u044f\u0437\u044c-400x400.jpg 400w, https:\/\/seacare.com\/wp-content\/uploads\/2020\/07\/\u0413\u0440\u044f\u0437\u044c-180x180.jpg 180w\" sizes=\"(max-width: 500px) 100vw, 500px\" \/>                \n            <\/div>\n                   \n<style scope=\"scope\">\n\n<\/style>\n    <\/div>\n    \n<\/div><\/div>\n<div class=\"col medium-9 small-12 large-9\"  ><div class=\"col-inner\"  >\n<h4>Bahno z M\u0155tveho mora<\/h4>\n<p>Bahno z M\u0155tveho mora sa pou\u017e\u00edva na lie\u010dbu stavov, ako je psori\u00e1za, artrit\u00edda, akn\u00e9 a chronick\u00e9 bolesti chrbta. Mnoho \u0161t\u00fadi\u00ed podporuje tvrdenia, \u017ee bahno z M\u0155tveho mora m\u00f4\u017ee zmierni\u0165 boles\u0165 <a href=\"\/sk\/bahno-z-mrtveho-mora\/\"> Podrobnej\u0161ie&#8230;<\/a><\/p>\n<\/div><\/div>\n<\/div>\n<\/div><\/div>\n<div class=\"col medium-6 small-12 large-6\"  ><div class=\"col-inner\"  >\n<div class=\"row\"  id=\"row-158024145\">\n<div class=\"col medium-3 small-12 large-3\"  ><div class=\"col-inner\"  >\n    <div class=\"img has-hover x md-x lg-x y md-y lg-y\" id=\"image_2066850522\">\n                <div class=\"img-inner dark\" >\n        <img loading=\"lazy\" decoding=\"async\" width=\"500\" height=\"500\" src=\"https:\/\/seacare.com\/wp-content\/uploads\/2020\/07\/Dermosoft\u00ae-GMCY-2.jpg\" class=\"attachment-large size-large\" alt=\"\" srcset=\"https:\/\/seacare.com\/wp-content\/uploads\/2020\/07\/Dermosoft\u00ae-GMCY-2.jpg 500w, https:\/\/seacare.com\/wp-content\/uploads\/2020\/07\/Dermosoft\u00ae-GMCY-2-247x247.jpg 247w, https:\/\/seacare.com\/wp-content\/uploads\/2020\/07\/Dermosoft\u00ae-GMCY-2-400x400.jpg 400w, https:\/\/seacare.com\/wp-content\/uploads\/2020\/07\/Dermosoft\u00ae-GMCY-2-180x180.jpg 180w\" sizes=\"(max-width: 500px) 100vw, 500px\" \/>                \n            <\/div>\n                   \n<style scope=\"scope\">\n\n<\/style>\n    <\/div>\n    \n<\/div><\/div>\n<div class=\"col medium-9 small-12 large-9\"  ><div class=\"col-inner\"  >\n<h4>Dermosoft\u00ae GMCY<\/h4>\n<p>Dermosoft\u00ae GMCY m\u00e1 zvlh\u010dovacie a regenera\u010dn\u00e9 vlastnosti. Pom\u00e1ha zlep\u0161ova\u0165 a udr\u017eiava\u0165 vlhkos\u0165 a rovnov\u00e1hu poko\u017eky. Okrem toho v\u010faka svojej silnej aktivite proti Propionibacterium akn\u00e9 <a href=\"\/sk\/dermosoft-gmcy\/\"> Podrobnej\u0161ie&#8230;<\/a><\/p>\n<\/div><\/div>\n<\/div>\n<\/div><\/div>\n<\/div>\n<h3>Ostatn\u00e9 v\u00fdrobky v l\u00ednii<\/h3>\n\n  \n    <div class=\"row large-columns-4 medium-columns- small-columns-2 row-small slider row-slider slider-nav-reveal slider-nav-push\"  data-flickity-options='{\"imagesLoaded\": true, \"groupCells\": \"100%\", \"dragThreshold\" : 5, \"cellAlign\": \"left\",\"wrapAround\": true,\"prevNextButtons\": true,\"percentPosition\": true,\"pageDots\": false, \"rightToLeft\": false, \"autoPlay\" : false}'>\n\n  \t<\/div>\n<h3>Podobn\u00e9 v\u00fdrobky v in\u00fdch l\u00edniach<\/h3>\n\n  \n    <div class=\"row large-columns-4 medium-columns- small-columns-2 row-small slider row-slider slider-nav-reveal slider-nav-push\"  data-flickity-options='{\"imagesLoaded\": true, \"groupCells\": \"100%\", \"dragThreshold\" : 5, \"cellAlign\": \"left\",\"wrapAround\": true,\"prevNextButtons\": true,\"percentPosition\": true,\"pageDots\": false, \"rightToLeft\": false, \"autoPlay\" : false}'>\n\n  \t\n\t            \t\t\t\t\t\n<div class=\"product-small col has-hover post-42937 product type-product status-publish has-post-thumbnail product_cat-masky product_cat-panska-kozmetika product_cat-vlasova-kozmetika product_tag-krasa-vlasov first instock shipping-taxable purchasable product-type-simple\">\n\t<div class=\"col-inner\">\t\n\t\n<div class=\"badge-container absolute left top z-1\">\n<\/div>\t<div class=\"product-small box \">\n\t\t<div class=\"box-image\">\n\t\t\t<div class=\"image-none\">\n\t\t\t\t<a href=\"https:\/\/seacare.com\/sk\/produkt\/panska-bahenna-maska-na-vlasy-250-ml-seacare\/\">\n\t\t\t\t\t<img loading=\"lazy\" decoding=\"async\" width=\"247\" height=\"300\" src=\"https:\/\/seacare.com\/wp-content\/uploads\/2021\/04\/Hair-Mud-Mask-Men-SC-1-copy-247x300.jpg\" class=\"attachment-shop_catalog size-shop_catalog wp-post-image\" alt=\"Hair Mud Mask Men SC\" title=\"Hair Mud Mask Men SC\" \/>\t\t\t\t<\/a>\n\t\t\t<\/div>\n\t\t\t<div class=\"image-tools is-small top right show-on-hover\">\n\t\t\t\t\t\t\t<\/div>\n\t\t\t<div class=\"image-tools is-small hide-for-small bottom left show-on-hover\">\n\t\t\t\t\t\t\t<\/div>\n\t\t\t<div class=\"image-tools grid-tools text-center hide-for-small bottom hover-slide-in show-on-hover\">\n\t\t\t\t  <a class=\"quick-view\" data-prod=\"42937\" href=\"#quick-view\">Quick View<\/a>\t\t\t<\/div>\n\t\t\t\t\t<\/div><!-- box-image -->\n\n\t\t<div class=\"box-text box-text-products\">\n\t\t\t<div class=\"title-wrapper\">  <p class=\"category uppercase is-smaller no-text-overflow product-cat op-7\">\n        Masky   <\/p> <p class=\"name product-title\"><a href=\"https:\/\/seacare.com\/sk\/produkt\/panska-bahenna-maska-na-vlasy-250-ml-seacare\/\">P\u00e1nska bahenn\u00e1 maska na vlasy, 250 ml, SeaCare<\/a><\/p><\/div><div class=\"price-wrapper\">\n\t<span class=\"price\"><span class=\"woocommerce-Price-amount amount\"><span class=\"woocommerce-Price-currencySymbol\">&#36;<\/span>&nbsp;45.90<\/span><\/span>\n<\/div>\t\t<\/div><!-- box-text -->\n\t<\/div><!-- box -->\n\t\t<\/div><!-- .col-inner -->\n<\/div><!-- col -->\t            \t\t\t\t\t\n<div class=\"product-small col has-hover post-42846 product type-product status-publish has-post-thumbnail product_cat-kondicionery product_cat-panska-kozmetika product_cat-vlasova-kozmetika product_tag-krasa-vlasov product_tag-pre-muzov  instock shipping-taxable purchasable product-type-simple\">\n\t<div class=\"col-inner\">\t\n\t\n<div class=\"badge-container absolute left top z-1\">\n<\/div>\t<div class=\"product-small box \">\n\t\t<div class=\"box-image\">\n\t\t\t<div class=\"image-none\">\n\t\t\t\t<a href=\"https:\/\/seacare.com\/sk\/produkt\/pansky-bahenny-kondicioner-400-ml-seacare\/\">\n\t\t\t\t\t<img loading=\"lazy\" decoding=\"async\" width=\"247\" height=\"300\" src=\"https:\/\/seacare.com\/wp-content\/uploads\/2020\/07\/Mud-Conditioner-400ml-Men-SC-1-copy-247x300.jpg\" class=\"attachment-shop_catalog size-shop_catalog wp-post-image\" alt=\"Mud Conditioner 400ml Men SC\" title=\"Mud Conditioner 400ml Men SC\" \/>\t\t\t\t<\/a>\n\t\t\t<\/div>\n\t\t\t<div class=\"image-tools is-small top right show-on-hover\">\n\t\t\t\t\t\t\t<\/div>\n\t\t\t<div class=\"image-tools is-small hide-for-small bottom left show-on-hover\">\n\t\t\t\t\t\t\t<\/div>\n\t\t\t<div class=\"image-tools grid-tools text-center hide-for-small bottom hover-slide-in show-on-hover\">\n\t\t\t\t  <a class=\"quick-view\" data-prod=\"42846\" href=\"#quick-view\">Quick View<\/a>\t\t\t<\/div>\n\t\t\t\t\t<\/div><!-- box-image -->\n\n\t\t<div class=\"box-text box-text-products\">\n\t\t\t<div class=\"title-wrapper\">  <p class=\"category uppercase is-smaller no-text-overflow product-cat op-7\">\n        Kondicion\u00e9ry   <\/p> <p class=\"name product-title\"><a href=\"https:\/\/seacare.com\/sk\/produkt\/pansky-bahenny-kondicioner-400-ml-seacare\/\">P\u00e1nsky bahenn\u00fd kondicion\u00e9r, 400 ml, SeaCare<\/a><\/p><\/div><div class=\"price-wrapper\">\n\t<span class=\"price\"><span class=\"woocommerce-Price-amount amount\"><span class=\"woocommerce-Price-currencySymbol\">&#36;<\/span>&nbsp;47.90<\/span><\/span>\n<\/div>\t\t<\/div><!-- box-text -->\n\t<\/div><!-- box -->\n\t\t<\/div><!-- .col-inner -->\n<\/div><!-- col -->\t            \t\t\t\t\t\n<div class=\"product-small col has-hover post-43018 product type-product status-publish has-post-thumbnail product_cat-organicka-kozmetika product_cat-organicka-spa-linia product_cat-sampony product_cat-vlasova-kozmetika product_tag-krasa-vlasov  instock shipping-taxable purchasable product-type-simple\">\n\t<div class=\"col-inner\">\t\n\t\n<div class=\"badge-container absolute left top z-1\">\n<\/div>\t<div class=\"product-small box \">\n\t\t<div class=\"box-image\">\n\t\t\t<div class=\"image-none\">\n\t\t\t\t<a href=\"https:\/\/seacare.com\/sk\/produkt\/organicky-vyzivny-sampon-250-ml-seacare\/\">\n\t\t\t\t\t<img loading=\"lazy\" decoding=\"async\" width=\"247\" height=\"300\" src=\"https:\/\/seacare.com\/wp-content\/uploads\/2020\/06\/Organic-Care-Nourishing-Shampoo-SC-1-copy-247x300.jpg\" class=\"attachment-shop_catalog size-shop_catalog wp-post-image\" alt=\"Organic Care Nourishing Shampoo Gel \u041b\u0435\u0442\u0443\u0430\u043b\u044c\" title=\"Organic Care Nourishing Shampoo Gel \u041b\u0435\u0442\u0443\u0430\u043b\u044c\" \/>\t\t\t\t<\/a>\n\t\t\t<\/div>\n\t\t\t<div class=\"image-tools is-small top right show-on-hover\">\n\t\t\t\t\t\t\t<\/div>\n\t\t\t<div class=\"image-tools is-small hide-for-small bottom left show-on-hover\">\n\t\t\t\t\t\t\t<\/div>\n\t\t\t<div class=\"image-tools grid-tools text-center hide-for-small bottom hover-slide-in show-on-hover\">\n\t\t\t\t  <a class=\"quick-view\" data-prod=\"43018\" href=\"#quick-view\">Quick View<\/a>\t\t\t<\/div>\n\t\t\t\t\t<\/div><!-- box-image -->\n\n\t\t<div class=\"box-text box-text-products\">\n\t\t\t<div class=\"title-wrapper\">  <p class=\"category uppercase is-smaller no-text-overflow product-cat op-7\">\n        Organick\u00e1 kozmetika   <\/p> <p class=\"name product-title\"><a href=\"https:\/\/seacare.com\/sk\/produkt\/organicky-vyzivny-sampon-250-ml-seacare\/\">Organick\u00fd v\u00fd\u017eivn\u00fd \u0161amp\u00f3n, 250 ml, SeaCare<\/a><\/p><\/div><div class=\"price-wrapper\">\n\t<span class=\"price\"><span class=\"woocommerce-Price-amount amount\"><span class=\"woocommerce-Price-currencySymbol\">&#36;<\/span>&nbsp;45.90<\/span><\/span>\n<\/div>\t\t<\/div><!-- box-text -->\n\t<\/div><!-- box -->\n\t\t<\/div><!-- .col-inner -->\n<\/div><!-- col -->\t            \t\t\t\t\t\n<div class=\"product-small col has-hover post-42994 product type-product status-publish has-post-thumbnail product_cat-panska-kozmetika product_cat-sampony product_cat-vlasova-kozmetika product_tag-krasa-vlasov last instock shipping-taxable purchasable product-type-simple\">\n\t<div class=\"col-inner\">\t\n\t\n<div class=\"badge-container absolute left top z-1\">\n<\/div>\t<div class=\"product-small box \">\n\t\t<div class=\"box-image\">\n\t\t\t<div class=\"image-none\">\n\t\t\t\t<a href=\"https:\/\/seacare.com\/sk\/produkt\/pansky-bahenny-sampon-400-ml-seacare\/\">\n\t\t\t\t\t<img loading=\"lazy\" decoding=\"async\" width=\"247\" height=\"300\" src=\"https:\/\/seacare.com\/wp-content\/uploads\/2017\/03\/Mud-Shampoo-400ml-Men-SC-1-247x300.jpg\" class=\"attachment-shop_catalog size-shop_catalog wp-post-image\" alt=\"Mud Shampoo 400ml Men SC\" title=\"Mud Shampoo 400ml Men SC\" \/>\t\t\t\t<\/a>\n\t\t\t<\/div>\n\t\t\t<div class=\"image-tools is-small top right show-on-hover\">\n\t\t\t\t\t\t\t<\/div>\n\t\t\t<div class=\"image-tools is-small hide-for-small bottom left show-on-hover\">\n\t\t\t\t\t\t\t<\/div>\n\t\t\t<div class=\"image-tools grid-tools text-center hide-for-small bottom hover-slide-in show-on-hover\">\n\t\t\t\t  <a class=\"quick-view\" data-prod=\"42994\" href=\"#quick-view\">Quick View<\/a>\t\t\t<\/div>\n\t\t\t\t\t<\/div><!-- box-image -->\n\n\t\t<div class=\"box-text box-text-products\">\n\t\t\t<div class=\"title-wrapper\">  <p class=\"category uppercase is-smaller no-text-overflow product-cat op-7\">\n        P\u00e1nska kozmetika   <\/p> <p class=\"name product-title\"><a href=\"https:\/\/seacare.com\/sk\/produkt\/pansky-bahenny-sampon-400-ml-seacare\/\">P\u00e1nsky bahenn\u00fd \u0161amp\u00f3n, 400 ml, SeaCare<\/a><\/p><\/div><div class=\"price-wrapper\">\n\t<span class=\"price\"><span class=\"woocommerce-Price-amount amount\"><span class=\"woocommerce-Price-currencySymbol\">&#36;<\/span>&nbsp;44.90<\/span><\/span>\n<\/div>\t\t<\/div><!-- box-text -->\n\t<\/div><!-- box -->\n\t\t<\/div><!-- .col-inner -->\n<\/div><!-- col -->\t            \n\t        <\/div>\n","protected":false},"excerpt":{"rendered":"<p>na such\u00e9 a po\u0161koden\u00e9 vlasy<br \/>\n250 ml &#8211; 8.45 fl.oz.<\/p>\n","protected":false},"featured_media":42775,"comment_status":"open","ping_status":"closed","template":"","meta":[],"_links":{"self":[{"href":"https:\/\/seacare.com\/sk\/wp-json\/wp\/v2\/product\/42774"}],"collection":[{"href":"https:\/\/seacare.com\/sk\/wp-json\/wp\/v2\/product"}],"about":[{"href":"https:\/\/seacare.com\/sk\/wp-json\/wp\/v2\/types\/product"}],"replies":[{"embeddable":true,"href":"https:\/\/seacare.com\/sk\/wp-json\/wp\/v2\/comments?post=42774"}],"wp:featuredmedia":[{"embeddable":true,"href":"https:\/\/seacare.com\/sk\/wp-json\/wp\/v2\/media\/42775"}],"wp:attachment":[{"href":"https:\/\/seacare.com\/sk\/wp-json\/wp\/v2\/media?parent=42774"}],"curies":[{"name":"wp","href":"https:\/\/api.w.org\/{rel}","templated":true}]}}