{"id":42816,"date":"2017-03-01T17:00:26","date_gmt":"2021-06-07T13:50:01","guid":{"rendered":"https:\/\/seacare.com\/ru\/?post_type=product&#038;p=42816"},"modified":"2021-06-08T16:02:23","modified_gmt":"2021-06-08T13:02:23","slug":"krem-na-ruky-150-ml-seacare","status":"publish","type":"product","link":"https:\/\/seacare.com\/sk\/produkt\/krem-na-ruky-150-ml-seacare\/","title":{"rendered":"Kr\u00e9m na ruky, 150 ml, SeaCare"},"content":{"rendered":"<p>SeaCare kr\u00e9m na ruky je mimoriadne obohaten\u00fd produkt obsahuj\u00faci starostlivo vybran\u00e9 kombin\u00e1cie pr\u00edrodn\u00fdch olejov, extraktov a miner\u00e1lov. Recept\u00fara je obohaten\u00e1 o miner\u00e1ly z M\u0155tveho mora. \u013dahk\u00fd text\u00farovan\u00fd a r\u00fdchlo sa vstreb\u00e1vaj\u00faci kr\u00e9m obsahuje v\u00fd\u0165a\u017eok z aloe vera, ktor\u00fd poskytuje poko\u017eke protiz\u00e1palov\u00e9, antimikrobi\u00e1lne, antioxida\u010dn\u00e9, zvlh\u010dovacie, upokojuj\u00face a protisvrbiv\u00e9 \u00fa\u010dinky. Kr\u00e9m tie\u017e obsahuje olivov\u00fd olej, siln\u00fd pr\u00edrodn\u00fd antioxidant, ktor\u00fd vy\u017eivuje poko\u017eku a pom\u00e1ha predch\u00e1dza\u0165 po\u0161kodeniu UV \u017eiaren\u00edm; DuraQuench IQ, \u00fa\u010dinn\u00fd zvlh\u010dovac\u00ed komplex, ktor\u00fd obnovuje lipidov\u00fa bari\u00e9ru na povrchu poko\u017eky do norm\u00e1lu; Bambuck\u00e9 maslo a skval\u00e1nov\u00e9 maslo, vynikaj\u00face pr\u00edrodn\u00e9 zvlh\u010dovacie zlo\u017eky; a Dermosoft GMCY, 100% pr\u00edrodn\u00fd rastlinn\u00fd extrakt, ktor\u00fd kombinuje antimikrobi\u00e1lne a zvlh\u010dovacie vlastnosti.<\/p>\n<p><strong>Neobsahuje:<\/strong> Parab\u00e9ny, Propyl\u00e9nglykol, Silik\u00f3ny, Miner\u00e1lne oleje, Petrolatum, SLS.<\/p>\n<p><strong>N\u00e1vod na pou\u017eitie:<\/strong> Naneste na ruky kr\u00fa\u017eiv\u00fdmi pohybmi, a\u017e k\u00fdm sa kr\u00e9m \u00faplne nevstrebe.<\/p>\n<h3>K\u013e\u00fa\u010dov\u00e9 ingrediencie<\/h3>\n<hr \/>\n<div class=\"row\"  id=\"row-601167943\">\n<div class=\"col medium-6 small-12 large-6\"  ><div class=\"col-inner\"  >\n<div class=\"row\"  id=\"row-348512732\">\n<div class=\"col medium-3 small-12 large-3\"  ><div class=\"col-inner\"  >\n    <div class=\"img has-hover x md-x lg-x y md-y lg-y\" id=\"image_1809926459\">\n                <div class=\"img-inner dark\" >\n        <img loading=\"lazy\" decoding=\"async\" width=\"500\" height=\"500\" src=\"https:\/\/seacare.com\/wp-content\/uploads\/2017\/03\/minerals-1.png\" class=\"attachment-large size-large\" alt=\"\" srcset=\"https:\/\/seacare.com\/wp-content\/uploads\/2017\/03\/minerals-1.png 500w, https:\/\/seacare.com\/wp-content\/uploads\/2017\/03\/minerals-1-280x280.png 280w, https:\/\/seacare.com\/wp-content\/uploads\/2017\/03\/minerals-1-400x400.png 400w, https:\/\/seacare.com\/wp-content\/uploads\/2017\/03\/minerals-1-180x180.png 180w, https:\/\/seacare.com\/wp-content\/uploads\/2017\/03\/minerals-1-300x300.png 300w\" sizes=\"(max-width: 500px) 100vw, 500px\" \/>                \n            <\/div>\n                   \n<style scope=\"scope\">\n\n<\/style>\n    <\/div>\n    \n<\/div><\/div>\n<div class=\"col medium-9 small-12 large-9\"  ><div class=\"col-inner\"  >\n<h4>Miner\u00e1ly z M\u0155tveho mora<\/h4>\n<p>M\u0155tve more obsahuje viac ako 20 miner\u00e1lov, ktor\u00e9 preuk\u00e1zate\u013ene zlep\u0161uj\u00fa vzh\u013ead poko\u017eky a udr\u017eiavaj\u00fa ju zdrav\u00fa a mladistv\u00fa. Dokonca aj rastliny rast\u00face pozd\u013a\u017e pobre\u017eia M\u0155tveho mora maj\u00fa<a href=\"\/sk\/mineraly-z-mrtveho-mora\/\"> Podrobnej\u0161ie&#8230;<\/a><\/p>\n<\/div><\/div>\n<\/div>\n<\/div><\/div>\n<div class=\"col medium-6 small-12 large-6\"  ><div class=\"col-inner\"  >\n<div class=\"row\"  id=\"row-455574938\">\n<div class=\"col medium-3 small-12 large-3\"  ><div class=\"col-inner\"  >\n    <div class=\"img has-hover x md-x lg-x y md-y lg-y\" id=\"image_793616884\">\n                <div class=\"img-inner dark\" >\n        <img loading=\"lazy\" decoding=\"async\" width=\"500\" height=\"500\" src=\"https:\/\/seacare.com\/wp-content\/uploads\/2017\/03\/aloe.png\" class=\"attachment-large size-large\" alt=\"\" srcset=\"https:\/\/seacare.com\/wp-content\/uploads\/2017\/03\/aloe.png 500w, https:\/\/seacare.com\/wp-content\/uploads\/2017\/03\/aloe-280x280.png 280w, https:\/\/seacare.com\/wp-content\/uploads\/2017\/03\/aloe-400x400.png 400w, https:\/\/seacare.com\/wp-content\/uploads\/2017\/03\/aloe-180x180.png 180w, https:\/\/seacare.com\/wp-content\/uploads\/2017\/03\/aloe-300x300.png 300w\" sizes=\"(max-width: 500px) 100vw, 500px\" \/>                \n            <\/div>\n                   \n<style scope=\"scope\">\n\n<\/style>\n    <\/div>\n    \n<\/div><\/div>\n<div class=\"col medium-9 small-12 large-9\"  ><div class=\"col-inner\"  >\n<h4>Aloe vera<\/h4>\n<p>Aloe vera pom\u00e1ha zvlh\u010dova\u0165 a vy\u017eivova\u0165 poko\u017eku tela, podporuje jej hojenie, obnovu a omladenie hornej vrstvy epitelu. Aloe vera je tie\u017e u\u017eito\u010dn\u00e1 v boji proti starnutiu poko\u017eky, strate <a href=\"\/sk\/aloe-vera\/\"> Podrobnej\u0161ie&#8230;<\/a><\/p>\n<\/div><\/div>\n<\/div>\n<\/div><\/div>\n<div class=\"col medium-6 small-12 large-6\"  ><div class=\"col-inner\"  >\n<div class=\"row\"  id=\"row-285973571\">\n<div class=\"col medium-3 small-12 large-3\"  ><div class=\"col-inner\"  >\n    <div class=\"img has-hover x md-x lg-x y md-y lg-y\" id=\"image_1166501574\">\n                <div class=\"img-inner dark\" >\n        <img loading=\"lazy\" decoding=\"async\" width=\"500\" height=\"500\" src=\"https:\/\/seacare.com\/wp-content\/uploads\/2017\/03\/olive.png\" class=\"attachment-large size-large\" alt=\"\u041e\u043b\u0438\u0432\u043a\u043e\u0432\u043e\u0435 \u041c\u0430\u0441\u043b\u043e\" srcset=\"https:\/\/seacare.com\/wp-content\/uploads\/2017\/03\/olive.png 500w, https:\/\/seacare.com\/wp-content\/uploads\/2017\/03\/olive-280x280.png 280w, https:\/\/seacare.com\/wp-content\/uploads\/2017\/03\/olive-400x400.png 400w, https:\/\/seacare.com\/wp-content\/uploads\/2017\/03\/olive-180x180.png 180w, https:\/\/seacare.com\/wp-content\/uploads\/2017\/03\/olive-300x300.png 300w\" sizes=\"(max-width: 500px) 100vw, 500px\" \/>                \n            <\/div>\n                   \n<style scope=\"scope\">\n\n<\/style>\n    <\/div>\n    \n<\/div><\/div>\n<div class=\"col medium-9 small-12 large-9\"  ><div class=\"col-inner\"  >\n<h4>Olivov\u00fd olej<\/h4>\n<p>Olivov\u00fd olej obsahuje \u0161tyri hlavn\u00e9 antioxidanty, v\u010faka ktor\u00fdm je vhodn\u00fd ako \u010distiaci prostriedok, zvlh\u010dova\u010d a ochrana poko\u017eky. Medzi tieto antioxidanty patria vitam\u00edny A a E. Vitam\u00edn E <a href=\"\/sk\/olivovy-olej\/\"> Podrobnej\u0161ie&#8230;<\/a><\/p>\n<\/div><\/div>\n<\/div>\n<\/div><\/div>\n<div class=\"col medium-6 small-12 large-6\"  ><div class=\"col-inner\"  >\n<div class=\"row\"  id=\"row-1058743943\">\n<div class=\"col medium-3 small-12 large-3\"  ><div class=\"col-inner\"  >\n    <div class=\"img has-hover x md-x lg-x y md-y lg-y\" id=\"image_225977782\">\n                <div class=\"img-inner dark\" >\n        <img loading=\"lazy\" decoding=\"async\" width=\"500\" height=\"500\" src=\"https:\/\/seacare.com\/wp-content\/uploads\/2020\/07\/1.jpg\" class=\"attachment-large size-large\" alt=\"\" srcset=\"https:\/\/seacare.com\/wp-content\/uploads\/2020\/07\/1.jpg 500w, https:\/\/seacare.com\/wp-content\/uploads\/2020\/07\/1-247x247.jpg 247w, https:\/\/seacare.com\/wp-content\/uploads\/2020\/07\/1-400x400.jpg 400w, https:\/\/seacare.com\/wp-content\/uploads\/2020\/07\/1-180x180.jpg 180w\" sizes=\"(max-width: 500px) 100vw, 500px\" \/>                \n            <\/div>\n                   \n<style scope=\"scope\">\n\n<\/style>\n    <\/div>\n    \n<\/div><\/div>\n<div class=\"col medium-9 small-12 large-9\"  ><div class=\"col-inner\"  >\n<h4>DuraQuench\u2122 IQ<\/h4>\n<p>DuraQuench\u2122 IQ je jedn\u00e1 sa o efekt\u00edvny zvlh\u010dovac\u00ed komplex, ktor\u00fd vyu\u017e\u00edva du\u00e1lny mechanizmus na vytvorenie inteligentnej \u0161trukt\u00farnej vrstvy na povrchu poko\u017eky a z\u00e1rove\u0148 reguluje <a href=\"\/sk\/duraquench-iq\/\">Podrobnej\u0161ie&#8230;<\/a><\/p>\n<\/div><\/div>\n<\/div>\n<\/div><\/div>\n<div class=\"col medium-6 small-12 large-6\"  ><div class=\"col-inner\"  >\n<div class=\"row\"  id=\"row-1354449756\">\n<div class=\"col medium-3 small-12 large-3\"  ><div class=\"col-inner\"  >\n    <div class=\"img has-hover x md-x lg-x y md-y lg-y\" id=\"image_1479017902\">\n                <div class=\"img-inner dark\" >\n        <img loading=\"lazy\" decoding=\"async\" width=\"500\" height=\"500\" src=\"https:\/\/seacare.com\/wp-content\/uploads\/2017\/03\/shea.png\" class=\"attachment-large size-large\" alt=\"\" srcset=\"https:\/\/seacare.com\/wp-content\/uploads\/2017\/03\/shea.png 500w, https:\/\/seacare.com\/wp-content\/uploads\/2017\/03\/shea-280x280.png 280w, https:\/\/seacare.com\/wp-content\/uploads\/2017\/03\/shea-400x400.png 400w, https:\/\/seacare.com\/wp-content\/uploads\/2017\/03\/shea-180x180.png 180w, https:\/\/seacare.com\/wp-content\/uploads\/2017\/03\/shea-300x300.png 300w\" sizes=\"(max-width: 500px) 100vw, 500px\" \/>                \n            <\/div>\n                   \n<style scope=\"scope\">\n\n<\/style>\n    <\/div>\n    \n<\/div><\/div>\n<div class=\"col medium-9 small-12 large-9\"  ><div class=\"col-inner\"  >\n<h4>Bambuck\u00e9 maslo<\/h4>\n<p>Bambuck\u00e9 maslo je d\u00f4le\u017eit\u00e9 pri lie\u010dbe ko\u017en\u00fdch probl\u00e9mov, ako s\u00fa \u0161kvrny, vr\u00e1sky, ekz\u00e9my a dermatit\u00eddy. Bambuck\u00e9 maslo m\u00e1 tie\u017e vlastnosti na lie\u010denie alergi\u00ed, bodnut\u00ed hmyzom <a href=\"\/sk\/bambucke-maslo\/\">Podrobnej\u0161ie&#8230;<\/a><\/p>\n<\/div><\/div>\n<\/div>\n<\/div><\/div>\n<div class=\"col medium-6 small-12 large-6\"  ><div class=\"col-inner\"  >\n<div class=\"row\"  id=\"row-1542809469\">\n<div class=\"col medium-3 small-12 large-3\"  ><div class=\"col-inner\"  >\n    <div class=\"img has-hover x md-x lg-x y md-y lg-y\" id=\"image_413264304\">\n                <div class=\"img-inner dark\" >\n        <img loading=\"lazy\" decoding=\"async\" width=\"500\" height=\"500\" src=\"https:\/\/seacare.com\/wp-content\/uploads\/2018\/10\/Squalin2png.png\" class=\"attachment-large size-large\" alt=\"\u0421\u043a\u0432\u0430\u043b\u0430\u043d\u043e\u0432\u043e\u0435 \u043c\u0430\u0441\u043b\u043e\" srcset=\"https:\/\/seacare.com\/wp-content\/uploads\/2018\/10\/Squalin2png.png 500w, https:\/\/seacare.com\/wp-content\/uploads\/2018\/10\/Squalin2png-247x247.png 247w, https:\/\/seacare.com\/wp-content\/uploads\/2018\/10\/Squalin2png-400x400.png 400w, https:\/\/seacare.com\/wp-content\/uploads\/2018\/10\/Squalin2png-180x180.png 180w\" sizes=\"(max-width: 500px) 100vw, 500px\" \/>                \n            <\/div>\n                   \n<style scope=\"scope\">\n\n<\/style>\n    <\/div>\n    \n<\/div><\/div>\n<div class=\"col medium-9 small-12 large-9\"  ><div class=\"col-inner\"  >\n<h4>Skval\u00e1nov\u00fd olej<\/h4>\n<p>Skval\u00e1nov\u00fd olej je vynikaj\u00faci zvlh\u010dova\u010d a zanech\u00e1va poko\u017eku hebk\u00fa a hebk\u00fa. Skval\u00e1nov\u00fd olej pom\u00e1ha chr\u00e1ni\u0165 poko\u017eku pred vo\u013en\u00fdmi radik\u00e1lmi, ktor\u00e9 m\u00f4\u017eu sp\u00f4sobi\u0165 stareck\u00e9 \u0161kvrny <a href=\"\/sk\/skvalanovy-olej\/\">Podrobnej\u0161ie&#8230;<\/a><\/p>\n<\/div><\/div>\n<\/div>\n<\/div><\/div>\n<div class=\"col medium-6 small-12 large-6\"  ><div class=\"col-inner\"  >\n<div class=\"row\"  id=\"row-1004096516\">\n<div class=\"col medium-3 small-12 large-3\"  ><div class=\"col-inner\"  >\n    <div class=\"img has-hover x md-x lg-x y md-y lg-y\" id=\"image_646776574\">\n                <div class=\"img-inner dark\" >\n        <img loading=\"lazy\" decoding=\"async\" width=\"500\" height=\"500\" src=\"https:\/\/seacare.com\/wp-content\/uploads\/2020\/07\/2.jpg\" class=\"attachment-large size-large\" alt=\"\" srcset=\"https:\/\/seacare.com\/wp-content\/uploads\/2020\/07\/2.jpg 500w, https:\/\/seacare.com\/wp-content\/uploads\/2020\/07\/2-247x247.jpg 247w, https:\/\/seacare.com\/wp-content\/uploads\/2020\/07\/2-400x400.jpg 400w, https:\/\/seacare.com\/wp-content\/uploads\/2020\/07\/2-180x180.jpg 180w\" sizes=\"(max-width: 500px) 100vw, 500px\" \/>                \n            <\/div>\n                   \n<style scope=\"scope\">\n\n<\/style>\n    <\/div>\n    \n<\/div><\/div>\n<div class=\"col medium-9 small-12 large-9\"  ><div class=\"col-inner\"  >\n<h4>Dermosoft\u00ae GMCY<\/h4>\n<p>Dermosoft\u00ae GMCY m\u00e1 zvlh\u010dovacie a regenera\u010dn\u00e9 vlastnosti. Pom\u00e1ha zlep\u0161ova\u0165 a udr\u017eiava\u0165 vlhkos\u0165 a rovnov\u00e1hu poko\u017eky. Okrem toho v\u010faka svojej silnej aktivite proti Propionibacterium akn\u00e9 <a href=\"\/sk\/dermosoft-gmcy\/\"> Podrobnej\u0161ie&#8230;<\/a><\/p>\n<\/div><\/div>\n<\/div>\n<\/div><\/div>\n<\/div>\n<h3>Ostatn\u00e9 v\u00fdrobky v l\u00ednii<\/h3>\n\n  \n    <div class=\"row large-columns-4 medium-columns- small-columns-2 row-small slider row-slider slider-nav-reveal slider-nav-push\"  data-flickity-options='{\"imagesLoaded\": true, \"groupCells\": \"100%\", \"dragThreshold\" : 5, \"cellAlign\": \"left\",\"wrapAround\": true,\"prevNextButtons\": true,\"percentPosition\": true,\"pageDots\": false, \"rightToLeft\": false, \"autoPlay\" : false}'>\n\n  \t<\/div>\n<h3>Podobn\u00e9 v\u00fdrobky v in\u00fdch l\u00edniach<\/h3>\n\n  \n    <div class=\"row large-columns-4 medium-columns- small-columns-2 row-small slider row-slider slider-nav-reveal slider-nav-push\"  data-flickity-options='{\"imagesLoaded\": true, \"groupCells\": \"100%\", \"dragThreshold\" : 5, \"cellAlign\": \"left\",\"wrapAround\": true,\"prevNextButtons\": true,\"percentPosition\": true,\"pageDots\": false, \"rightToLeft\": false, \"autoPlay\" : false}'>\n\n  \t\n\t            \t\t\t\t\t\n<div class=\"product-small col has-hover post-42858 product type-product status-publish has-post-thumbnail product_cat-kremy-na-ruky-a-nohy product_cat-panska-kozmetika product_cat-telova-kozmetika product_tag-hladka-pokozka product_tag-krasna-pokozka product_tag-pre-muzov first instock shipping-taxable purchasable product-type-simple\">\n\t<div class=\"col-inner\">\t\n\t\n<div class=\"badge-container absolute left top z-1\">\n<\/div>\t<div class=\"product-small box \">\n\t\t<div class=\"box-image\">\n\t\t\t<div class=\"image-none\">\n\t\t\t\t<a href=\"https:\/\/seacare.com\/sk\/produkt\/pansky-krem-na-ruky-150-ml-seacare\/\">\n\t\t\t\t\t<img loading=\"lazy\" decoding=\"async\" width=\"247\" height=\"300\" src=\"https:\/\/seacare.com\/wp-content\/uploads\/2020\/07\/Hand-Cream-Men-SC-1-copy-247x300.jpg\" class=\"attachment-shop_catalog size-shop_catalog wp-post-image\" alt=\"Hand Cream Men SC\" title=\"Hand Cream Men SC\" \/>\t\t\t\t<\/a>\n\t\t\t<\/div>\n\t\t\t<div class=\"image-tools is-small top right show-on-hover\">\n\t\t\t\t\t\t\t<\/div>\n\t\t\t<div class=\"image-tools is-small hide-for-small bottom left show-on-hover\">\n\t\t\t\t\t\t\t<\/div>\n\t\t\t<div class=\"image-tools grid-tools text-center hide-for-small bottom hover-slide-in show-on-hover\">\n\t\t\t\t  <a class=\"quick-view\" data-prod=\"42858\" href=\"#quick-view\">Quick View<\/a>\t\t\t<\/div>\n\t\t\t\t\t<\/div><!-- box-image -->\n\n\t\t<div class=\"box-text box-text-products\">\n\t\t\t<div class=\"title-wrapper\">  <p class=\"category uppercase is-smaller no-text-overflow product-cat op-7\">\n        Kr\u00e9my na ruky a nohy   <\/p> <p class=\"name product-title\"><a href=\"https:\/\/seacare.com\/sk\/produkt\/pansky-krem-na-ruky-150-ml-seacare\/\">P\u00e1nsky kr\u00e9m na ruky, 150 ml, SeaCare<\/a><\/p><\/div><div class=\"price-wrapper\">\n\t<span class=\"price\"><span class=\"woocommerce-Price-amount amount\"><span class=\"woocommerce-Price-currencySymbol\">&#36;<\/span>&nbsp;28.90<\/span><\/span>\n<\/div>\t\t<\/div><!-- box-text -->\n\t<\/div><!-- box -->\n\t\t<\/div><!-- .col-inner -->\n<\/div><!-- col -->\t            \t\t\t\t\t\n<div class=\"product-small col has-hover post-43054 product type-product status-publish has-post-thumbnail product_cat-kremy-na-ruky-a-nohy product_cat-organicka-kozmetika product_cat-organicka-spa-linia product_cat-telova-kozmetika product_tag-hladka-pokozka product_tag-krasna-pokozka  instock shipping-taxable purchasable product-type-simple\">\n\t<div class=\"col-inner\">\t\n\t\n<div class=\"badge-container absolute left top z-1\">\n<\/div>\t<div class=\"product-small box \">\n\t\t<div class=\"box-image\">\n\t\t\t<div class=\"image-none\">\n\t\t\t\t<a href=\"https:\/\/seacare.com\/sk\/produkt\/organicky-krem-na-ruky-150-ml-seacare\/\">\n\t\t\t\t\t<img loading=\"lazy\" decoding=\"async\" width=\"247\" height=\"300\" src=\"https:\/\/seacare.com\/wp-content\/uploads\/2020\/06\/Organic-Care-Hand-Cream-SC-1-copy-247x300.jpg\" class=\"attachment-shop_catalog size-shop_catalog wp-post-image\" alt=\"Organic Care Hand Cream \u041b\u0435\u0442\u0443\u0430\u043b\u044c\" title=\"Organic Care Hand Cream \u041b\u0435\u0442\u0443\u0430\u043b\u044c\" \/>\t\t\t\t<\/a>\n\t\t\t<\/div>\n\t\t\t<div class=\"image-tools is-small top right show-on-hover\">\n\t\t\t\t\t\t\t<\/div>\n\t\t\t<div class=\"image-tools is-small hide-for-small bottom left show-on-hover\">\n\t\t\t\t\t\t\t<\/div>\n\t\t\t<div class=\"image-tools grid-tools text-center hide-for-small bottom hover-slide-in show-on-hover\">\n\t\t\t\t  <a class=\"quick-view\" data-prod=\"43054\" href=\"#quick-view\">Quick View<\/a>\t\t\t<\/div>\n\t\t\t\t\t<\/div><!-- box-image -->\n\n\t\t<div class=\"box-text box-text-products\">\n\t\t\t<div class=\"title-wrapper\">  <p class=\"category uppercase is-smaller no-text-overflow product-cat op-7\">\n        Kr\u00e9my na ruky a nohy   <\/p> <p class=\"name product-title\"><a href=\"https:\/\/seacare.com\/sk\/produkt\/organicky-krem-na-ruky-150-ml-seacare\/\">Organick\u00fd kr\u00e9m na ruky, 150 ml, SeaCare<\/a><\/p><\/div><div class=\"price-wrapper\">\n\t<span class=\"price\"><span class=\"woocommerce-Price-amount amount\"><span class=\"woocommerce-Price-currencySymbol\">&#36;<\/span>&nbsp;36.90<\/span><\/span>\n<\/div>\t\t<\/div><!-- box-text -->\n\t<\/div><!-- box -->\n\t\t<\/div><!-- .col-inner -->\n<\/div><!-- col -->\t            \t\t\t\t\t\n<div class=\"product-small col has-hover post-42961 product type-product status-publish has-post-thumbnail product_cat-kremy-na-ruky-a-nohy product_cat-panska-kozmetika product_cat-telova-kozmetika product_tag-hladka-pokozka product_tag-krasna-pokozka  instock shipping-taxable purchasable product-type-simple\">\n\t<div class=\"col-inner\">\t\n\t\n<div class=\"badge-container absolute left top z-1\">\n<\/div>\t<div class=\"product-small box \">\n\t\t<div class=\"box-image\">\n\t\t\t<div class=\"image-none\">\n\t\t\t\t<a href=\"https:\/\/seacare.com\/sk\/produkt\/pansky-krem-na-nohy-150-ml-seacare\/\">\n\t\t\t\t\t<img loading=\"lazy\" decoding=\"async\" width=\"247\" height=\"300\" src=\"https:\/\/seacare.com\/wp-content\/uploads\/2021\/01\/Foot-Cream-Men-SC-1-copy-247x300.jpg\" class=\"attachment-shop_catalog size-shop_catalog wp-post-image\" alt=\"Foot Cream Men SC\" title=\"Foot Cream Men SC\" \/>\t\t\t\t<\/a>\n\t\t\t<\/div>\n\t\t\t<div class=\"image-tools is-small top right show-on-hover\">\n\t\t\t\t\t\t\t<\/div>\n\t\t\t<div class=\"image-tools is-small hide-for-small bottom left show-on-hover\">\n\t\t\t\t\t\t\t<\/div>\n\t\t\t<div class=\"image-tools grid-tools text-center hide-for-small bottom hover-slide-in show-on-hover\">\n\t\t\t\t  <a class=\"quick-view\" data-prod=\"42961\" href=\"#quick-view\">Quick View<\/a>\t\t\t<\/div>\n\t\t\t\t\t<\/div><!-- box-image -->\n\n\t\t<div class=\"box-text box-text-products\">\n\t\t\t<div class=\"title-wrapper\">  <p class=\"category uppercase is-smaller no-text-overflow product-cat op-7\">\n        Kr\u00e9my na ruky a nohy   <\/p> <p class=\"name product-title\"><a href=\"https:\/\/seacare.com\/sk\/produkt\/pansky-krem-na-nohy-150-ml-seacare\/\">P\u00e1nsky kr\u00e9m na nohy, 150 ml, SeaCare<\/a><\/p><\/div><div class=\"price-wrapper\">\n\t<span class=\"price\"><span class=\"woocommerce-Price-amount amount\"><span class=\"woocommerce-Price-currencySymbol\">&#36;<\/span>&nbsp;28.90<\/span><\/span>\n<\/div>\t\t<\/div><!-- box-text -->\n\t<\/div><!-- box -->\n\t\t<\/div><!-- .col-inner -->\n<\/div><!-- col -->\t            \t\t\t\t\t\n<div class=\"product-small col has-hover post-43060 product type-product status-publish has-post-thumbnail product_cat-kremy-na-ruky-a-nohy product_cat-organicka-kozmetika product_cat-organicka-spa-linia product_cat-telova-kozmetika product_tag-hladka-pokozka product_tag-krasna-pokozka last instock shipping-taxable purchasable product-type-simple\">\n\t<div class=\"col-inner\">\t\n\t\n<div class=\"badge-container absolute left top z-1\">\n<\/div>\t<div class=\"product-small box \">\n\t\t<div class=\"box-image\">\n\t\t\t<div class=\"image-none\">\n\t\t\t\t<a href=\"https:\/\/seacare.com\/sk\/produkt\/organicky-krem-na-nohy-150-ml-seacare\/\">\n\t\t\t\t\t<img loading=\"lazy\" decoding=\"async\" width=\"247\" height=\"300\" src=\"https:\/\/seacare.com\/wp-content\/uploads\/2020\/06\/Organic-Care-Foot-Cream-SC-1-copy-247x300.jpg\" class=\"attachment-shop_catalog size-shop_catalog wp-post-image\" alt=\"Organic Care Foot Cream SC\" title=\"Organic Care Foot Cream SC\" \/>\t\t\t\t<\/a>\n\t\t\t<\/div>\n\t\t\t<div class=\"image-tools is-small top right show-on-hover\">\n\t\t\t\t\t\t\t<\/div>\n\t\t\t<div class=\"image-tools is-small hide-for-small bottom left show-on-hover\">\n\t\t\t\t\t\t\t<\/div>\n\t\t\t<div class=\"image-tools grid-tools text-center hide-for-small bottom hover-slide-in show-on-hover\">\n\t\t\t\t  <a class=\"quick-view\" data-prod=\"43060\" href=\"#quick-view\">Quick View<\/a>\t\t\t<\/div>\n\t\t\t\t\t<\/div><!-- box-image -->\n\n\t\t<div class=\"box-text box-text-products\">\n\t\t\t<div class=\"title-wrapper\">  <p class=\"category uppercase is-smaller no-text-overflow product-cat op-7\">\n        Kr\u00e9my na ruky a nohy   <\/p> <p class=\"name product-title\"><a href=\"https:\/\/seacare.com\/sk\/produkt\/organicky-krem-na-nohy-150-ml-seacare\/\">Organick\u00fd kr\u00e9m na nohy, 150 ml, SeaCare<\/a><\/p><\/div><div class=\"price-wrapper\">\n\t<span class=\"price\"><span class=\"woocommerce-Price-amount amount\"><span class=\"woocommerce-Price-currencySymbol\">&#36;<\/span>&nbsp;36.90<\/span><\/span>\n<\/div>\t\t<\/div><!-- box-text -->\n\t<\/div><!-- box -->\n\t\t<\/div><!-- .col-inner -->\n<\/div><!-- col -->\t            \n\t        <\/div>\n","protected":false},"excerpt":{"rendered":"<p>na such\u00fa, drsn\u00fa a popraskan\u00fa poko\u017eku<br \/>\n150 ml &#8211; 5.07 fl.oz.<\/p>\n","protected":false},"featured_media":42817,"comment_status":"open","ping_status":"closed","template":"","meta":[],"_links":{"self":[{"href":"https:\/\/seacare.com\/sk\/wp-json\/wp\/v2\/product\/42816"}],"collection":[{"href":"https:\/\/seacare.com\/sk\/wp-json\/wp\/v2\/product"}],"about":[{"href":"https:\/\/seacare.com\/sk\/wp-json\/wp\/v2\/types\/product"}],"replies":[{"embeddable":true,"href":"https:\/\/seacare.com\/sk\/wp-json\/wp\/v2\/comments?post=42816"}],"wp:featuredmedia":[{"embeddable":true,"href":"https:\/\/seacare.com\/sk\/wp-json\/wp\/v2\/media\/42817"}],"wp:attachment":[{"href":"https:\/\/seacare.com\/sk\/wp-json\/wp\/v2\/media?parent=42816"}],"curies":[{"name":"wp","href":"https:\/\/api.w.org\/{rel}","templated":true}]}}