{"id":42828,"date":"2017-03-01T14:34:19","date_gmt":"2021-06-07T14:04:57","guid":{"rendered":"https:\/\/seacare.com\/ru\/?post_type=product&#038;p=42828"},"modified":"2021-06-08T16:03:18","modified_gmt":"2021-06-08T13:03:18","slug":"bahenna-maska-na-tvar-150-ml-seacare","status":"publish","type":"product","link":"https:\/\/seacare.com\/sk\/produkt\/bahenna-maska-na-tvar-150-ml-seacare\/","title":{"rendered":"Bahenn\u00e1 maska na tv\u00e1r, 150 ml, SeaCare"},"content":{"rendered":"<p>Bahenn\u00e1 ple\u0165ov\u00e1 maska SeaCare absorbuje prebyto\u010dn\u00e9 oleje a \u010fal\u0161ie odpadov\u00e9 l\u00e1tky a zanech\u00e1va po sebe \u010dist\u00fa a zdrav\u00fa poko\u017eku. Pri su\u0161en\u00ed maska jemne odv\u00e1dza tox\u00edny a ne\u010distoty, ktor\u00e9 m\u00f4\u017eu prispieva\u0165 k upch\u00e1vaniu p\u00f3rov, ktor\u00e9 m\u00f4\u017eu vies\u0165 k starnutiu poko\u017eky. T\u00e1to kr\u00e9mov\u00e1 um\u00fdvate\u013en\u00e1 maska obsahuje pr\u00edrodn\u00fd kaol\u00ednov\u00fd \u00edl, ktor\u00fd absorbuje prebyto\u010dn\u00fd maz. Recept\u00fara je obohaten\u00e1 o miner\u00e1ly z M\u0155tveho mora a vytvoren\u00e1 v s\u00falade s normami Izraelskej asoci\u00e1cie v\u00fdrobcov kozmetiky. Maska na b\u00e1ze bahna z M\u0155tveho mora odstra\u0148uje ne\u010distoty a odumret\u00fa poko\u017eku, obohacuje ple\u0165 o miner\u00e1ly, posil\u0148uje a zlep\u0161uje jej pru\u017enos\u0165. Bahenn\u00e1 ple\u0165ov\u00e1 maska SeaCare je navrhnut\u00e1 na o\u017eivenie vzh\u013eadu poko\u017eky. Maska je skvel\u00fdm rie\u0161en\u00edm ako sa zbavi\u0165 akn\u00e9.<\/p>\n<p><strong>Neobsahuje:<\/strong> Parab\u00e9ny, Propyl\u00e9nglykol, Silik\u00f3ny, Miner\u00e1lne oleje, Petrolatum, SLS.<\/p>\n<p><strong>N\u00e1vod na pou\u017eitie:<\/strong> Naneste na o\u010disten\u00fa tv\u00e1r, vyh\u00fdbajte sa kontaktu s o\u010dami a krkom. Po\u010dkajte, k\u00fdm maska \u00faplne nevyschne, opl\u00e1chnite teplou vodou. Pou\u017e\u00edvajte raz alebo dvakr\u00e1t t\u00fd\u017edenne. Pre dosiahnutie maxim\u00e1lnych \u00fa\u010dinkov sa odpor\u00fa\u010da po pou\u017eit\u00ed tejto masky pou\u017ei\u0165 SeaCare Mud Facial Cleansing Gel pred pou\u017eit\u00edm tohto SeaCare Anti-Aging alebo Multivitamin Cream alebo Face Serum.<\/p>\n<h3>K\u013e\u00fa\u010dov\u00e9 ingrediencie<\/h3>\n<hr \/>\n<div class=\"row\"  id=\"row-1710789894\">\n<div class=\"col medium-6 small-12 large-6\"  ><div class=\"col-inner\"  >\n<div class=\"row\"  id=\"row-16737259\">\n<div class=\"col medium-3 small-12 large-3\"  ><div class=\"col-inner\"  >\n    <div class=\"img has-hover x md-x lg-x y md-y lg-y\" id=\"image_210940677\">\n                <div class=\"img-inner dark\" >\n        <img loading=\"lazy\" decoding=\"async\" width=\"500\" height=\"500\" src=\"https:\/\/seacare.com\/wp-content\/uploads\/2017\/03\/minerals-1.png\" class=\"attachment-large size-large\" alt=\"\" srcset=\"https:\/\/seacare.com\/wp-content\/uploads\/2017\/03\/minerals-1.png 500w, https:\/\/seacare.com\/wp-content\/uploads\/2017\/03\/minerals-1-280x280.png 280w, https:\/\/seacare.com\/wp-content\/uploads\/2017\/03\/minerals-1-400x400.png 400w, https:\/\/seacare.com\/wp-content\/uploads\/2017\/03\/minerals-1-180x180.png 180w, https:\/\/seacare.com\/wp-content\/uploads\/2017\/03\/minerals-1-300x300.png 300w\" sizes=\"(max-width: 500px) 100vw, 500px\" \/>                \n            <\/div>\n                   \n<style scope=\"scope\">\n\n<\/style>\n    <\/div>\n    \n<\/div><\/div>\n<div class=\"col medium-9 small-12 large-9\"  ><div class=\"col-inner\"  >\n<h4>Miner\u00e1ly z M\u0155tveho mora<\/h4>\n<p>M\u0155tve more obsahuje viac ako 20 miner\u00e1lov, ktor\u00e9 preuk\u00e1zate\u013ene zlep\u0161uj\u00fa vzh\u013ead poko\u017eky a udr\u017eiavaj\u00fa ju zdrav\u00fa a mladistv\u00fa. Dokonca aj rastliny rast\u00face pozd\u013a\u017e pobre\u017eia M\u0155tveho mora maj\u00fa<a href=\"\/sk\/mineraly-z-mrtveho-mora\/\"> Podrobnej\u0161ie&#8230;<\/a><\/p>\n<\/div><\/div>\n<\/div>\n<\/div><\/div>\n<div class=\"col medium-6 small-12 large-6\"  ><div class=\"col-inner\"  >\n<div class=\"row\"  id=\"row-613855107\">\n<div class=\"col medium-3 small-12 large-3\"  ><div class=\"col-inner\"  >\n    <div class=\"img has-hover x md-x lg-x y md-y lg-y\" id=\"image_1408697960\">\n                <div class=\"img-inner dark\" >\n        <img loading=\"lazy\" decoding=\"async\" width=\"500\" height=\"500\" src=\"https:\/\/seacare.com\/wp-content\/uploads\/2020\/07\/\u0413\u0440\u044f\u0437\u044c.jpg\" class=\"attachment-large size-large\" alt=\"Dead Sea Mud\" srcset=\"https:\/\/seacare.com\/wp-content\/uploads\/2020\/07\/\u0413\u0440\u044f\u0437\u044c.jpg 500w, https:\/\/seacare.com\/wp-content\/uploads\/2020\/07\/\u0413\u0440\u044f\u0437\u044c-247x247.jpg 247w, https:\/\/seacare.com\/wp-content\/uploads\/2020\/07\/\u0413\u0440\u044f\u0437\u044c-400x400.jpg 400w, https:\/\/seacare.com\/wp-content\/uploads\/2020\/07\/\u0413\u0440\u044f\u0437\u044c-180x180.jpg 180w\" sizes=\"(max-width: 500px) 100vw, 500px\" \/>                \n            <\/div>\n                   \n<style scope=\"scope\">\n\n<\/style>\n    <\/div>\n    \n<\/div><\/div>\n<div class=\"col medium-9 small-12 large-9\"  ><div class=\"col-inner\"  >\n<h4>Bahno z M\u0155tveho mora<\/h4>\n<p>Bahno z M\u0155tveho mora sa pou\u017e\u00edva na lie\u010dbu stavov, ako je psori\u00e1za, artrit\u00edda, akn\u00e9 a chronick\u00e9 bolesti chrbta. Mnoho \u0161t\u00fadi\u00ed podporuje tvrdenia, \u017ee bahno z M\u0155tveho mora m\u00f4\u017ee zmierni\u0165 boles\u0165 <a href=\"\/sk\/bahno-z-mrtveho-mora\/\"> Podrobnej\u0161ie&#8230;<\/a><\/p>\n<\/div><\/div>\n<\/div>\n<\/div><\/div>\n<div class=\"col medium-6 small-12 large-6\"  ><div class=\"col-inner\"  >\n<div class=\"row\"  id=\"row-225933933\">\n<div class=\"col medium-3 small-12 large-3\"  ><div class=\"col-inner\"  >\n    <div class=\"img has-hover x md-x lg-x y md-y lg-y\" id=\"image_1377915187\">\n                <div class=\"img-inner dark\" >\n        <img loading=\"lazy\" decoding=\"async\" width=\"500\" height=\"500\" src=\"https:\/\/seacare.com\/wp-content\/uploads\/2020\/07\/\u041a\u043e\u043b\u0438\u043d\u043e\u0432\u0430\u044f-\u0433\u043b\u0438\u043d\u0430.jpg\" class=\"attachment-large size-large\" alt=\"\" srcset=\"https:\/\/seacare.com\/wp-content\/uploads\/2020\/07\/\u041a\u043e\u043b\u0438\u043d\u043e\u0432\u0430\u044f-\u0433\u043b\u0438\u043d\u0430.jpg 500w, https:\/\/seacare.com\/wp-content\/uploads\/2020\/07\/\u041a\u043e\u043b\u0438\u043d\u043e\u0432\u0430\u044f-\u0433\u043b\u0438\u043d\u0430-247x247.jpg 247w, https:\/\/seacare.com\/wp-content\/uploads\/2020\/07\/\u041a\u043e\u043b\u0438\u043d\u043e\u0432\u0430\u044f-\u0433\u043b\u0438\u043d\u0430-400x400.jpg 400w, https:\/\/seacare.com\/wp-content\/uploads\/2020\/07\/\u041a\u043e\u043b\u0438\u043d\u043e\u0432\u0430\u044f-\u0433\u043b\u0438\u043d\u0430-180x180.jpg 180w\" sizes=\"(max-width: 500px) 100vw, 500px\" \/>                \n            <\/div>\n                   \n<style scope=\"scope\">\n\n<\/style>\n    <\/div>\n    \n<\/div><\/div>\n<div class=\"col medium-9 small-12 large-9\"  ><div class=\"col-inner\"  >\n<h4>Kaol\u00edn<\/h4>\n<p>Kaol\u00edn v kozmetike je ve\u013emi jemn\u00fd \u00edl. Kaol\u00edn alebo biel\u00fd \u00edl nevysu\u0161uje poko\u017eku a neabsorbuje vlhkos\u0165 ani prirodzen\u00e9 mazanie poko\u017eky v porovnan\u00ed s kozmetick\u00fdm \u00edlom bentonit <a href=\"\/sk\/kaolin\/\"> Podrobnej\u0161ie&#8230;<\/a><\/p>\n<\/div><\/div>\n<\/div>\n<\/div><\/div>\n<\/div>\n<h3>Ostatn\u00e9 v\u00fdrobky v l\u00ednii<\/h3>\n\n  \n    <div class=\"row large-columns-4 medium-columns- small-columns-2 row-small slider row-slider slider-nav-reveal slider-nav-push\"  data-flickity-options='{\"imagesLoaded\": true, \"groupCells\": \"100%\", \"dragThreshold\" : 5, \"cellAlign\": \"left\",\"wrapAround\": true,\"prevNextButtons\": true,\"percentPosition\": true,\"pageDots\": false, \"rightToLeft\": false, \"autoPlay\" : false}'>\n\n  \t<\/div>\n<h3>Podobn\u00e9 v\u00fdrobky v in\u00fdch l\u00edniach<\/h3>\n\n  \n    <div class=\"row large-columns-4 medium-columns- small-columns-2 row-small slider row-slider slider-nav-reveal slider-nav-push\"  data-flickity-options='{\"imagesLoaded\": true, \"groupCells\": \"100%\", \"dragThreshold\" : 5, \"cellAlign\": \"left\",\"wrapAround\": true,\"prevNextButtons\": true,\"percentPosition\": true,\"pageDots\": false, \"rightToLeft\": false, \"autoPlay\" : false}'>\n\n  \t\n\t            \t\t\t\t\t\n<div class=\"product-small col has-hover post-42973 product type-product status-publish has-post-thumbnail product_cat-kozmetika-na-tvar product_cat-masky product_cat-panska-kozmetika product_tag-hladka-pokozka product_tag-krasna-pokozka first instock shipping-taxable purchasable product-type-simple\">\n\t<div class=\"col-inner\">\t\n\t\n<div class=\"badge-container absolute left top z-1\">\n<\/div>\t<div class=\"product-small box \">\n\t\t<div class=\"box-image\">\n\t\t\t<div class=\"image-none\">\n\t\t\t\t<a href=\"https:\/\/seacare.com\/sk\/produkt\/panska-bahenna-pletova-maska-150-ml-seacare\/\">\n\t\t\t\t\t<img loading=\"lazy\" decoding=\"async\" width=\"247\" height=\"300\" src=\"https:\/\/seacare.com\/wp-content\/uploads\/2021\/01\/Facial-Mud-Mask-Men-SC-1-copy-247x300.jpg\" class=\"attachment-shop_catalog size-shop_catalog wp-post-image\" alt=\"Facial Mud Mask Men SC\" title=\"Facial Mud Mask Men SC\" \/>\t\t\t\t<\/a>\n\t\t\t<\/div>\n\t\t\t<div class=\"image-tools is-small top right show-on-hover\">\n\t\t\t\t\t\t\t<\/div>\n\t\t\t<div class=\"image-tools is-small hide-for-small bottom left show-on-hover\">\n\t\t\t\t\t\t\t<\/div>\n\t\t\t<div class=\"image-tools grid-tools text-center hide-for-small bottom hover-slide-in show-on-hover\">\n\t\t\t\t  <a class=\"quick-view\" data-prod=\"42973\" href=\"#quick-view\">Quick View<\/a>\t\t\t<\/div>\n\t\t\t\t\t<\/div><!-- box-image -->\n\n\t\t<div class=\"box-text box-text-products\">\n\t\t\t<div class=\"title-wrapper\">  <p class=\"category uppercase is-smaller no-text-overflow product-cat op-7\">\n        Kozmetika na tv\u00e1r   <\/p> <p class=\"name product-title\"><a href=\"https:\/\/seacare.com\/sk\/produkt\/panska-bahenna-pletova-maska-150-ml-seacare\/\">P\u00e1nska bahenn\u00e1 ple\u0165ov\u00e1 maska, 150 ml, SeaCare<\/a><\/p><\/div><div class=\"price-wrapper\">\n\t<span class=\"price\"><span class=\"woocommerce-Price-amount amount\"><span class=\"woocommerce-Price-currencySymbol\">&#36;<\/span>&nbsp;30.90<\/span><\/span>\n<\/div>\t\t<\/div><!-- box-text -->\n\t<\/div><!-- box -->\n\t\t<\/div><!-- .col-inner -->\n<\/div><!-- col -->\t            \t\t\t\t\t\n<div class=\"product-small col has-hover post-42467 product type-product status-publish has-post-thumbnail product_cat-24k-gold-linia-sk product_cat-kozmetika-na-tvar product_cat-kozmetika-proti-starnutiu product_cat-masky product_tag-krasna-pokozka product_tag-mladistva-pokozka-tvare product_tag-omladzovanie  instock shipping-taxable purchasable product-type-simple\">\n\t<div class=\"col-inner\">\t\n\t\n<div class=\"badge-container absolute left top z-1\">\n<\/div>\t<div class=\"product-small box \">\n\t\t<div class=\"box-image\">\n\t\t\t<div class=\"image-none\">\n\t\t\t\t<a href=\"https:\/\/seacare.com\/sk\/produkt\/anti-aging-spevnujuca-maska-50-ml-seacare\/\">\n\t\t\t\t\t<img loading=\"lazy\" decoding=\"async\" width=\"247\" height=\"300\" src=\"https:\/\/seacare.com\/wp-content\/uploads\/2018\/10\/101-1-247x300.jpg\" class=\"attachment-shop_catalog size-shop_catalog wp-post-image\" alt=\"101\" title=\"101\" \/>\t\t\t\t<\/a>\n\t\t\t<\/div>\n\t\t\t<div class=\"image-tools is-small top right show-on-hover\">\n\t\t\t\t\t\t\t<\/div>\n\t\t\t<div class=\"image-tools is-small hide-for-small bottom left show-on-hover\">\n\t\t\t\t\t\t\t<\/div>\n\t\t\t<div class=\"image-tools grid-tools text-center hide-for-small bottom hover-slide-in show-on-hover\">\n\t\t\t\t  <a class=\"quick-view\" data-prod=\"42467\" href=\"#quick-view\">Quick View<\/a>\t\t\t<\/div>\n\t\t\t\t\t<\/div><!-- box-image -->\n\n\t\t<div class=\"box-text box-text-products\">\n\t\t\t<div class=\"title-wrapper\">  <p class=\"category uppercase is-smaller no-text-overflow product-cat op-7\">\n        24K Gold l\u00ednia   <\/p> <p class=\"name product-title\"><a href=\"https:\/\/seacare.com\/sk\/produkt\/anti-aging-spevnujuca-maska-50-ml-seacare\/\">Anti-aging spev\u0148uj\u00faca maska, 50 ml, SeaCare<\/a><\/p><\/div><div class=\"price-wrapper\">\n\t<span class=\"price\"><span class=\"woocommerce-Price-amount amount\"><span class=\"woocommerce-Price-currencySymbol\">&#36;<\/span>&nbsp;64.90<\/span><\/span>\n<\/div>\t\t<\/div><!-- box-text -->\n\t<\/div><!-- box -->\n\t\t<\/div><!-- .col-inner -->\n<\/div><!-- col -->\t            \t\t\t\t\t\n<div class=\"product-small col has-hover post-43128 product type-product status-publish has-post-thumbnail product_cat-kozmetika-na-tvar product_cat-kozmetika-proti-akne product_cat-linia-proti-akne product_cat-masky  instock shipping-taxable purchasable product-type-simple\">\n\t<div class=\"col-inner\">\t\n\t\n<div class=\"badge-container absolute left top z-1\">\n<\/div>\t<div class=\"product-small box \">\n\t\t<div class=\"box-image\">\n\t\t\t<div class=\"image-none\">\n\t\t\t\t<a href=\"https:\/\/seacare.com\/sk\/produkt\/anti-akne-pletova-maska-proti-vzniku-akne-a-ciernych-bodiek-50-ml-seacare\/\">\n\t\t\t\t\t<img loading=\"lazy\" decoding=\"async\" width=\"247\" height=\"300\" src=\"https:\/\/seacare.com\/wp-content\/uploads\/2019\/11\/\u0414\u043b\u044f-SCFacial-Mask_Face-247x300.jpg\" class=\"attachment-shop_catalog size-shop_catalog wp-post-image\" alt=\"\u0414\u043b\u044f SCFacial Mask_Face\" title=\"\u0414\u043b\u044f SCFacial Mask_Face\" \/>\t\t\t\t<\/a>\n\t\t\t<\/div>\n\t\t\t<div class=\"image-tools is-small top right show-on-hover\">\n\t\t\t\t\t\t\t<\/div>\n\t\t\t<div class=\"image-tools is-small hide-for-small bottom left show-on-hover\">\n\t\t\t\t\t\t\t<\/div>\n\t\t\t<div class=\"image-tools grid-tools text-center hide-for-small bottom hover-slide-in show-on-hover\">\n\t\t\t\t  <a class=\"quick-view\" data-prod=\"43128\" href=\"#quick-view\">Quick View<\/a>\t\t\t<\/div>\n\t\t\t\t\t<\/div><!-- box-image -->\n\n\t\t<div class=\"box-text box-text-products\">\n\t\t\t<div class=\"title-wrapper\">  <p class=\"category uppercase is-smaller no-text-overflow product-cat op-7\">\n        Kozmetika na tv\u00e1r   <\/p> <p class=\"name product-title\"><a href=\"https:\/\/seacare.com\/sk\/produkt\/anti-akne-pletova-maska-proti-vzniku-akne-a-ciernych-bodiek-50-ml-seacare\/\">Anti-akn\u00e9 ple\u0165ov\u00e1 maska proti vzniku akn\u00e9 a \u010diernych bodiek, 50 ml, SeaCare<\/a><\/p><\/div><div class=\"price-wrapper\">\n\t<span class=\"price\"><span class=\"woocommerce-Price-amount amount\"><span class=\"woocommerce-Price-currencySymbol\">&#36;<\/span>&nbsp;56.90<\/span><\/span>\n<\/div>\t\t<\/div><!-- box-text -->\n\t<\/div><!-- box -->\n\t\t<\/div><!-- .col-inner -->\n<\/div><!-- col -->\t            \t\t\t\t\t\n<div class=\"product-small col has-hover post-42937 product type-product status-publish has-post-thumbnail product_cat-masky product_cat-panska-kozmetika product_cat-vlasova-kozmetika product_tag-krasa-vlasov last instock shipping-taxable purchasable product-type-simple\">\n\t<div class=\"col-inner\">\t\n\t\n<div class=\"badge-container absolute left top z-1\">\n<\/div>\t<div class=\"product-small box \">\n\t\t<div class=\"box-image\">\n\t\t\t<div class=\"image-none\">\n\t\t\t\t<a href=\"https:\/\/seacare.com\/sk\/produkt\/panska-bahenna-maska-na-vlasy-250-ml-seacare\/\">\n\t\t\t\t\t<img loading=\"lazy\" decoding=\"async\" width=\"247\" height=\"300\" src=\"https:\/\/seacare.com\/wp-content\/uploads\/2021\/04\/Hair-Mud-Mask-Men-SC-1-copy-247x300.jpg\" class=\"attachment-shop_catalog size-shop_catalog wp-post-image\" alt=\"Hair Mud Mask Men SC\" title=\"Hair Mud Mask Men SC\" \/>\t\t\t\t<\/a>\n\t\t\t<\/div>\n\t\t\t<div class=\"image-tools is-small top right show-on-hover\">\n\t\t\t\t\t\t\t<\/div>\n\t\t\t<div class=\"image-tools is-small hide-for-small bottom left show-on-hover\">\n\t\t\t\t\t\t\t<\/div>\n\t\t\t<div class=\"image-tools grid-tools text-center hide-for-small bottom hover-slide-in show-on-hover\">\n\t\t\t\t  <a class=\"quick-view\" data-prod=\"42937\" href=\"#quick-view\">Quick View<\/a>\t\t\t<\/div>\n\t\t\t\t\t<\/div><!-- box-image -->\n\n\t\t<div class=\"box-text box-text-products\">\n\t\t\t<div class=\"title-wrapper\">  <p class=\"category uppercase is-smaller no-text-overflow product-cat op-7\">\n        Masky   <\/p> <p class=\"name product-title\"><a href=\"https:\/\/seacare.com\/sk\/produkt\/panska-bahenna-maska-na-vlasy-250-ml-seacare\/\">P\u00e1nska bahenn\u00e1 maska na vlasy, 250 ml, SeaCare<\/a><\/p><\/div><div class=\"price-wrapper\">\n\t<span class=\"price\"><span class=\"woocommerce-Price-amount amount\"><span class=\"woocommerce-Price-currencySymbol\">&#36;<\/span>&nbsp;45.90<\/span><\/span>\n<\/div>\t\t<\/div><!-- box-text -->\n\t<\/div><!-- box -->\n\t\t<\/div><!-- .col-inner -->\n<\/div><!-- col -->\t            \n\t        <\/div>\n","protected":false},"excerpt":{"rendered":"<p>pre norm\u00e1lnu a\u017e mastn\u00fa ple\u0165<br \/>\n150 ml &#8211; 5.07 fl.oz.<\/p>\n","protected":false},"featured_media":42829,"comment_status":"open","ping_status":"closed","template":"","meta":[],"_links":{"self":[{"href":"https:\/\/seacare.com\/sk\/wp-json\/wp\/v2\/product\/42828"}],"collection":[{"href":"https:\/\/seacare.com\/sk\/wp-json\/wp\/v2\/product"}],"about":[{"href":"https:\/\/seacare.com\/sk\/wp-json\/wp\/v2\/types\/product"}],"replies":[{"embeddable":true,"href":"https:\/\/seacare.com\/sk\/wp-json\/wp\/v2\/comments?post=42828"}],"wp:featuredmedia":[{"embeddable":true,"href":"https:\/\/seacare.com\/sk\/wp-json\/wp\/v2\/media\/42829"}],"wp:attachment":[{"href":"https:\/\/seacare.com\/sk\/wp-json\/wp\/v2\/media?parent=42828"}],"curies":[{"name":"wp","href":"https:\/\/api.w.org\/{rel}","templated":true}]}}