{"id":42846,"date":"2020-07-16T10:40:13","date_gmt":"2021-06-07T14:25:18","guid":{"rendered":"https:\/\/seacare.com\/ru\/?post_type=product&#038;p=42846"},"modified":"2021-06-08T15:31:36","modified_gmt":"2021-06-08T12:31:36","slug":"pansky-bahenny-kondicioner-400-ml-seacare","status":"publish","type":"product","link":"https:\/\/seacare.com\/sk\/produkt\/pansky-bahenny-kondicioner-400-ml-seacare\/","title":{"rendered":"P\u00e1nsky bahenn\u00fd kondicion\u00e9r, 400 ml, SeaCare"},"content":{"rendered":"<p>SeaCare P\u00e1nsky bahenn\u00fd kondicion\u00e9r zavr\u0161uje d\u00f4kladn\u00e9 o\u010distenie a vy\u017eivuj\u00faci \u00fa\u010dinok \u0161amp\u00f3nu SeaCare Men&#8217;s Mud Shampoo. Kondicion\u00e9r oba\u013euje ka\u017ed\u00fd vlas do v\u00fd\u017eivnej vrstvy, ktor\u00e1 ho chr\u00e1ni pred klimatick\u00fdmi vplyvmi. Vzorec kondicion\u00e9ra je obohaten\u00fd o miner\u00e1ly z M\u0155tveho mora a obsahuje tie\u017e akt\u00edvnu zlo\u017eku Abil Soft AF300, ktor\u00e1 vlasy chr\u00e1ni, rob\u00ed ich leskl\u00fdmi, hladk\u00fdmi, pru\u017en\u00fdmi a upravite\u013en\u00fdmi. Kondicion\u00e9r na b\u00e1ze bahna z M\u0155tveho mora obohacuje vlasy a poko\u017eku hlavy o miner\u00e1ly, posil\u0148uje a zlep\u0161uje ich pru\u017enos\u0165. \u010ealej obsahuje mand\u013eov\u00fd olej, pr\u00edrodn\u00fa zlo\u017eku, ktor\u00e1 dokonale zvlh\u010duje a zjem\u0148uje vlasy. SeaCare Men&#8217;s Mud Conditioner zanech\u00e1va vlasy \u010dist\u00e9, svie\u017ee, pru\u017en\u00e9 a zdrav\u00e9. Kondicion\u00e9r je mo\u017en\u00e9 pou\u017e\u00edva\u0165 ka\u017ed\u00fd de\u0148, aby boli vlasy hladk\u00e9 a siln\u00e9, s ve\u013emi pr\u00edjemnou a jemnou v\u00f4\u0148ou. Pravideln\u00e9 pou\u017e\u00edvanie kondicion\u00e9ra na bahno SeaCare Men posiln\u00ed vlasy a zabr\u00e1ni ich po\u0161kodeniu.<\/p>\n<p><strong>N\u00e1vod na pou\u017eitie:<\/strong> Naneste na vlasy po pou\u017eit\u00ed P\u00e1nskeho bahenn\u00e9ho \u0161amp\u00f3nu SeaCare, po\u010dkajte 2 min\u00faty a d\u00f4kladne ich opl\u00e1chnite.<\/p>\n<h3>K\u013e\u00fa\u010dov\u00e9 ingrediencie<\/h3>\n<hr \/>\n<div class=\"row\"  id=\"row-684716770\">\n<div class=\"col medium-6 small-12 large-6\"  ><div class=\"col-inner\"  >\n<div class=\"row\"  id=\"row-1212837025\">\n<div class=\"col medium-3 small-12 large-3\"  ><div class=\"col-inner\"  >\n    <div class=\"img has-hover x md-x lg-x y md-y lg-y\" id=\"image_1871561585\">\n                <div class=\"img-inner dark\" >\n        <img loading=\"lazy\" decoding=\"async\" width=\"500\" height=\"500\" src=\"https:\/\/seacare.com\/wp-content\/uploads\/2017\/03\/minerals-1.png\" class=\"attachment-large size-large\" alt=\"\" srcset=\"https:\/\/seacare.com\/wp-content\/uploads\/2017\/03\/minerals-1.png 500w, https:\/\/seacare.com\/wp-content\/uploads\/2017\/03\/minerals-1-280x280.png 280w, https:\/\/seacare.com\/wp-content\/uploads\/2017\/03\/minerals-1-400x400.png 400w, https:\/\/seacare.com\/wp-content\/uploads\/2017\/03\/minerals-1-180x180.png 180w, https:\/\/seacare.com\/wp-content\/uploads\/2017\/03\/minerals-1-300x300.png 300w\" sizes=\"(max-width: 500px) 100vw, 500px\" \/>                \n            <\/div>\n                   \n<style scope=\"scope\">\n\n<\/style>\n    <\/div>\n    \n<\/div><\/div>\n<div class=\"col medium-9 small-12 large-9\"  ><div class=\"col-inner\"  >\n<h4>Miner\u00e1ly z M\u0155tveho mora<\/h4>\n<p>M\u0155tve more obsahuje viac ako 20 miner\u00e1lov, ktor\u00e9 preuk\u00e1zate\u013ene zlep\u0161uj\u00fa vzh\u013ead poko\u017eky a udr\u017eiavaj\u00fa ju zdrav\u00fa a mladistv\u00fa. Dokonca aj rastliny rast\u00face pozd\u013a\u017e pobre\u017eia M\u0155tveho mora maj\u00fa<a href=\"\/sk\/mineraly-z-mrtveho-mora\/\"> Podrobnej\u0161ie&#8230;<\/a><\/p>\n<\/div><\/div>\n<\/div>\n<\/div><\/div>\n<div class=\"col medium-6 small-12 large-6\"  ><div class=\"col-inner\"  >\n<div class=\"row\"  id=\"row-2063708941\">\n<div class=\"col medium-3 small-12 large-3\"  ><div class=\"col-inner\"  >\n    <div class=\"img has-hover x md-x lg-x y md-y lg-y\" id=\"image_3837503\">\n                <div class=\"img-inner dark\" >\n        <img loading=\"lazy\" decoding=\"async\" width=\"500\" height=\"500\" src=\"https:\/\/seacare.com\/wp-content\/uploads\/2020\/07\/\u0413\u0440\u044f\u0437\u044c.jpg\" class=\"attachment-large size-large\" alt=\"Dead sea Mud\" srcset=\"https:\/\/seacare.com\/wp-content\/uploads\/2020\/07\/\u0413\u0440\u044f\u0437\u044c.jpg 500w, https:\/\/seacare.com\/wp-content\/uploads\/2020\/07\/\u0413\u0440\u044f\u0437\u044c-247x247.jpg 247w, https:\/\/seacare.com\/wp-content\/uploads\/2020\/07\/\u0413\u0440\u044f\u0437\u044c-400x400.jpg 400w, https:\/\/seacare.com\/wp-content\/uploads\/2020\/07\/\u0413\u0440\u044f\u0437\u044c-180x180.jpg 180w\" sizes=\"(max-width: 500px) 100vw, 500px\" \/>                \n            <\/div>\n                   \n<style scope=\"scope\">\n\n<\/style>\n    <\/div>\n    \n<\/div><\/div>\n<div class=\"col medium-9 small-12 large-9\"  ><div class=\"col-inner\"  >\n<h4>Bahno z M\u0155tveho mora<\/h4>\n<p>Bahno z M\u0155tveho mora sa pou\u017e\u00edva na lie\u010dbu stavov, ako je psori\u00e1za, artrit\u00edda, akn\u00e9 a chronick\u00e9 bolesti chrbta. Mnoho \u0161t\u00fadi\u00ed podporuje tvrdenia, \u017ee bahno z M\u0155tveho mora m\u00f4\u017ee zmierni\u0165 boles\u0165 <a href=\"\/sk\/bahno-z-mrtveho-mora\/\"> Podrobnej\u0161ie&#8230;<\/a><\/p>\n<\/div><\/div>\n<\/div>\n<\/div><\/div>\n<div class=\"col medium-6 small-12 large-6\"  ><div class=\"col-inner\"  >\n<div class=\"row\"  id=\"row-2096825424\">\n<div class=\"col medium-3 small-12 large-3\"  ><div class=\"col-inner\"  >\n    <div class=\"img has-hover x md-x lg-x y md-y lg-y\" id=\"image_1176552547\">\n                <div class=\"img-inner dark\" >\n        <img loading=\"lazy\" decoding=\"async\" width=\"500\" height=\"500\" src=\"https:\/\/seacare.com\/wp-content\/uploads\/2017\/03\/ABIL-Soft-AF-300.png\" class=\"attachment-large size-large\" alt=\"\" srcset=\"https:\/\/seacare.com\/wp-content\/uploads\/2017\/03\/ABIL-Soft-AF-300.png 500w, https:\/\/seacare.com\/wp-content\/uploads\/2017\/03\/ABIL-Soft-AF-300-280x280.png 280w, https:\/\/seacare.com\/wp-content\/uploads\/2017\/03\/ABIL-Soft-AF-300-400x400.png 400w, https:\/\/seacare.com\/wp-content\/uploads\/2017\/03\/ABIL-Soft-AF-300-180x180.png 180w, https:\/\/seacare.com\/wp-content\/uploads\/2017\/03\/ABIL-Soft-AF-300-300x300.png 300w\" sizes=\"(max-width: 500px) 100vw, 500px\" \/>                \n            <\/div>\n                   \n<style scope=\"scope\">\n\n<\/style>\n    <\/div>\n    \n<\/div><\/div>\n<div class=\"col medium-9 small-12 large-9\"  ><div class=\"col-inner\"  >\n<h4 class=\"text-head\">ABIL\u00ae Soft AF 300<\/h4>\n<p>ABIL\u00ae Soft AF 300 je to vysoko v\u00fdkonn\u00e1 latka Aminopropyl Dimetik\u00f3n. Nov\u00fd vysokomolekul\u00e1rny aminosilik\u00f3nov\u00fd pr\u00edpravok pre kondicion\u00e9ry na vlasy. ABIL\u00ae Soft AF 300 sa vyzna\u010duje <a href=\"\/sk\/abil-soft-af-300\/\"> Podrobnej\u0161ie&#8230;<\/a><\/p>\n<\/div><\/div>\n<\/div>\n<\/div><\/div>\n<div class=\"col medium-6 small-12 large-6\"  ><div class=\"col-inner\"  >\n<div class=\"row\"  id=\"row-539468861\">\n<div class=\"col medium-3 small-12 large-3\"  ><div class=\"col-inner\"  >\n    <div class=\"img has-hover x md-x lg-x y md-y lg-y\" id=\"image_583931773\">\n                <div class=\"img-inner dark\" >\n        <img loading=\"lazy\" decoding=\"async\" width=\"500\" height=\"500\" src=\"https:\/\/seacare.com\/wp-content\/uploads\/2017\/03\/mindal.png\" class=\"attachment-large size-large\" alt=\"\" srcset=\"https:\/\/seacare.com\/wp-content\/uploads\/2017\/03\/mindal.png 500w, https:\/\/seacare.com\/wp-content\/uploads\/2017\/03\/mindal-280x280.png 280w, https:\/\/seacare.com\/wp-content\/uploads\/2017\/03\/mindal-400x400.png 400w, https:\/\/seacare.com\/wp-content\/uploads\/2017\/03\/mindal-180x180.png 180w, https:\/\/seacare.com\/wp-content\/uploads\/2017\/03\/mindal-300x300.png 300w\" sizes=\"(max-width: 500px) 100vw, 500px\" \/>                \n            <\/div>\n                   \n<style scope=\"scope\">\n\n<\/style>\n    <\/div>\n    \n<\/div><\/div>\n<div class=\"col medium-9 small-12 large-9\"  ><div class=\"col-inner\"  >\n<h4>Mand\u013eov\u00fd olej<\/h4>\n<p>Pou\u017e\u00edvan\u00edm pr\u00edrodn\u00fdch kozmetick\u00fdch v\u00fdrobkov s extraktom zo sladk\u00e9ho mand\u013eov\u00e9ho oleja pri ka\u017edodennej starostlivosti bud\u00fa va\u0161e vlasy leskl\u00e9, siln\u00e9 a zdrav\u00e9. Prospe\u0161n\u00e9 vitam\u00edny, tuky <a href=\"\/sk\/mandlovy-olej\/\"> Podrobnej\u0161ie&#8230;<\/a><\/p>\n<\/div><\/div>\n<\/div>\n<\/div><\/div>\n<\/div>\n<h3>Ostatn\u00e9 v\u00fdrobky v l\u00ednii<\/h3>\n\n  \n    <div class=\"row large-columns-4 medium-columns- small-columns-2 row-small slider row-slider slider-nav-reveal slider-nav-push\"  data-flickity-options='{\"imagesLoaded\": true, \"groupCells\": \"100%\", \"dragThreshold\" : 5, \"cellAlign\": \"left\",\"wrapAround\": true,\"prevNextButtons\": true,\"percentPosition\": true,\"pageDots\": false, \"rightToLeft\": false, \"autoPlay\" : false}'>\n\n  \t<\/div>\n<h3>Podobn\u00e9 v\u00fdrobky v in\u00fdch l\u00edniach<\/h3>\n\n  \n    <div class=\"row large-columns-4 medium-columns- small-columns-2 row-small slider row-slider slider-nav-reveal slider-nav-push\"  data-flickity-options='{\"imagesLoaded\": true, \"groupCells\": \"100%\", \"dragThreshold\" : 5, \"cellAlign\": \"left\",\"wrapAround\": true,\"prevNextButtons\": true,\"percentPosition\": true,\"pageDots\": false, \"rightToLeft\": false, \"autoPlay\" : false}'>\n\n  \t\n\t            \t\t\t\t\t\n<div class=\"product-small col has-hover post-42717 product type-product status-publish has-post-thumbnail product_cat-dead-sea-spa-linia product_cat-kondicionery product_cat-kozmetika-z-mrtveho-mora product_cat-vlasova-kozmetika product_tag-krasa-vlasov first instock shipping-taxable purchasable product-type-simple\">\n\t<div class=\"col-inner\">\t\n\t\n<div class=\"badge-container absolute left top z-1\">\n<\/div>\t<div class=\"product-small box \">\n\t\t<div class=\"box-image\">\n\t\t\t<div class=\"image-none\">\n\t\t\t\t<a href=\"https:\/\/seacare.com\/sk\/produkt\/bahenny-kondicioner-400-ml-seacare\/\">\n\t\t\t\t\t<img loading=\"lazy\" decoding=\"async\" width=\"247\" height=\"300\" src=\"https:\/\/seacare.com\/wp-content\/uploads\/2017\/03\/1.-Mud-Condicioner-1-247x300.jpg\" class=\"attachment-shop_catalog size-shop_catalog wp-post-image\" alt=\"1. Mud Condicioner\" title=\"1. Mud Condicioner\" \/>\t\t\t\t<\/a>\n\t\t\t<\/div>\n\t\t\t<div class=\"image-tools is-small top right show-on-hover\">\n\t\t\t\t\t\t\t<\/div>\n\t\t\t<div class=\"image-tools is-small hide-for-small bottom left show-on-hover\">\n\t\t\t\t\t\t\t<\/div>\n\t\t\t<div class=\"image-tools grid-tools text-center hide-for-small bottom hover-slide-in show-on-hover\">\n\t\t\t\t  <a class=\"quick-view\" data-prod=\"42717\" href=\"#quick-view\">Quick View<\/a>\t\t\t<\/div>\n\t\t\t\t\t<\/div><!-- box-image -->\n\n\t\t<div class=\"box-text box-text-products\">\n\t\t\t<div class=\"title-wrapper\">  <p class=\"category uppercase is-smaller no-text-overflow product-cat op-7\">\n        Dead Sea SPA l\u00ednia   <\/p> <p class=\"name product-title\"><a href=\"https:\/\/seacare.com\/sk\/produkt\/bahenny-kondicioner-400-ml-seacare\/\">Bahenn\u00fd kondicion\u00e9r, 400 ml, SeaCare<\/a><\/p><\/div><div class=\"price-wrapper\">\n\t<span class=\"price\"><span class=\"woocommerce-Price-amount amount\"><span class=\"woocommerce-Price-currencySymbol\">&#36;<\/span>&nbsp;47.90<\/span><\/span>\n<\/div>\t\t<\/div><!-- box-text -->\n\t<\/div><!-- box -->\n\t\t<\/div><!-- .col-inner -->\n<\/div><!-- col -->\t            \t\t\t\t\t\n<div class=\"product-small col has-hover post-43018 product type-product status-publish has-post-thumbnail product_cat-organicka-kozmetika product_cat-organicka-spa-linia product_cat-sampony product_cat-vlasova-kozmetika product_tag-krasa-vlasov  instock shipping-taxable purchasable product-type-simple\">\n\t<div class=\"col-inner\">\t\n\t\n<div class=\"badge-container absolute left top z-1\">\n<\/div>\t<div class=\"product-small box \">\n\t\t<div class=\"box-image\">\n\t\t\t<div class=\"image-none\">\n\t\t\t\t<a href=\"https:\/\/seacare.com\/sk\/produkt\/organicky-vyzivny-sampon-250-ml-seacare\/\">\n\t\t\t\t\t<img loading=\"lazy\" decoding=\"async\" width=\"247\" height=\"300\" src=\"https:\/\/seacare.com\/wp-content\/uploads\/2020\/06\/Organic-Care-Nourishing-Shampoo-SC-1-copy-247x300.jpg\" class=\"attachment-shop_catalog size-shop_catalog wp-post-image\" alt=\"Organic Care Nourishing Shampoo Gel \u041b\u0435\u0442\u0443\u0430\u043b\u044c\" title=\"Organic Care Nourishing Shampoo Gel \u041b\u0435\u0442\u0443\u0430\u043b\u044c\" \/>\t\t\t\t<\/a>\n\t\t\t<\/div>\n\t\t\t<div class=\"image-tools is-small top right show-on-hover\">\n\t\t\t\t\t\t\t<\/div>\n\t\t\t<div class=\"image-tools is-small hide-for-small bottom left show-on-hover\">\n\t\t\t\t\t\t\t<\/div>\n\t\t\t<div class=\"image-tools grid-tools text-center hide-for-small bottom hover-slide-in show-on-hover\">\n\t\t\t\t  <a class=\"quick-view\" data-prod=\"43018\" href=\"#quick-view\">Quick View<\/a>\t\t\t<\/div>\n\t\t\t\t\t<\/div><!-- box-image -->\n\n\t\t<div class=\"box-text box-text-products\">\n\t\t\t<div class=\"title-wrapper\">  <p class=\"category uppercase is-smaller no-text-overflow product-cat op-7\">\n        Organick\u00e1 kozmetika   <\/p> <p class=\"name product-title\"><a href=\"https:\/\/seacare.com\/sk\/produkt\/organicky-vyzivny-sampon-250-ml-seacare\/\">Organick\u00fd v\u00fd\u017eivn\u00fd \u0161amp\u00f3n, 250 ml, SeaCare<\/a><\/p><\/div><div class=\"price-wrapper\">\n\t<span class=\"price\"><span class=\"woocommerce-Price-amount amount\"><span class=\"woocommerce-Price-currencySymbol\">&#36;<\/span>&nbsp;45.90<\/span><\/span>\n<\/div>\t\t<\/div><!-- box-text -->\n\t<\/div><!-- box -->\n\t\t<\/div><!-- .col-inner -->\n<\/div><!-- col -->\t            \t\t\t\t\t\n<div class=\"product-small col has-hover post-42710 product type-product status-publish has-post-thumbnail product_cat-dead-sea-spa-linia product_cat-kozmetika-z-mrtveho-mora product_cat-sampony product_cat-vlasova-kozmetika product_tag-krasa-vlasov  instock shipping-taxable purchasable product-type-simple\">\n\t<div class=\"col-inner\">\t\n\t\n<div class=\"badge-container absolute left top z-1\">\n<\/div>\t<div class=\"product-small box \">\n\t\t<div class=\"box-image\">\n\t\t\t<div class=\"image-none\">\n\t\t\t\t<a href=\"https:\/\/seacare.com\/sk\/produkt\/bahenny-sampon-400-ml-seacare\/\">\n\t\t\t\t\t<img loading=\"lazy\" decoding=\"async\" width=\"247\" height=\"300\" src=\"https:\/\/seacare.com\/wp-content\/uploads\/2017\/03\/1.-Mud-Shampoo-\u043a\u043e\u043f\u0438\u044f-247x300.jpg\" class=\"attachment-shop_catalog size-shop_catalog wp-post-image\" alt=\"1. Mud Shampoo \u043a\u043e\u043f\u0438\u044f\" title=\"1. Mud Shampoo \u043a\u043e\u043f\u0438\u044f\" \/>\t\t\t\t<\/a>\n\t\t\t<\/div>\n\t\t\t<div class=\"image-tools is-small top right show-on-hover\">\n\t\t\t\t\t\t\t<\/div>\n\t\t\t<div class=\"image-tools is-small hide-for-small bottom left show-on-hover\">\n\t\t\t\t\t\t\t<\/div>\n\t\t\t<div class=\"image-tools grid-tools text-center hide-for-small bottom hover-slide-in show-on-hover\">\n\t\t\t\t  <a class=\"quick-view\" data-prod=\"42710\" href=\"#quick-view\">Quick View<\/a>\t\t\t<\/div>\n\t\t\t\t\t<\/div><!-- box-image -->\n\n\t\t<div class=\"box-text box-text-products\">\n\t\t\t<div class=\"title-wrapper\">  <p class=\"category uppercase is-smaller no-text-overflow product-cat op-7\">\n        Dead Sea SPA l\u00ednia   <\/p> <p class=\"name product-title\"><a href=\"https:\/\/seacare.com\/sk\/produkt\/bahenny-sampon-400-ml-seacare\/\">Bahenn\u00fd \u0161amp\u00f3n, 400 ml, SeaCare<\/a><\/p><\/div><div class=\"price-wrapper\">\n\t<span class=\"price\"><span class=\"woocommerce-Price-amount amount\"><span class=\"woocommerce-Price-currencySymbol\">&#36;<\/span>&nbsp;44.90<\/span><\/span>\n<\/div>\t\t<\/div><!-- box-text -->\n\t<\/div><!-- box -->\n\t\t<\/div><!-- .col-inner -->\n<\/div><!-- col -->\t            \t\t\t\t\t\n<div class=\"product-small col has-hover post-42774 product type-product status-publish has-post-thumbnail product_cat-dead-sea-spa-linia product_cat-kozmetika-z-mrtveho-mora product_cat-masky product_cat-vlasova-kozmetika product_tag-krasa-vlasov last instock shipping-taxable purchasable product-type-simple\">\n\t<div class=\"col-inner\">\t\n\t\n<div class=\"badge-container absolute left top z-1\">\n<\/div>\t<div class=\"product-small box \">\n\t\t<div class=\"box-image\">\n\t\t\t<div class=\"image-none\">\n\t\t\t\t<a href=\"https:\/\/seacare.com\/sk\/produkt\/bahenna-maska-na-vlasy-250-ml-seacare\/\">\n\t\t\t\t\t<img loading=\"lazy\" decoding=\"async\" width=\"247\" height=\"300\" src=\"https:\/\/seacare.com\/wp-content\/uploads\/2017\/03\/1.Hair_Mud_Mask_1-\u043a\u043e\u043f\u0438\u044f-247x300.jpg\" class=\"attachment-shop_catalog size-shop_catalog wp-post-image\" alt=\"1.Hair_Mud_Mask_1 \u043a\u043e\u043f\u0438\u044f\" title=\"1.Hair_Mud_Mask_1 \u043a\u043e\u043f\u0438\u044f\" \/>\t\t\t\t<\/a>\n\t\t\t<\/div>\n\t\t\t<div class=\"image-tools is-small top right show-on-hover\">\n\t\t\t\t\t\t\t<\/div>\n\t\t\t<div class=\"image-tools is-small hide-for-small bottom left show-on-hover\">\n\t\t\t\t\t\t\t<\/div>\n\t\t\t<div class=\"image-tools grid-tools text-center hide-for-small bottom hover-slide-in show-on-hover\">\n\t\t\t\t  <a class=\"quick-view\" data-prod=\"42774\" href=\"#quick-view\">Quick View<\/a>\t\t\t<\/div>\n\t\t\t\t\t<\/div><!-- box-image -->\n\n\t\t<div class=\"box-text box-text-products\">\n\t\t\t<div class=\"title-wrapper\">  <p class=\"category uppercase is-smaller no-text-overflow product-cat op-7\">\n        Dead Sea SPA l\u00ednia   <\/p> <p class=\"name product-title\"><a href=\"https:\/\/seacare.com\/sk\/produkt\/bahenna-maska-na-vlasy-250-ml-seacare\/\">Bahenn\u00e1 maska na vlasy, 250 ml, SeaCare<\/a><\/p><\/div><div class=\"price-wrapper\">\n\t<span class=\"price\"><span class=\"woocommerce-Price-amount amount\"><span class=\"woocommerce-Price-currencySymbol\">&#36;<\/span>&nbsp;45.90<\/span><\/span>\n<\/div>\t\t<\/div><!-- box-text -->\n\t<\/div><!-- box -->\n\t\t<\/div><!-- .col-inner -->\n<\/div><!-- col -->\t            \n\t        <\/div>\n","protected":false},"excerpt":{"rendered":"<p>pre v\u0161etky typy vlasov<br \/>\n400 ml &#8211; 13.52 fl.oz.<\/p>\n","protected":false},"featured_media":59258,"comment_status":"open","ping_status":"closed","template":"","meta":[],"_links":{"self":[{"href":"https:\/\/seacare.com\/sk\/wp-json\/wp\/v2\/product\/42846"}],"collection":[{"href":"https:\/\/seacare.com\/sk\/wp-json\/wp\/v2\/product"}],"about":[{"href":"https:\/\/seacare.com\/sk\/wp-json\/wp\/v2\/types\/product"}],"replies":[{"embeddable":true,"href":"https:\/\/seacare.com\/sk\/wp-json\/wp\/v2\/comments?post=42846"}],"wp:featuredmedia":[{"embeddable":true,"href":"https:\/\/seacare.com\/sk\/wp-json\/wp\/v2\/media\/59258"}],"wp:attachment":[{"href":"https:\/\/seacare.com\/sk\/wp-json\/wp\/v2\/media?parent=42846"}],"curies":[{"name":"wp","href":"https:\/\/api.w.org\/{rel}","templated":true}]}}