{"id":42955,"date":"2021-01-13T17:02:28","date_gmt":"2021-06-07T15:02:31","guid":{"rendered":"https:\/\/seacare.com\/ru\/?post_type=product&#038;p=42955"},"modified":"2021-06-08T15:29:59","modified_gmt":"2021-06-08T12:29:59","slug":"panska-sol-do-kupela-z-mrtveho-mora-300-g-seacare","status":"publish","type":"product","link":"https:\/\/seacare.com\/sk\/produkt\/panska-sol-do-kupela-z-mrtveho-mora-300-g-seacare\/","title":{"rendered":"P\u00e1nska so\u013e do k\u00fape\u013ea z M\u0155tveho mora, 300 g, SeaCare"},"content":{"rendered":"<p>P\u00e1nska k\u00fape\u013eov\u00e1 so\u013e z M\u0155tveho mora SeaCare je zmesou pr\u00edrodn\u00fdch sol\u00ed z M\u0155tveho mora s vysokou koncentr\u00e1ciou miner\u00e1lov. M\u00e1 vynikaj\u00facu upokojuj\u00facu v\u00f4\u0148u pre mu\u017eov. Pr\u00edrodn\u00fd lie\u010div\u00fd vzorec soli je obohaten\u00fd o miner\u00e1ly z M\u0155tveho mora a vytvoren\u00fd v s\u00falade s normami Izraelskej asoci\u00e1cie v\u00fdrobcov kozmetiky. Obnovuje pokoj v mysli a harm\u00f3niu tela. So\u013e do k\u00fape\u013ea revitalizuje poko\u017eku a zanech\u00e1va \u013eahk\u00fa mastn\u00fa vrstvu, ktor\u00e1 chr\u00e1ni poko\u017eku pred stratou vlhkosti, a z\u00e1rove\u0148 upokojuje a pom\u00e1ha obnovi\u0165 jej prirodzen\u00fa pru\u017enos\u0165. S P\u00e1nskou k\u00fape\u013eovou so\u013eou z M\u0155tveho mora SeaCare si budete u\u017e\u00edva\u0165 dokonal\u00fd relaxa\u010dn\u00fd antistresov\u00fd k\u00fape\u013e!<\/p>\n<p><strong>N\u00e1vod na pou\u017eitie:<\/strong> So\u013e rozpustite vo vani s teplou vodou, vo vani odpo\u010d\u00edvajte 15-20 min\u00fat.<\/p>\n<h3>K\u013e\u00fa\u010dov\u00e9 ingrediencie<\/h3>\n<hr \/>\n<div class=\"row\"  id=\"row-1775530080\">\n<div class=\"col medium-6 small-12 large-6\"  ><div class=\"col-inner\"  >\n<div class=\"row\"  id=\"row-496687862\">\n<div class=\"col medium-3 small-12 large-3\"  ><div class=\"col-inner\"  >\n    <div class=\"img has-hover x md-x lg-x y md-y lg-y\" id=\"image_526678025\">\n                <div class=\"img-inner dark\" >\n        <img loading=\"lazy\" decoding=\"async\" width=\"500\" height=\"500\" src=\"https:\/\/seacare.com\/wp-content\/uploads\/2020\/07\/minerals-1.png\" class=\"attachment-large size-large\" alt=\"\" srcset=\"https:\/\/seacare.com\/wp-content\/uploads\/2020\/07\/minerals-1.png 500w, https:\/\/seacare.com\/wp-content\/uploads\/2020\/07\/minerals-1-247x247.png 247w, https:\/\/seacare.com\/wp-content\/uploads\/2020\/07\/minerals-1-400x400.png 400w, https:\/\/seacare.com\/wp-content\/uploads\/2020\/07\/minerals-1-180x180.png 180w\" sizes=\"(max-width: 500px) 100vw, 500px\" \/>                \n            <\/div>\n                   \n<style scope=\"scope\">\n\n<\/style>\n    <\/div>\n    \n<\/div><\/div>\n<div class=\"col medium-9 small-12 large-9\"  ><div class=\"col-inner\"  >\n<h4>Miner\u00e1ly z M\u0155tveho mora<\/h4>\n<p>M\u0155tve more obsahuje viac ako 20 miner\u00e1lov, ktor\u00e9 preuk\u00e1zate\u013ene zlep\u0161uj\u00fa vzh\u013ead poko\u017eky a udr\u017eiavaj\u00fa ju zdrav\u00fa a mladistv\u00fa. Dokonca aj rastliny rast\u00face pozd\u013a\u017e pobre\u017eia M\u0155tveho mora maj\u00fa<a href=\"\/sk\/mineraly-z-mrtveho-mora\/\"> Podrobnej\u0161ie&#8230;<\/a><\/p>\n<\/div><\/div>\n<\/div>\n<\/div><\/div>\n<div class=\"col medium-6 small-12 large-6\"  ><div class=\"col-inner\"  >\n<div class=\"row\"  id=\"row-1017800086\">\n<div class=\"col medium-3 small-12 large-3\"  ><div class=\"col-inner\"  >\n    <div class=\"img has-hover x md-x lg-x y md-y lg-y\" id=\"image_191259156\">\n                <div class=\"img-inner dark\" >\n        <img loading=\"lazy\" decoding=\"async\" width=\"500\" height=\"500\" src=\"https:\/\/seacare.com\/wp-content\/uploads\/2020\/07\/\u0421\u043e\u043b\u044c-\u041c\u0435\u0440\u0442\u0432\u043e\u0433\u043e-\u043c\u043e\u0440\u044f-1.jpg\" class=\"attachment-large size-large\" alt=\"\" srcset=\"https:\/\/seacare.com\/wp-content\/uploads\/2020\/07\/\u0421\u043e\u043b\u044c-\u041c\u0435\u0440\u0442\u0432\u043e\u0433\u043e-\u043c\u043e\u0440\u044f-1.jpg 500w, https:\/\/seacare.com\/wp-content\/uploads\/2020\/07\/\u0421\u043e\u043b\u044c-\u041c\u0435\u0440\u0442\u0432\u043e\u0433\u043e-\u043c\u043e\u0440\u044f-1-247x247.jpg 247w, https:\/\/seacare.com\/wp-content\/uploads\/2020\/07\/\u0421\u043e\u043b\u044c-\u041c\u0435\u0440\u0442\u0432\u043e\u0433\u043e-\u043c\u043e\u0440\u044f-1-400x400.jpg 400w, https:\/\/seacare.com\/wp-content\/uploads\/2020\/07\/\u0421\u043e\u043b\u044c-\u041c\u0435\u0440\u0442\u0432\u043e\u0433\u043e-\u043c\u043e\u0440\u044f-1-180x180.jpg 180w\" sizes=\"(max-width: 500px) 100vw, 500px\" \/>                \n            <\/div>\n                   \n<style scope=\"scope\">\n\n<\/style>\n    <\/div>\n    \n<\/div><\/div>\n<div class=\"col medium-9 small-12 large-9\"  ><div class=\"col-inner\"  >\n<h4>So\u013e z M\u0155tveho mora<\/h4>\n<p>So\u013e z M\u0155tveho mora obsahom z\u00e1kladn\u00fdch miner\u00e1lov m\u00f4\u017ee by\u0165 so\u013e z M\u0155tveho mora pr\u00e1ve t\u00fdm, \u010do potrebujeme pre na\u0161e celkov\u00e9 zdravie a wellness. So\u013e z M\u0155tveho mora t\u00fdm, \u017ee obsahuje <a href=\"\/sk\/sol-z-mrtveho-mora\/\"> Podrobnej\u0161ie&#8230;<\/a><\/p>\n<\/div><\/div>\n<\/div>\n<\/div><\/div>\n<\/div>\n<h3>Ostatn\u00e9 v\u00fdrobky v l\u00ednii<\/h3>\n\n  \n    <div class=\"row large-columns-4 medium-columns- small-columns-2 row-small slider row-slider slider-nav-reveal slider-nav-push\"  data-flickity-options='{\"imagesLoaded\": true, \"groupCells\": \"100%\", \"dragThreshold\" : 5, \"cellAlign\": \"left\",\"wrapAround\": true,\"prevNextButtons\": true,\"percentPosition\": true,\"pageDots\": false, \"rightToLeft\": false, \"autoPlay\" : false}'>\n\n  \t<\/div>\n<h3>Podobn\u00e9 v\u00fdrobky v in\u00fdch l\u00edniach<\/h3>\n\n  \n    <div class=\"row large-columns-4 medium-columns- small-columns-2 row-small slider row-slider slider-nav-reveal slider-nav-push\"  data-flickity-options='{\"imagesLoaded\": true, \"groupCells\": \"100%\", \"dragThreshold\" : 5, \"cellAlign\": \"left\",\"wrapAround\": true,\"prevNextButtons\": true,\"percentPosition\": true,\"pageDots\": false, \"rightToLeft\": false, \"autoPlay\" : false}'>\n\n  \t\n\t            \t\t\t\t\t\n<div class=\"product-small col has-hover post-42792 product type-product status-publish has-post-thumbnail product_cat-dead-sea-spa-linia product_cat-kozmetika-z-mrtveho-mora product_cat-kupelna-sol product_cat-telova-kozmetika first instock shipping-taxable purchasable product-type-simple\">\n\t<div class=\"col-inner\">\t\n\t\n<div class=\"badge-container absolute left top z-1\">\n<\/div>\t<div class=\"product-small box \">\n\t\t<div class=\"box-image\">\n\t\t\t<div class=\"image-none\">\n\t\t\t\t<a href=\"https:\/\/seacare.com\/sk\/produkt\/kupelova-sol-z-mrtveho-mora-300-g-seacare\/\">\n\t\t\t\t\t<img loading=\"lazy\" decoding=\"async\" width=\"247\" height=\"300\" src=\"https:\/\/seacare.com\/wp-content\/uploads\/2017\/03\/1.-Bath_Salt_1-\u043a\u043e\u043f\u0438\u044f-247x300.jpg\" class=\"attachment-shop_catalog size-shop_catalog wp-post-image\" alt=\"1. Bath_Salt_1 \u043a\u043e\u043f\u0438\u044f\" title=\"1. Bath_Salt_1 \u043a\u043e\u043f\u0438\u044f\" \/>\t\t\t\t<\/a>\n\t\t\t<\/div>\n\t\t\t<div class=\"image-tools is-small top right show-on-hover\">\n\t\t\t\t\t\t\t<\/div>\n\t\t\t<div class=\"image-tools is-small hide-for-small bottom left show-on-hover\">\n\t\t\t\t\t\t\t<\/div>\n\t\t\t<div class=\"image-tools grid-tools text-center hide-for-small bottom hover-slide-in show-on-hover\">\n\t\t\t\t  <a class=\"quick-view\" data-prod=\"42792\" href=\"#quick-view\">Quick View<\/a>\t\t\t<\/div>\n\t\t\t\t\t<\/div><!-- box-image -->\n\n\t\t<div class=\"box-text box-text-products\">\n\t\t\t<div class=\"title-wrapper\">  <p class=\"category uppercase is-smaller no-text-overflow product-cat op-7\">\n        Dead Sea SPA l\u00ednia   <\/p> <p class=\"name product-title\"><a href=\"https:\/\/seacare.com\/sk\/produkt\/kupelova-sol-z-mrtveho-mora-300-g-seacare\/\">K\u00fape\u013eov\u00e1 so\u013e z M\u0155tveho mora, 300 g, SeaCare<\/a><\/p><\/div><div class=\"price-wrapper\">\n\t<span class=\"price\"><span class=\"woocommerce-Price-amount amount\"><span class=\"woocommerce-Price-currencySymbol\">&#36;<\/span>&nbsp;36.90<\/span><\/span>\n<\/div>\t\t<\/div><!-- box-text -->\n\t<\/div><!-- box -->\n\t\t<\/div><!-- .col-inner -->\n<\/div><!-- col -->\t            \n\t        <\/div>\n","protected":false},"excerpt":{"rendered":"<p>pre v\u0161etky typy poko\u017eky<br \/>\n300 g &#8211; 10.1 oz.<\/p>\n","protected":false},"featured_media":59384,"comment_status":"open","ping_status":"closed","template":"","meta":[],"_links":{"self":[{"href":"https:\/\/seacare.com\/sk\/wp-json\/wp\/v2\/product\/42955"}],"collection":[{"href":"https:\/\/seacare.com\/sk\/wp-json\/wp\/v2\/product"}],"about":[{"href":"https:\/\/seacare.com\/sk\/wp-json\/wp\/v2\/types\/product"}],"replies":[{"embeddable":true,"href":"https:\/\/seacare.com\/sk\/wp-json\/wp\/v2\/comments?post=42955"}],"wp:featuredmedia":[{"embeddable":true,"href":"https:\/\/seacare.com\/sk\/wp-json\/wp\/v2\/media\/59384"}],"wp:attachment":[{"href":"https:\/\/seacare.com\/sk\/wp-json\/wp\/v2\/media?parent=42955"}],"curies":[{"name":"wp","href":"https:\/\/api.w.org\/{rel}","templated":true}]}}