{"id":50007,"date":"2022-01-27T18:49:36","date_gmt":"2022-01-27T15:49:36","guid":{"rendered":"https:\/\/seacare.com\/tr\/?page_id=50007"},"modified":"2022-02-03T15:10:07","modified_gmt":"2022-02-03T12:10:07","slug":"oelue-deniz-mineralleri","status":"publish","type":"page","link":"https:\/\/seacare.com\/tr\/oelue-deniz-mineralleri\/","title":{"rendered":"\u00d6l\u00fc Deniz Mineralleri"},"content":{"rendered":"<h1 style=\"text-align: center;\"><span data-text-color=\"primary\">\u00d6l\u00fc Deniz Mineralleri <\/span><\/h1>\n<p style=\"text-align: center;\">\u00d6l\u00fc Deniz, kan\u0131tlanm\u0131\u015f verilere g\u00f6re cildin g\u00f6r\u00fcn\u00fcm\u00fcn\u00fc iyile\u015ftiren ve sa\u011fl\u0131kl\u0131 ve gen\u00e7 kalmas\u0131n\u0131 sa\u011flayan 20&#8217;den fazla mineral i\u00e7erir. \u00d6l\u00fc Deniz k\u0131y\u0131lar\u0131nda yeti\u015fen bitkiler bile dermatoloji, kozmetik ve t\u0131pta kullan\u0131lan y\u00fcksek konsantrasyonda vitamin, mineral ve \u015fifal\u0131 ya\u011flar i\u00e7erir. \u00d6l\u00fc Deniz&#8217;de bulunan ana mineraller, cilt h\u00fccrelerinin i\u015flevlerini do\u011fru bir \u015fekilde yerine getirmesi i\u00e7in \u00f6nemli olup cilt sa\u011fl\u0131\u011f\u0131n\u0131 ve g\u00fczelli\u011fini korumaya \u00f6nemli bir katk\u0131 sa\u011flar.<\/p>\n    <div class=\"img has-hover x md-x lg-x y md-y lg-y\" id=\"image_1765865218\">\n                <div class=\"img-inner dark\" style=\"margin:-15px 0px 0px 0px;\">\n        <img loading=\"lazy\" decoding=\"async\" width=\"994\" height=\"145\" src=\"https:\/\/seacare.com\/wp-content\/uploads\/2020\/10\/\u041c\u0438\u043d\u0435\u0440\u0430\u043b\u044b.png\" class=\"attachment-large size-large\" alt=\"Minerals\" srcset=\"https:\/\/seacare.com\/wp-content\/uploads\/2020\/10\/\u041c\u0438\u043d\u0435\u0440\u0430\u043b\u044b.png 994w, https:\/\/seacare.com\/wp-content\/uploads\/2020\/10\/\u041c\u0438\u043d\u0435\u0440\u0430\u043b\u044b-800x117.png 800w, https:\/\/seacare.com\/wp-content\/uploads\/2020\/10\/\u041c\u0438\u043d\u0435\u0440\u0430\u043b\u044b-768x112.png 768w\" sizes=\"(max-width: 994px) 100vw, 994px\" \/>                \n            <\/div>\n                   \n<style scope=\"scope\">\n\n<\/style>\n    <\/div>\n    \n<div class=\"row\"  id=\"row-1359562443\">\n<div class=\"col medium-6 small-12 large-6\"  ><div class=\"col-inner\" style=\"padding:6px 0px 0px 0px;\" >\n<p class=\"o-kom-text3\"><strong>Magnezyum:<\/strong> cilt dokular\u0131n\u0131 iyile\u015ftirmeye yard\u0131mc\u0131 olan, anti-alerjen olarak etki eden, h\u00fccre metabolizmas\u0131n\u0131 iyile\u015ftiren, protein sentezini ve enerji \u00fcretimini te\u015fvik eden \u015fifal\u0131 bir mineraldir.<\/p>\n<p class=\"o-kom-text3\"><strong><span class=\"text-head2\">\u0130yot: <\/span> <\/strong>tiroit bezinin do\u011fru bir \u015fekilde \u00e7al\u0131\u015fmas\u0131na katk\u0131da bulunur ve cilt h\u00fccrelerindeki metabolizmay\u0131 iyile\u015ftirir.<\/p>\n<p class=\"o-kom-text3\"><strong><span class=\"text-head2\">K\u00fck\u00fcrt: <\/span> <\/strong>iyi bilinen \u015fifal\u0131 bir mineraldir. Gerekli vitaminleri i\u00e7erir ve do\u011fal dezenfektan ve antibakteriyel \u00f6zelliklere sahip olup akneye kar\u015f\u0131 etkilidir. Ayr\u0131ca k\u00fck\u00fcrd\u00fcn sedef hastal\u0131\u011f\u0131 ve egzama gibi cilt hastal\u0131klar\u0131n\u0131n semptomlar\u0131n\u0131 hafifletti\u011fi kan\u0131tlanm\u0131\u015ft\u0131r.<\/p>\n<p class=\"o-kom-text3\"><strong><span class=\"text-head2\">Potasyum: <\/span><\/strong>\u00f6nemli bir nem d\u00fczenleyici olup n\u00f6tr cilt ortam\u0131n\u0131n korunmas\u0131na yard\u0131mc\u0131 olur. Potasyum eksikli\u011fi belirtileri aras\u0131nda kuru cilt ve akne ve de sedef hastal\u0131\u011f\u0131 bulunur.<\/p>\n<p class=\"o-kom-text3\"><strong><span class=\"text-head2\">Kalsiyum: <\/span><\/strong>cilt y\u00fczeyi alt\u0131ndaki ba\u011f dokusunun yap\u0131 ta\u015f\u0131 olup cilt h\u00fccrelerinin korunmas\u0131nda \u00f6nemli bir rol oynar. Kalsiyum, h\u00fccre zarlar\u0131n\u0131n ge\u00e7irgenli\u011fini (ya\u011f emilimini ve \u00fcretimini) d\u00fczenler ve cilt h\u00fccrelerinin farkl\u0131la\u015fmas\u0131n\u0131 normalle\u015ftirir.<\/p>\n<p class=\"o-kom-text3\"><strong><span class=\"text-head2\">Sodyum: <\/span><\/strong>cilt h\u00fccrelerindeki metabolizmay\u0131 iyile\u015ftiren bir \u00d6l\u00fc Deniz mineralidir. Sodyum, kas spazmlar\u0131n\u0131 ve sertli\u011fini giderir, ayr\u0131ca cilt h\u00fccrelerindeki n\u00f6tr ortam\u0131 korur.<\/p>\n<\/div><\/div>\n<div class=\"col hide-for-small medium-6 small-12 large-6\"  ><div class=\"col-inner\" style=\"margin:6px 0px 0px 0px;\" >\n<p class=\"o-kom-text3\"><strong><span class=\"text-head2\">\u00c7inko:\u00a0<\/span><\/strong><span class=\"text-head2\">h\u00fccre b\u00fcy\u00fcmesi ve yenilenmesinin do\u011fal bir \u015fekilde d\u00fczenlenmesi i\u00e7in \u00f6nemli bir mineral olup h\u00fccre yenilenmesini iyile\u015ftirir, kolajen ve elastin sentezini te\u015fvik eder (cildi yeniler). M\u00fckemmel bir antioksidan olarak \u00e7inko, sebum d\u00fczenlemesini (akne \u00f6nleyici \u00f6zellikleri) ve iltihap \u00f6nleyici \u00f6zellikleri iyile\u015ftirir ve de do\u011fal bir UV engelleyicidir.<\/span><\/p>\n<p class=\"o-kom-text3\"><strong>Stronsiyum: <\/strong>ka\u015f\u0131nt\u0131ya kar\u015f\u0131 etkili olup (d\u00fczenli olarak kozmetik kullanan, hassas cilde sahip ki\u015filerin yayg\u0131n bir sorunu olan) kontakt dermatit belirtilerini azalt\u0131r.<\/p>\n<p class=\"o-kom-text3\"><strong>Brom:<\/strong> sakinle\u015ftirici antienflamatuvar bir etkiye sahip olup kaslar\u0131 gev\u015fetir ve cilt sinirlerini yat\u0131\u015ft\u0131r\u0131r.<\/p>\n<p class=\"o-kom-text3\"><strong><span class=\"text-head2\">Manganez: <\/span> <\/strong>antioksidan \u00f6zellikleri ile iyi bilinir. Manganez cilt mikrosirk\u00fclasyonunu art\u0131r\u0131r (gen\u00e7le\u015ftirici bir etkiye sahiptir) ve ba\u011f dokular\u0131n\u0131n durumunu iyile\u015ftirir.<\/p>\n<p class=\"o-kom-text3\"><strong><span class=\"text-head2\">Lityum: <\/span><\/strong> sedef hastal\u0131\u011f\u0131n\u0131n tedavisinde tuz banyosunun etkinli\u011fini art\u0131ran bir \u00d6l\u00fc Deniz mineralidir.<\/p>\n<p class=\"o-kom-text3\"><strong><span class=\"text-head2\">Bor: <\/span><\/strong> sedef hastal\u0131\u011f\u0131 ve psoriatik artrit semptomlar\u0131n\u0131 hafifletmeye yard\u0131mc\u0131 olan bir mineraldir.<\/p>\n<\/div><\/div>\n<div class=\"col show-for-small medium-6 small-12 large-6\"  ><div class=\"col-inner\" style=\"margin:-36px 0px 0px 0px;\" >\n<p class=\"o-kom-text3\"><strong><span class=\"text-head2\">\u0426\u0438\u043d\u043a<\/span><\/strong> \u2013 \u043c\u0438\u043d\u0435\u0440\u0430\u043b, \u0438\u043c\u0435\u044e\u0449\u0438\u0439 \u0432\u0430\u0436\u043d\u043e\u0435 \u0437\u043d\u0430\u0447\u0435\u043d\u0438\u0435 \u0434\u043b\u044f \u043f\u0440\u0438\u0440\u043e\u0434\u043d\u043e\u0439 \u0440\u0435\u0433\u0443\u043b\u044f\u0446\u0438\u0438 \u043a\u043b\u0435\u0442\u043e\u0447\u043d\u043e\u0433\u043e \u0440\u043e\u0441\u0442\u0430 \u0438 \u0440\u0435\u0433\u0435\u043d\u0435\u0440\u0430\u0446\u0438\u0438, \u0443\u043b\u0443\u0447\u0448\u0430\u0435\u0442 \u043e\u0431\u043d\u043e\u0432\u043b\u0435\u043d\u0438\u0435 \u043a\u043b\u0435\u0442\u043e\u043a \u0438 \u0441\u0442\u0438\u043c\u0443\u043b\u0438\u0440\u0443\u0435\u0442 \u0441\u0438\u043d\u0442\u0435\u0437 \u043a\u043e\u043b\u043b\u0430\u0433\u0435\u043d\u0430 \u0438 \u044d\u043b\u0430\u0441\u0442\u0438\u043d\u0430 (\u043e\u0431\u043d\u043e\u0432\u043b\u044f\u0435\u0442 \u043a\u043e\u0436\u0443). \u041e\u0442\u043b\u0438\u0447\u043d\u044b\u0439 \u0430\u043d\u0442\u0438\u043e\u043a\u0441\u0438\u0434\u0430\u043d\u0442. \u0426\u0438\u043d\u043a \u0443\u043b\u0443\u0447\u0448\u0430\u0435\u0442 \u0441\u0435\u0431\u043e-\u0440\u0435\u0433\u0443\u043b\u0438\u0440\u043e\u0432\u0430\u043d\u0438\u0435 (\u043f\u0440\u043e\u0442\u0438\u0432\u043e\u0443\u0433\u0440\u0435\u0432\u044b\u0435 \u0441\u0432\u043e\u0439\u0441\u0442\u0432\u0430), \u043f\u0440\u043e\u0442\u0438\u0432\u043e\u0432\u043e\u0441\u043f\u0430\u043b\u0438\u0442\u0435\u043b\u044c\u043d\u044b\u0435 \u0441\u0432\u043e\u0439\u0441\u0442\u0432\u0430 \u0438 \u044f\u0432\u043b\u044f\u0435\u0442\u0441\u044f \u043f\u0440\u0438\u0440\u043e\u0434\u043d\u044b\u043c \u0431\u043b\u043e\u043a\u0438\u0440\u0430\u0442\u043e\u0440\u043e\u043c \u0443\u043b\u044c\u0442\u0440\u0430\u0444\u0438\u043e\u043b\u0435\u0442\u043e\u0432\u044b\u0445 \u043b\u0443\u0447\u0435\u0439.<\/p>\n<p class=\"o-kom-text3\"><strong><span class=\"text-head2\">\u0421\u0442\u0440\u043e\u043d\u0446\u0438\u0439<\/span><\/strong> \u2013 \u044d\u0444\u0444\u0435\u043a\u0442\u0438\u0432\u0435\u043d \u043f\u0440\u043e\u0442\u0438\u0432 \u0437\u0443\u0434\u0430, \u0443\u043c\u0435\u043d\u044c\u0448\u0430\u0435\u0442 \u043f\u0440\u0438\u0437\u043d\u0430\u043a\u0438 \u043a\u043e\u043d\u0442\u0430\u043a\u0442\u043d\u043e\u0433\u043e \u0434\u0435\u0440\u043c\u0430\u0442\u0438\u0442\u0430 (\u043e\u0431\u0449\u0430\u044f \u043f\u0440\u043e\u0431\u043b\u0435\u043c\u0430 \u0434\u043b\u044f \u043b\u044e\u0434\u0435\u0439 \u0441 \u0447\u0443\u0432\u0441\u0442\u0432\u0438\u0442\u0435\u043b\u044c\u043d\u043e\u0439 \u043a\u043e\u0436\u0435\u0439, \u043a\u043e\u0442\u043e\u0440\u044b\u0435 \u0440\u0435\u0433\u0443\u043b\u044f\u0440\u043d\u043e \u043f\u043e\u043b\u044c\u0437\u0443\u044e\u0442\u0441\u044f \u043a\u043e\u0441\u043c\u0435\u0442\u0438\u043a\u043e\u0439).<\/p>\n<p class=\"o-kom-text3\"><strong><span class=\"text-head2\">\u0411\u0440\u043e\u043c<\/span><\/strong> &#8211; \u0438\u043c\u0435\u0435\u0442 \u0443\u0441\u043f\u043e\u043a\u0430\u0438\u0432\u0430\u044e\u0449\u0438\u0439 \u043f\u0440\u043e\u0442\u0438\u0432\u043e\u0432\u043e\u0441\u043f\u0430\u043b\u0438\u0442\u0435\u043b\u044c\u043d\u044b\u0439 \u044d\u0444\u0444\u0435\u043a\u0442, \u0440\u0430\u0441\u0441\u043b\u0430\u0431\u043b\u044f\u0435\u0442 \u043c\u044b\u0448\u0446\u044b \u0438 \u0443\u0441\u043f\u043e\u043a\u0430\u0438\u0432\u0430\u0435\u0442 \u043d\u0435\u0440\u0432\u044b \u043a\u043e\u0436\u0438.<\/p>\n<p class=\"o-kom-text3\"><strong><span class=\"text-head2\">\u041c\u0430\u0440\u0433\u0430\u043d\u0435\u0446<\/span> <\/strong>&#8211; \u0445\u043e\u0440\u043e\u0448\u043e \u0438\u0437\u0432\u0435\u0441\u0442\u0435\u043d \u0441\u0432\u043e\u0438\u043c\u0438 \u0430\u043d\u0442\u0438\u043e\u043a\u0441\u0438\u0434\u0430\u043d\u0442\u043d\u044b\u043c\u0438 \u0441\u0432\u043e\u0439\u0441\u0442\u0432\u0430\u043c\u0438. \u041c\u0430\u0440\u0433\u0430\u043d\u0435\u0446 \u0443\u0432\u0435\u043b\u0438\u0447\u0438\u0432\u0430\u0435\u0442 \u043c\u0438\u043a\u0440\u043e\u0446\u0438\u0440\u043a\u0443\u043b\u044f\u0446\u0438\u044e \u043a\u043e\u0436\u0438 (\u043e\u043a\u0430\u0437\u044b\u0432\u0430\u0435\u0442 \u043e\u043c\u043e\u043b\u0430\u0436\u0438\u0432\u0430\u044e\u0449\u0438\u0439 \u044d\u0444\u0444\u0435\u043a\u0442) \u0438 \u0443\u043b\u0443\u0447\u0448\u0430\u0435\u0442 \u0441\u043e\u0441\u0442\u043e\u044f\u043d\u0438\u0435 \u0441\u043e\u0435\u0434\u0438\u043d\u0438\u0442\u0435\u043b\u044c\u043d\u044b\u0445 \u0442\u043a\u0430\u043d\u0435\u0439.<\/p>\n<p class=\"o-kom-text3\"><strong><span class=\"text-head2\">\u041b\u0438\u0442\u0438\u0439<\/span><\/strong> &#8211; \u043c\u0438\u043d\u0435\u0440\u0430\u043b \u041c\u0435\u0440\u0442\u0432\u043e\u0433\u043e \u043c\u043e\u0440\u044f, \u043f\u043e\u0432\u044b\u0448\u0430\u044e\u0449\u0438\u0439 \u044d\u0444\u0444\u0435\u043a\u0442\u0438\u0432\u043d\u043e\u0441\u0442\u044c \u0441\u043e\u043b\u044f\u043d\u043e\u0439 \u0432\u0430\u043d\u043d\u044b \u043f\u0440\u0438 \u043b\u0435\u0447\u0435\u043d\u0438\u0438 \u043f\u0441\u043e\u0440\u0438\u0430\u0437\u0430.<\/p>\n<p class=\"o-kom-text3\"><strong><span class=\"text-head2\">\u0411\u043e\u0440<\/span><\/strong> \u2013 \u043c\u0438\u043d\u0435\u0440\u0430\u043b, \u043f\u043e\u043c\u043e\u0433\u0430\u044e\u0449\u0438\u0439 \u043e\u0431\u043b\u0435\u0433\u0447\u0438\u0442\u044c \u0441\u0438\u043c\u043f\u0442\u043e\u043c\u044b \u043f\u0441\u043e\u0440\u0438\u0430\u0437\u0430 \u0438 \u043f\u0441\u043e\u0440\u0438\u0430\u0442\u0438\u0447\u0435\u0441\u043a\u043e\u0433\u043e \u0430\u0440\u0442\u0440\u0438\u0442\u0430.<\/p>\n<\/div><\/div>\n<\/div>\n    <div class=\"img has-hover x md-x lg-x y md-y lg-y\" id=\"image_574202047\">\n                <div class=\"img-inner dark\" >\n        <img loading=\"lazy\" decoding=\"async\" width=\"1020\" height=\"95\" src=\"https:\/\/seacare.com\/wp-content\/uploads\/2020\/10\/\u041b\u043e\u0433\u043e\u0442\u0438\u043f-\u0434\u043b\u044f-\u0421\u0430\u0438\u0306\u0442\u0430-SeaCare-\u043a\u043e\u043f\u0438\u044f-1400x130.png\" class=\"attachment-large size-large\" alt=\"Logo for the SeaCare Website\" srcset=\"https:\/\/seacare.com\/wp-content\/uploads\/2020\/10\/\u041b\u043e\u0433\u043e\u0442\u0438\u043f-\u0434\u043b\u044f-\u0421\u0430\u0438\u0306\u0442\u0430-SeaCare-\u043a\u043e\u043f\u0438\u044f-1400x130.png 1400w, https:\/\/seacare.com\/wp-content\/uploads\/2020\/10\/\u041b\u043e\u0433\u043e\u0442\u0438\u043f-\u0434\u043b\u044f-\u0421\u0430\u0438\u0306\u0442\u0430-SeaCare-\u043a\u043e\u043f\u0438\u044f-800x74.png 800w, https:\/\/seacare.com\/wp-content\/uploads\/2020\/10\/\u041b\u043e\u0433\u043e\u0442\u0438\u043f-\u0434\u043b\u044f-\u0421\u0430\u0438\u0306\u0442\u0430-SeaCare-\u043a\u043e\u043f\u0438\u044f-768x71.png 768w\" sizes=\"(max-width: 1020px) 100vw, 1020px\" \/>                \n            <\/div>\n                   \n<style scope=\"scope\">\n\n<\/style>\n    <\/div>\n    \n    <div class=\"img has-hover x md-x lg-x y md-y lg-y\" id=\"image_1352907120\">\n                <div class=\"img-inner dark\" >\n                        \n            <\/div>\n                   \n<style scope=\"scope\">\n\n<\/style>\n    <\/div>\n    \n","protected":false},"excerpt":{"rendered":"<p>\u00d6l\u00fc Deniz Mineralleri \u00d6l\u00fc Deniz, kan\u0131tlanm\u0131\u015f verilere g\u00f6re cildin g\u00f6r\u00fcn\u00fcm\u00fcn\u00fc iyile\u015ftiren ve sa\u011fl\u0131kl\u0131 ve gen\u00e7 kalmas\u0131n\u0131 sa\u011flayan 20&#8217;den fazla mineral i\u00e7erir. \u00d6l\u00fc Deniz k\u0131y\u0131lar\u0131nda yeti\u015fen bitkiler bile dermatoloji, kozmetik ve t\u0131pta kullan\u0131lan y\u00fcksek konsantrasyonda vitamin, mineral ve \u015fifal\u0131 ya\u011flar i\u00e7erir. \u00d6l\u00fc Deniz&#8217;de bulunan ana mineraller, cilt h\u00fccrelerinin i\u015flevlerini do\u011fru bir \u015fekilde yerine getirmesi i\u00e7in \u00f6nemli [&hellip;]\n","protected":false},"author":1,"featured_media":0,"parent":0,"menu_order":0,"comment_status":"closed","ping_status":"closed","template":"","meta":{"footnotes":""},"_links":{"self":[{"href":"https:\/\/seacare.com\/tr\/wp-json\/wp\/v2\/pages\/50007"}],"collection":[{"href":"https:\/\/seacare.com\/tr\/wp-json\/wp\/v2\/pages"}],"about":[{"href":"https:\/\/seacare.com\/tr\/wp-json\/wp\/v2\/types\/page"}],"author":[{"embeddable":true,"href":"https:\/\/seacare.com\/tr\/wp-json\/wp\/v2\/users\/1"}],"replies":[{"embeddable":true,"href":"https:\/\/seacare.com\/tr\/wp-json\/wp\/v2\/comments?post=50007"}],"version-history":[{"count":2,"href":"https:\/\/seacare.com\/tr\/wp-json\/wp\/v2\/pages\/50007\/revisions"}],"predecessor-version":[{"id":50009,"href":"https:\/\/seacare.com\/tr\/wp-json\/wp\/v2\/pages\/50007\/revisions\/50009"}],"wp:attachment":[{"href":"https:\/\/seacare.com\/tr\/wp-json\/wp\/v2\/media?parent=50007"}],"curies":[{"name":"wp","href":"https:\/\/api.w.org\/{rel}","templated":true}]}}