{"id":50652,"date":"2022-02-03T15:09:54","date_gmt":"2022-02-03T12:09:54","guid":{"rendered":"https:\/\/seacare.com\/tr\/?page_id=50652"},"modified":"2022-02-03T15:09:54","modified_gmt":"2022-02-03T12:09:54","slug":"matrixyl","status":"publish","type":"page","link":"https:\/\/seacare.com\/tr\/matrixyl\/","title":{"rendered":"Matrixyl\u00ae"},"content":{"rendered":"<h1 style=\"text-align: center;\"><span data-text-color=\"primary\">Matrixyl\u00ae<\/span><\/h1>\n<p>Sederma, kad\u0131nlar\u0131n isteklerini hayata ge\u00e7iren yeni Matrixyl\u00ae synthe&#8217;6\u00ae \u00fcr\u00fcn\u00fcn\u00fc sunar: hem al\u0131n hem de g\u00f6z \u00e7evresi (&#8220;kaz aya\u011f\u0131&#8221;) k\u0131r\u0131\u015f\u0131kl\u0131klar\u0131n\u0131 i\u00e7ten doldurur ve cildi g\u00f6zle g\u00f6r\u00fcl\u00fcr \u015fekilde p\u00fcr\u00fczs\u00fczle\u015ftirip s\u0131k\u0131la\u015ft\u0131r\u0131r. Matrikine etkisi sayesinde, Matrixyl\u00ae synthe&#8217;6\u00ae cilt ve epidermisin (DEJ) 6 ana bile\u015fenini uyar\u0131r ve optimum cilt mimarisini sa\u011flar.<\/p>\n","protected":false},"excerpt":{"rendered":"<p>Matrixyl\u00ae Sederma, kad\u0131nlar\u0131n isteklerini hayata ge\u00e7iren yeni Matrixyl\u00ae synthe&#8217;6\u00ae \u00fcr\u00fcn\u00fcn\u00fc sunar: hem al\u0131n hem de g\u00f6z \u00e7evresi (&#8220;kaz aya\u011f\u0131&#8221;) k\u0131r\u0131\u015f\u0131kl\u0131klar\u0131n\u0131 i\u00e7ten doldurur ve cildi g\u00f6zle g\u00f6r\u00fcl\u00fcr \u015fekilde p\u00fcr\u00fczs\u00fczle\u015ftirip s\u0131k\u0131la\u015ft\u0131r\u0131r. Matrikine etkisi sayesinde, Matrixyl\u00ae synthe&#8217;6\u00ae cilt ve epidermisin (DEJ) 6 ana bile\u015fenini uyar\u0131r ve optimum cilt mimarisini sa\u011flar.<\/p>\n","protected":false},"author":1,"featured_media":0,"parent":0,"menu_order":0,"comment_status":"closed","ping_status":"closed","template":"","meta":{"footnotes":""},"_links":{"self":[{"href":"https:\/\/seacare.com\/tr\/wp-json\/wp\/v2\/pages\/50652"}],"collection":[{"href":"https:\/\/seacare.com\/tr\/wp-json\/wp\/v2\/pages"}],"about":[{"href":"https:\/\/seacare.com\/tr\/wp-json\/wp\/v2\/types\/page"}],"author":[{"embeddable":true,"href":"https:\/\/seacare.com\/tr\/wp-json\/wp\/v2\/users\/1"}],"replies":[{"embeddable":true,"href":"https:\/\/seacare.com\/tr\/wp-json\/wp\/v2\/comments?post=50652"}],"version-history":[{"count":2,"href":"https:\/\/seacare.com\/tr\/wp-json\/wp\/v2\/pages\/50652\/revisions"}],"predecessor-version":[{"id":50654,"href":"https:\/\/seacare.com\/tr\/wp-json\/wp\/v2\/pages\/50652\/revisions\/50654"}],"wp:attachment":[{"href":"https:\/\/seacare.com\/tr\/wp-json\/wp\/v2\/media?parent=50652"}],"curies":[{"name":"wp","href":"https:\/\/api.w.org\/{rel}","templated":true}]}}