{"id":50656,"date":"2022-02-03T15:09:57","date_gmt":"2022-02-03T12:09:57","guid":{"rendered":"https:\/\/seacare.com\/tr\/?page_id=50656"},"modified":"2022-02-03T15:09:57","modified_gmt":"2022-02-03T12:09:57","slug":"matrixyl-3000","status":"publish","type":"page","link":"https:\/\/seacare.com\/tr\/matrixyl-3000\/","title":{"rendered":"Matrixyl\u00ae 3000"},"content":{"rendered":"<h1 class=\"text-head\" style=\"text-align: center;\"><span data-text-color=\"primary\">Matrixyl\u00ae 3000<\/span><\/h1>\n<p>Matrixyl\u00ae 3000 (okunu\u015fu: Matriksil 3000), peptit k\u00f6kenli yenilik\u00e7i bir k\u0131r\u0131\u015f\u0131kl\u0131k kar\u015f\u0131t\u0131 \u00fcr\u00fcnd\u00fcr. Matrixyl, uygulamadan sonra gerekli hedefe ula\u015farak solan cilt h\u00fccrelerinin yenilenme s\u00fcre\u00e7lerini aktive eden \u00f6zel bile\u015fen olan matriksinlerden olu\u015fur. Bu etki mekanizmas\u0131 sayesinde gen\u00e7le\u015fme etkisi sa\u011flan\u0131r.<\/p>\n","protected":false},"excerpt":{"rendered":"<p>Matrixyl\u00ae 3000 Matrixyl\u00ae 3000 (okunu\u015fu: Matriksil 3000), peptit k\u00f6kenli yenilik\u00e7i bir k\u0131r\u0131\u015f\u0131kl\u0131k kar\u015f\u0131t\u0131 \u00fcr\u00fcnd\u00fcr. Matrixyl, uygulamadan sonra gerekli hedefe ula\u015farak solan cilt h\u00fccrelerinin yenilenme s\u00fcre\u00e7lerini aktive eden \u00f6zel bile\u015fen olan matriksinlerden olu\u015fur. Bu etki mekanizmas\u0131 sayesinde gen\u00e7le\u015fme etkisi sa\u011flan\u0131r.<\/p>\n","protected":false},"author":1,"featured_media":0,"parent":0,"menu_order":0,"comment_status":"closed","ping_status":"closed","template":"","meta":{"footnotes":""},"_links":{"self":[{"href":"https:\/\/seacare.com\/tr\/wp-json\/wp\/v2\/pages\/50656"}],"collection":[{"href":"https:\/\/seacare.com\/tr\/wp-json\/wp\/v2\/pages"}],"about":[{"href":"https:\/\/seacare.com\/tr\/wp-json\/wp\/v2\/types\/page"}],"author":[{"embeddable":true,"href":"https:\/\/seacare.com\/tr\/wp-json\/wp\/v2\/users\/1"}],"replies":[{"embeddable":true,"href":"https:\/\/seacare.com\/tr\/wp-json\/wp\/v2\/comments?post=50656"}],"version-history":[{"count":1,"href":"https:\/\/seacare.com\/tr\/wp-json\/wp\/v2\/pages\/50656\/revisions"}],"predecessor-version":[{"id":50657,"href":"https:\/\/seacare.com\/tr\/wp-json\/wp\/v2\/pages\/50656\/revisions\/50657"}],"wp:attachment":[{"href":"https:\/\/seacare.com\/tr\/wp-json\/wp\/v2\/media?parent=50656"}],"curies":[{"name":"wp","href":"https:\/\/api.w.org\/{rel}","templated":true}]}}