{"id":50659,"date":"2022-02-03T15:10:25","date_gmt":"2022-02-03T12:10:25","guid":{"rendered":"https:\/\/seacare.com\/tr\/?page_id=50659"},"modified":"2022-02-03T15:10:25","modified_gmt":"2022-02-03T12:10:25","slug":"renovage","status":"publish","type":"page","link":"https:\/\/seacare.com\/tr\/renovage\/","title":{"rendered":"Renovage\u2122"},"content":{"rendered":"<h1 class=\"text-head\" style=\"text-align: center;\"><span data-text-color=\"primary\">Renovage\u2122<\/span><\/h1>\n<p>Renovage\u2122 (okunu\u015fu: Renovaj), Matrixyl ve di\u011fer harika cilt bak\u0131m bile\u015fenlerinin \u00fcreticisi olan Sederma&#8217;n\u0131n Frans\u0131z ya\u015flanma kar\u015f\u0131t\u0131 kompleksidir. Renovage, klinik ara\u015ft\u0131rmalarda cilt ya\u015flanma belirtilerinin olu\u015fumunu inan\u0131lmaz bir \u015fekilde azaltabildi\u011fini bilimsel olarak kan\u0131tlam\u0131\u015ft\u0131r. Renovage, bunu h\u00fccrelerin ya\u015fam \u00f6mr\u00fcn\u00fc uzatarak yapar! <\/p>\n","protected":false},"excerpt":{"rendered":"<p>Renovage\u2122 Renovage\u2122 (okunu\u015fu: Renovaj), Matrixyl ve di\u011fer harika cilt bak\u0131m bile\u015fenlerinin \u00fcreticisi olan Sederma&#8217;n\u0131n Frans\u0131z ya\u015flanma kar\u015f\u0131t\u0131 kompleksidir. Renovage, klinik ara\u015ft\u0131rmalarda cilt ya\u015flanma belirtilerinin olu\u015fumunu inan\u0131lmaz bir \u015fekilde azaltabildi\u011fini bilimsel olarak kan\u0131tlam\u0131\u015ft\u0131r. Renovage, bunu h\u00fccrelerin ya\u015fam \u00f6mr\u00fcn\u00fc uzatarak yapar!<\/p>\n","protected":false},"author":1,"featured_media":0,"parent":0,"menu_order":0,"comment_status":"closed","ping_status":"closed","template":"","meta":{"footnotes":""},"_links":{"self":[{"href":"https:\/\/seacare.com\/tr\/wp-json\/wp\/v2\/pages\/50659"}],"collection":[{"href":"https:\/\/seacare.com\/tr\/wp-json\/wp\/v2\/pages"}],"about":[{"href":"https:\/\/seacare.com\/tr\/wp-json\/wp\/v2\/types\/page"}],"author":[{"embeddable":true,"href":"https:\/\/seacare.com\/tr\/wp-json\/wp\/v2\/users\/1"}],"replies":[{"embeddable":true,"href":"https:\/\/seacare.com\/tr\/wp-json\/wp\/v2\/comments?post=50659"}],"version-history":[{"count":1,"href":"https:\/\/seacare.com\/tr\/wp-json\/wp\/v2\/pages\/50659\/revisions"}],"predecessor-version":[{"id":50660,"href":"https:\/\/seacare.com\/tr\/wp-json\/wp\/v2\/pages\/50659\/revisions\/50660"}],"wp:attachment":[{"href":"https:\/\/seacare.com\/tr\/wp-json\/wp\/v2\/media?parent=50659"}],"curies":[{"name":"wp","href":"https:\/\/api.w.org\/{rel}","templated":true}]}}