{"id":50662,"date":"2022-02-03T15:08:26","date_gmt":"2022-02-03T12:08:26","guid":{"rendered":"https:\/\/seacare.com\/tr\/?page_id=50662"},"modified":"2022-02-03T15:08:26","modified_gmt":"2022-02-03T12:08:26","slug":"easyliance","status":"publish","type":"page","link":"https:\/\/seacare.com\/tr\/easyliance\/","title":{"rendered":"Easyliance"},"content":{"rendered":"<h1 class=\"text-head\" style=\"text-align: center;\"><span data-text-color=\"primary\">Easyliance<\/span><\/h1>\n<p>Easyliance, cilt \u00fczerinde ve \u00f6zellikle g\u00f6z k\u00f6\u015felerinde ve a\u011f\u0131z \u00e7evresinde an\u0131nda g\u00f6r\u00fcn\u00fcr bir etki sa\u011flayan yenilik\u00e7i do\u011fal bir kozmetik y\u00fcz gerdirme \u00fcr\u00fcn\u00fcd\u00fcr. Easyliance %100 do\u011fal bir \u00fcr\u00fcn olup esnek bir tabaka olu\u015fturarak sadece birka\u00e7 dakika i\u00e7inde g\u00f6zle g\u00f6r\u00fcn\u00fcr ve hissedilen bir p\u00fcr\u00fczs\u00fczle\u015ftirme etkisi sa\u011flar.<\/p>\n","protected":false},"excerpt":{"rendered":"<p>Easyliance Easyliance, cilt \u00fczerinde ve \u00f6zellikle g\u00f6z k\u00f6\u015felerinde ve a\u011f\u0131z \u00e7evresinde an\u0131nda g\u00f6r\u00fcn\u00fcr bir etki sa\u011flayan yenilik\u00e7i do\u011fal bir kozmetik y\u00fcz gerdirme \u00fcr\u00fcn\u00fcd\u00fcr. Easyliance %100 do\u011fal bir \u00fcr\u00fcn olup esnek bir tabaka olu\u015fturarak sadece birka\u00e7 dakika i\u00e7inde g\u00f6zle g\u00f6r\u00fcn\u00fcr ve hissedilen bir p\u00fcr\u00fczs\u00fczle\u015ftirme etkisi sa\u011flar.<\/p>\n","protected":false},"author":1,"featured_media":0,"parent":0,"menu_order":0,"comment_status":"closed","ping_status":"closed","template":"","meta":{"footnotes":""},"_links":{"self":[{"href":"https:\/\/seacare.com\/tr\/wp-json\/wp\/v2\/pages\/50662"}],"collection":[{"href":"https:\/\/seacare.com\/tr\/wp-json\/wp\/v2\/pages"}],"about":[{"href":"https:\/\/seacare.com\/tr\/wp-json\/wp\/v2\/types\/page"}],"author":[{"embeddable":true,"href":"https:\/\/seacare.com\/tr\/wp-json\/wp\/v2\/users\/1"}],"replies":[{"embeddable":true,"href":"https:\/\/seacare.com\/tr\/wp-json\/wp\/v2\/comments?post=50662"}],"version-history":[{"count":1,"href":"https:\/\/seacare.com\/tr\/wp-json\/wp\/v2\/pages\/50662\/revisions"}],"predecessor-version":[{"id":50663,"href":"https:\/\/seacare.com\/tr\/wp-json\/wp\/v2\/pages\/50662\/revisions\/50663"}],"wp:attachment":[{"href":"https:\/\/seacare.com\/tr\/wp-json\/wp\/v2\/media?parent=50662"}],"curies":[{"name":"wp","href":"https:\/\/api.w.org\/{rel}","templated":true}]}}