{"id":50665,"date":"2022-02-03T15:08:38","date_gmt":"2022-02-03T12:08:38","guid":{"rendered":"https:\/\/seacare.com\/tr\/?page_id=50665"},"modified":"2022-02-03T15:08:38","modified_gmt":"2022-02-03T12:08:38","slug":"hiyalueronik-asit","status":"publish","type":"page","link":"https:\/\/seacare.com\/tr\/hiyalueronik-asit\/","title":{"rendered":"Hiyal\u00fcronik Asit"},"content":{"rendered":"<h1 class=\"text-head\" style=\"text-align: center;\"><span data-text-color=\"primary\">Hiyal\u00fcronik Asit<\/span><\/h1>\n<p>Hiyal\u00fcronik asit, bir\u00e7ok ya\u015flanma kar\u015f\u0131t\u0131 ve cilt bak\u0131m \u00fcr\u00fcn\u00fcn\u00fcn anahtar bile\u015fenidir. Cildi nemlendirmek, k\u0131r\u0131\u015f\u0131kl\u0131k olu\u015fumunu azaltmak, cilt s\u0131kl\u0131\u011f\u0131n\u0131 art\u0131rmak i\u00e7in kullan\u0131l\u0131r ve serum, krem ve losyonlarda bulunabilir. Cilde do\u011fal bir g\u00f6r\u00fcn\u00fcm verir, cilt tonunu d\u00fczeltir.<\/p>\n","protected":false},"excerpt":{"rendered":"<p>Hiyal\u00fcronik Asit Hiyal\u00fcronik asit, bir\u00e7ok ya\u015flanma kar\u015f\u0131t\u0131 ve cilt bak\u0131m \u00fcr\u00fcn\u00fcn\u00fcn anahtar bile\u015fenidir. Cildi nemlendirmek, k\u0131r\u0131\u015f\u0131kl\u0131k olu\u015fumunu azaltmak, cilt s\u0131kl\u0131\u011f\u0131n\u0131 art\u0131rmak i\u00e7in kullan\u0131l\u0131r ve serum, krem ve losyonlarda bulunabilir. Cilde do\u011fal bir g\u00f6r\u00fcn\u00fcm verir, cilt tonunu d\u00fczeltir.<\/p>\n","protected":false},"author":1,"featured_media":0,"parent":0,"menu_order":0,"comment_status":"closed","ping_status":"closed","template":"","meta":{"footnotes":""},"_links":{"self":[{"href":"https:\/\/seacare.com\/tr\/wp-json\/wp\/v2\/pages\/50665"}],"collection":[{"href":"https:\/\/seacare.com\/tr\/wp-json\/wp\/v2\/pages"}],"about":[{"href":"https:\/\/seacare.com\/tr\/wp-json\/wp\/v2\/types\/page"}],"author":[{"embeddable":true,"href":"https:\/\/seacare.com\/tr\/wp-json\/wp\/v2\/users\/1"}],"replies":[{"embeddable":true,"href":"https:\/\/seacare.com\/tr\/wp-json\/wp\/v2\/comments?post=50665"}],"version-history":[{"count":1,"href":"https:\/\/seacare.com\/tr\/wp-json\/wp\/v2\/pages\/50665\/revisions"}],"predecessor-version":[{"id":50666,"href":"https:\/\/seacare.com\/tr\/wp-json\/wp\/v2\/pages\/50665\/revisions\/50666"}],"wp:attachment":[{"href":"https:\/\/seacare.com\/tr\/wp-json\/wp\/v2\/media?parent=50665"}],"curies":[{"name":"wp","href":"https:\/\/api.w.org\/{rel}","templated":true}]}}