{"id":50668,"date":"2022-02-03T15:04:59","date_gmt":"2022-02-03T12:04:59","guid":{"rendered":"https:\/\/seacare.com\/tr\/?page_id=50668"},"modified":"2022-02-03T15:04:59","modified_gmt":"2022-02-03T12:04:59","slug":"a-vitamini","status":"publish","type":"page","link":"https:\/\/seacare.com\/tr\/a-vitamini\/","title":{"rendered":"A Vitamini"},"content":{"rendered":"<h1 class=\"text-head\" style=\"text-align: center;\"><span data-text-color=\"primary\">A Vitamini<\/span><\/h1>\n<p>A vitamini (retinol olarak da bilinir)<br \/>\ny\u00fcz i\u00e7in genel cilt sa\u011fl\u0131\u011f\u0131n\u0131 ve parlakl\u0131\u011f\u0131n\u0131 sa\u011flayan bir dizi i\u015flev yapar: cildin kan dola\u015f\u0131m\u0131n\u0131 h\u0131zland\u0131r\u0131r, iltihap s\u00fcre\u00e7lerini ortadan kald\u0131r\u0131r, h\u00fccresel yenilenme s\u00fcre\u00e7lerini uyar\u0131r, cilt dokusunu p\u00fcr\u00fczs\u00fczle\u015ftirir, nemlendirir, esnekli\u011fi art\u0131r\u0131r ve cilt yap\u0131s\u0131n\u0131 g\u00fc\u00e7lendirir.<\/p>\n","protected":false},"excerpt":{"rendered":"<p>A Vitamini A vitamini (retinol olarak da bilinir) y\u00fcz i\u00e7in genel cilt sa\u011fl\u0131\u011f\u0131n\u0131 ve parlakl\u0131\u011f\u0131n\u0131 sa\u011flayan bir dizi i\u015flev yapar: cildin kan dola\u015f\u0131m\u0131n\u0131 h\u0131zland\u0131r\u0131r, iltihap s\u00fcre\u00e7lerini ortadan kald\u0131r\u0131r, h\u00fccresel yenilenme s\u00fcre\u00e7lerini uyar\u0131r, cilt dokusunu p\u00fcr\u00fczs\u00fczle\u015ftirir, nemlendirir, esnekli\u011fi art\u0131r\u0131r ve cilt yap\u0131s\u0131n\u0131 g\u00fc\u00e7lendirir.<\/p>\n","protected":false},"author":1,"featured_media":0,"parent":0,"menu_order":0,"comment_status":"closed","ping_status":"closed","template":"","meta":{"footnotes":""},"_links":{"self":[{"href":"https:\/\/seacare.com\/tr\/wp-json\/wp\/v2\/pages\/50668"}],"collection":[{"href":"https:\/\/seacare.com\/tr\/wp-json\/wp\/v2\/pages"}],"about":[{"href":"https:\/\/seacare.com\/tr\/wp-json\/wp\/v2\/types\/page"}],"author":[{"embeddable":true,"href":"https:\/\/seacare.com\/tr\/wp-json\/wp\/v2\/users\/1"}],"replies":[{"embeddable":true,"href":"https:\/\/seacare.com\/tr\/wp-json\/wp\/v2\/comments?post=50668"}],"version-history":[{"count":1,"href":"https:\/\/seacare.com\/tr\/wp-json\/wp\/v2\/pages\/50668\/revisions"}],"predecessor-version":[{"id":50669,"href":"https:\/\/seacare.com\/tr\/wp-json\/wp\/v2\/pages\/50668\/revisions\/50669"}],"wp:attachment":[{"href":"https:\/\/seacare.com\/tr\/wp-json\/wp\/v2\/media?parent=50668"}],"curies":[{"name":"wp","href":"https:\/\/api.w.org\/{rel}","templated":true}]}}