{"id":50670,"date":"2022-02-03T15:08:23","date_gmt":"2022-02-03T12:08:23","guid":{"rendered":"https:\/\/seacare.com\/tr\/?page_id=50670"},"modified":"2022-02-03T15:08:23","modified_gmt":"2022-02-03T12:08:23","slug":"e-vitamini","status":"publish","type":"page","link":"https:\/\/seacare.com\/tr\/e-vitamini\/","title":{"rendered":"E Vitamini"},"content":{"rendered":"<h1 class=\"text-head\" style=\"text-align: center;\"><span data-text-color=\"primary\">E Vitamini<\/span><\/h1>\n<p>E vitamini, serbest radikalleri n\u00f6tralize ederek ya\u015flanma belirtilerini \u00f6nlemeye yard\u0131mc\u0131 olur. E vitamini cildi nemlendirir ve yat\u0131\u015ft\u0131r\u0131r, ayr\u0131ca iltihaplarla da sava\u015f\u0131r. E vitamini SPF (g\u00fcne\u015f koruma fakt\u00f6r\u00fc) sa\u011flar ve ultraviyole radyasyonun neden oldu\u011fu hasarlar\u0131 \u00f6nlemeye yard\u0131mc\u0131 olur.<\/p>\n","protected":false},"excerpt":{"rendered":"<p>E Vitamini E vitamini, serbest radikalleri n\u00f6tralize ederek ya\u015flanma belirtilerini \u00f6nlemeye yard\u0131mc\u0131 olur. E vitamini cildi nemlendirir ve yat\u0131\u015ft\u0131r\u0131r, ayr\u0131ca iltihaplarla da sava\u015f\u0131r. E vitamini SPF (g\u00fcne\u015f koruma fakt\u00f6r\u00fc) sa\u011flar ve ultraviyole radyasyonun neden oldu\u011fu hasarlar\u0131 \u00f6nlemeye yard\u0131mc\u0131 olur.<\/p>\n","protected":false},"author":1,"featured_media":0,"parent":0,"menu_order":0,"comment_status":"closed","ping_status":"closed","template":"","meta":{"footnotes":""},"_links":{"self":[{"href":"https:\/\/seacare.com\/tr\/wp-json\/wp\/v2\/pages\/50670"}],"collection":[{"href":"https:\/\/seacare.com\/tr\/wp-json\/wp\/v2\/pages"}],"about":[{"href":"https:\/\/seacare.com\/tr\/wp-json\/wp\/v2\/types\/page"}],"author":[{"embeddable":true,"href":"https:\/\/seacare.com\/tr\/wp-json\/wp\/v2\/users\/1"}],"replies":[{"embeddable":true,"href":"https:\/\/seacare.com\/tr\/wp-json\/wp\/v2\/comments?post=50670"}],"version-history":[{"count":1,"href":"https:\/\/seacare.com\/tr\/wp-json\/wp\/v2\/pages\/50670\/revisions"}],"predecessor-version":[{"id":50671,"href":"https:\/\/seacare.com\/tr\/wp-json\/wp\/v2\/pages\/50670\/revisions\/50671"}],"wp:attachment":[{"href":"https:\/\/seacare.com\/tr\/wp-json\/wp\/v2\/media?parent=50670"}],"curies":[{"name":"wp","href":"https:\/\/api.w.org\/{rel}","templated":true}]}}