{"id":50673,"date":"2022-02-03T15:08:59","date_gmt":"2022-02-03T12:08:59","guid":{"rendered":"https:\/\/seacare.com\/tr\/?page_id=50673"},"modified":"2022-02-03T15:08:59","modified_gmt":"2022-02-03T12:08:59","slug":"koenzim-q10","status":"publish","type":"page","link":"https:\/\/seacare.com\/tr\/koenzim-q10\/","title":{"rendered":"Koenzim Q10"},"content":{"rendered":"<h1 class=\"text-head\" style=\"text-align: center;\"><span data-text-color=\"primary\">Koenzim Q10<\/span><\/h1>\n<p>Koenzim Q10 faydalar\u0131 v\u00fccut i\u00e7in paha bi\u00e7ilmezdir. V\u00fccudumuzdaki biyokimyasal s\u00fcre\u00e7lere kat\u0131l\u0131r, ATP \u00fcretiminde temel rol oynar. G\u00fc\u00e7l\u00fc enerji potansiyeli sayesinde serbest radikal olu\u015fumundan kaynaklanan ya\u015flanma s\u00fcrecini yava\u015flatmaya yard\u0131mc\u0131 olan bir antioksidand\u0131r.<\/p>\n","protected":false},"excerpt":{"rendered":"<p>Koenzim Q10 Koenzim Q10 faydalar\u0131 v\u00fccut i\u00e7in paha bi\u00e7ilmezdir. V\u00fccudumuzdaki biyokimyasal s\u00fcre\u00e7lere kat\u0131l\u0131r, ATP \u00fcretiminde temel rol oynar. G\u00fc\u00e7l\u00fc enerji potansiyeli sayesinde serbest radikal olu\u015fumundan kaynaklanan ya\u015flanma s\u00fcrecini yava\u015flatmaya yard\u0131mc\u0131 olan bir antioksidand\u0131r.<\/p>\n","protected":false},"author":1,"featured_media":0,"parent":0,"menu_order":0,"comment_status":"closed","ping_status":"closed","template":"","meta":{"footnotes":""},"_links":{"self":[{"href":"https:\/\/seacare.com\/tr\/wp-json\/wp\/v2\/pages\/50673"}],"collection":[{"href":"https:\/\/seacare.com\/tr\/wp-json\/wp\/v2\/pages"}],"about":[{"href":"https:\/\/seacare.com\/tr\/wp-json\/wp\/v2\/types\/page"}],"author":[{"embeddable":true,"href":"https:\/\/seacare.com\/tr\/wp-json\/wp\/v2\/users\/1"}],"replies":[{"embeddable":true,"href":"https:\/\/seacare.com\/tr\/wp-json\/wp\/v2\/comments?post=50673"}],"version-history":[{"count":1,"href":"https:\/\/seacare.com\/tr\/wp-json\/wp\/v2\/pages\/50673\/revisions"}],"predecessor-version":[{"id":50674,"href":"https:\/\/seacare.com\/tr\/wp-json\/wp\/v2\/pages\/50673\/revisions\/50674"}],"wp:attachment":[{"href":"https:\/\/seacare.com\/tr\/wp-json\/wp\/v2\/media?parent=50673"}],"curies":[{"name":"wp","href":"https:\/\/api.w.org\/{rel}","templated":true}]}}