{"id":50676,"date":"2022-02-03T15:05:33","date_gmt":"2022-02-03T12:05:33","guid":{"rendered":"https:\/\/seacare.com\/tr\/?page_id=50676"},"modified":"2022-02-03T15:05:33","modified_gmt":"2022-02-03T12:05:33","slug":"argireline","status":"publish","type":"page","link":"https:\/\/seacare.com\/tr\/argireline\/","title":{"rendered":"Argireline\u00ae"},"content":{"rendered":"<h1 class=\"text-head\" style=\"text-align: center;\"><span data-text-color=\"primary\">Argireline\u00ae<\/span><\/h1>\n<p>Argireline\u00ae (okunu\u015fu: Argirelin), Botox&#8217;a biyolojik olarak g\u00fcvenli bir alternatif olan sentetik d\u00fc\u015f\u00fck molek\u00fcler a\u011f\u0131rl\u0131kl\u0131 bir peptittir. Argireline, mimik k\u0131r\u0131\u015f\u0131kl\u0131klar\u0131n olu\u015fumunu tetikleyen a\u015f\u0131r\u0131 katekolamin (adrenalin, noradrenalin) \u00fcretimini yava\u015flat\u0131r. Y\u00fczdeki mimik kaslar\u0131n\u0131 gev\u015feterek hiyal\u00fcronik asidin etkisini de uzat\u0131r.<\/p>\n","protected":false},"excerpt":{"rendered":"<p>Argireline\u00ae Argireline\u00ae (okunu\u015fu: Argirelin), Botox&#8217;a biyolojik olarak g\u00fcvenli bir alternatif olan sentetik d\u00fc\u015f\u00fck molek\u00fcler a\u011f\u0131rl\u0131kl\u0131 bir peptittir. Argireline, mimik k\u0131r\u0131\u015f\u0131kl\u0131klar\u0131n olu\u015fumunu tetikleyen a\u015f\u0131r\u0131 katekolamin (adrenalin, noradrenalin) \u00fcretimini yava\u015flat\u0131r. Y\u00fczdeki mimik kaslar\u0131n\u0131 gev\u015feterek hiyal\u00fcronik asidin etkisini de uzat\u0131r.<\/p>\n","protected":false},"author":1,"featured_media":0,"parent":0,"menu_order":0,"comment_status":"closed","ping_status":"closed","template":"","meta":{"footnotes":""},"_links":{"self":[{"href":"https:\/\/seacare.com\/tr\/wp-json\/wp\/v2\/pages\/50676"}],"collection":[{"href":"https:\/\/seacare.com\/tr\/wp-json\/wp\/v2\/pages"}],"about":[{"href":"https:\/\/seacare.com\/tr\/wp-json\/wp\/v2\/types\/page"}],"author":[{"embeddable":true,"href":"https:\/\/seacare.com\/tr\/wp-json\/wp\/v2\/users\/1"}],"replies":[{"embeddable":true,"href":"https:\/\/seacare.com\/tr\/wp-json\/wp\/v2\/comments?post=50676"}],"version-history":[{"count":1,"href":"https:\/\/seacare.com\/tr\/wp-json\/wp\/v2\/pages\/50676\/revisions"}],"predecessor-version":[{"id":50677,"href":"https:\/\/seacare.com\/tr\/wp-json\/wp\/v2\/pages\/50676\/revisions\/50677"}],"wp:attachment":[{"href":"https:\/\/seacare.com\/tr\/wp-json\/wp\/v2\/media?parent=50676"}],"curies":[{"name":"wp","href":"https:\/\/api.w.org\/{rel}","templated":true}]}}