{"id":50679,"date":"2022-02-03T15:08:29","date_gmt":"2022-02-03T12:08:29","guid":{"rendered":"https:\/\/seacare.com\/tr\/?page_id=50679"},"modified":"2022-02-03T15:08:29","modified_gmt":"2022-02-03T12:08:29","slug":"emulium","status":"publish","type":"page","link":"https:\/\/seacare.com\/tr\/emulium\/","title":{"rendered":"Emulium"},"content":{"rendered":"<h1 class=\"text-head\" style=\"text-align: center;\"><span data-text-color=\"primary\">Emulium<\/span><\/h1>\n<p>Emulium Mellifera, cilt \u00fczerinde yumu\u015fak, neredeyse hi\u00e7 hissedilmeyen \u015feffaf bir tabakaya d\u00f6n\u00fc\u015ferek cilt i\u00e7in m\u00fckemmel bir nemlendirme ve zararl\u0131 \u00e7evre etkilerinden koruma sa\u011flar. K\u0131\u015f\u0131n cildi yat\u0131\u015ft\u0131r\u0131r ve dehidrasyondan korur, yaz\u0131n ciltte a\u011f\u0131rl\u0131k hissine ve ya\u011fl\u0131 parlakl\u0131k olu\u015fumuna neden olmaz.<\/p>\n","protected":false},"excerpt":{"rendered":"<p>Emulium Emulium Mellifera, cilt \u00fczerinde yumu\u015fak, neredeyse hi\u00e7 hissedilmeyen \u015feffaf bir tabakaya d\u00f6n\u00fc\u015ferek cilt i\u00e7in m\u00fckemmel bir nemlendirme ve zararl\u0131 \u00e7evre etkilerinden koruma sa\u011flar. K\u0131\u015f\u0131n cildi yat\u0131\u015ft\u0131r\u0131r ve dehidrasyondan korur, yaz\u0131n ciltte a\u011f\u0131rl\u0131k hissine ve ya\u011fl\u0131 parlakl\u0131k olu\u015fumuna neden olmaz.<\/p>\n","protected":false},"author":1,"featured_media":0,"parent":0,"menu_order":0,"comment_status":"closed","ping_status":"closed","template":"","meta":{"footnotes":""},"_links":{"self":[{"href":"https:\/\/seacare.com\/tr\/wp-json\/wp\/v2\/pages\/50679"}],"collection":[{"href":"https:\/\/seacare.com\/tr\/wp-json\/wp\/v2\/pages"}],"about":[{"href":"https:\/\/seacare.com\/tr\/wp-json\/wp\/v2\/types\/page"}],"author":[{"embeddable":true,"href":"https:\/\/seacare.com\/tr\/wp-json\/wp\/v2\/users\/1"}],"replies":[{"embeddable":true,"href":"https:\/\/seacare.com\/tr\/wp-json\/wp\/v2\/comments?post=50679"}],"version-history":[{"count":1,"href":"https:\/\/seacare.com\/tr\/wp-json\/wp\/v2\/pages\/50679\/revisions"}],"predecessor-version":[{"id":50680,"href":"https:\/\/seacare.com\/tr\/wp-json\/wp\/v2\/pages\/50679\/revisions\/50680"}],"wp:attachment":[{"href":"https:\/\/seacare.com\/tr\/wp-json\/wp\/v2\/media?parent=50679"}],"curies":[{"name":"wp","href":"https:\/\/api.w.org\/{rel}","templated":true}]}}