{"id":50682,"date":"2022-02-03T15:05:08","date_gmt":"2022-02-03T12:05:08","guid":{"rendered":"https:\/\/seacare.com\/tr\/?page_id=50682"},"modified":"2022-02-03T15:05:08","modified_gmt":"2022-02-03T12:05:08","slug":"acnacidol-bg","status":"publish","type":"page","link":"https:\/\/seacare.com\/tr\/acnacidol-bg\/","title":{"rendered":"Acnacidol\u2122 BG"},"content":{"rendered":"<h1 class=\"text-head\" style=\"text-align: center;\"><span data-text-color=\"primary\">Acnacidol\u2122 BG<\/span><\/h1>\n<p>Acnacidol\u2122 BG (okunu\u015fu: Aknatsidol), hint ya\u011f\u0131ndan elde edilen yenilik\u00e7i bir aktif bile\u015fendir. Akneye meyilli cildin fizyolojik dengesini d\u00fczelten 10-hidroksidekanoik asit, sebasik asit ve dekandiol kombinasyonundan olu\u015fur.<\/p>\n","protected":false},"excerpt":{"rendered":"<p>Acnacidol\u2122 BG Acnacidol\u2122 BG (okunu\u015fu: Aknatsidol), hint ya\u011f\u0131ndan elde edilen yenilik\u00e7i bir aktif bile\u015fendir. Akneye meyilli cildin fizyolojik dengesini d\u00fczelten 10-hidroksidekanoik asit, sebasik asit ve dekandiol kombinasyonundan olu\u015fur.<\/p>\n","protected":false},"author":1,"featured_media":0,"parent":0,"menu_order":0,"comment_status":"closed","ping_status":"closed","template":"","meta":{"footnotes":""},"_links":{"self":[{"href":"https:\/\/seacare.com\/tr\/wp-json\/wp\/v2\/pages\/50682"}],"collection":[{"href":"https:\/\/seacare.com\/tr\/wp-json\/wp\/v2\/pages"}],"about":[{"href":"https:\/\/seacare.com\/tr\/wp-json\/wp\/v2\/types\/page"}],"author":[{"embeddable":true,"href":"https:\/\/seacare.com\/tr\/wp-json\/wp\/v2\/users\/1"}],"replies":[{"embeddable":true,"href":"https:\/\/seacare.com\/tr\/wp-json\/wp\/v2\/comments?post=50682"}],"version-history":[{"count":1,"href":"https:\/\/seacare.com\/tr\/wp-json\/wp\/v2\/pages\/50682\/revisions"}],"predecessor-version":[{"id":50683,"href":"https:\/\/seacare.com\/tr\/wp-json\/wp\/v2\/pages\/50682\/revisions\/50683"}],"wp:attachment":[{"href":"https:\/\/seacare.com\/tr\/wp-json\/wp\/v2\/media?parent=50682"}],"curies":[{"name":"wp","href":"https:\/\/api.w.org\/{rel}","templated":true}]}}