{"id":50685,"date":"2022-02-03T15:08:35","date_gmt":"2022-02-03T12:08:35","guid":{"rendered":"https:\/\/seacare.com\/tr\/?page_id=50685"},"modified":"2022-02-03T15:08:35","modified_gmt":"2022-02-03T12:08:35","slug":"evermat","status":"publish","type":"page","link":"https:\/\/seacare.com\/tr\/evermat\/","title":{"rendered":"Evermat\u2122"},"content":{"rendered":"<h1 class=\"text-head\" style=\"text-align: center;\"><span data-text-color=\"primary\">Evermat\u2122<\/span><\/h1>\n<p>Evermat\u2122 (okunu\u015fu: Evermat), ya\u011fl\u0131 cilt bak\u0131m\u0131 i\u00e7in etkili bir aktif bile\u015fendir: m\u00fckemmel matla\u015ft\u0131rma \u00f6zelliklerine sahip olup g\u00f6zenekleri daraltmaya ve azaltmaya yard\u0131mc\u0131 olur, cildi p\u00fcr\u00fczs\u00fczle\u015ftirir. Bu bile\u015fen, oleik asit, bitki \u00f6z\u00fc ve b\u00fctilen glikol bazl\u0131d\u0131r. Evermat, antienflamatuvar etkiye sahip bir bile\u015fendir. <\/p>\n","protected":false},"excerpt":{"rendered":"<p>Evermat\u2122 Evermat\u2122 (okunu\u015fu: Evermat), ya\u011fl\u0131 cilt bak\u0131m\u0131 i\u00e7in etkili bir aktif bile\u015fendir: m\u00fckemmel matla\u015ft\u0131rma \u00f6zelliklerine sahip olup g\u00f6zenekleri daraltmaya ve azaltmaya yard\u0131mc\u0131 olur, cildi p\u00fcr\u00fczs\u00fczle\u015ftirir. Bu bile\u015fen, oleik asit, bitki \u00f6z\u00fc ve b\u00fctilen glikol bazl\u0131d\u0131r. Evermat, antienflamatuvar etkiye sahip bir bile\u015fendir.<\/p>\n","protected":false},"author":1,"featured_media":0,"parent":0,"menu_order":0,"comment_status":"closed","ping_status":"closed","template":"","meta":{"footnotes":""},"_links":{"self":[{"href":"https:\/\/seacare.com\/tr\/wp-json\/wp\/v2\/pages\/50685"}],"collection":[{"href":"https:\/\/seacare.com\/tr\/wp-json\/wp\/v2\/pages"}],"about":[{"href":"https:\/\/seacare.com\/tr\/wp-json\/wp\/v2\/types\/page"}],"author":[{"embeddable":true,"href":"https:\/\/seacare.com\/tr\/wp-json\/wp\/v2\/users\/1"}],"replies":[{"embeddable":true,"href":"https:\/\/seacare.com\/tr\/wp-json\/wp\/v2\/comments?post=50685"}],"version-history":[{"count":1,"href":"https:\/\/seacare.com\/tr\/wp-json\/wp\/v2\/pages\/50685\/revisions"}],"predecessor-version":[{"id":50686,"href":"https:\/\/seacare.com\/tr\/wp-json\/wp\/v2\/pages\/50685\/revisions\/50686"}],"wp:attachment":[{"href":"https:\/\/seacare.com\/tr\/wp-json\/wp\/v2\/media?parent=50685"}],"curies":[{"name":"wp","href":"https:\/\/api.w.org\/{rel}","templated":true}]}}