{"id":50688,"date":"2022-02-03T15:10:28","date_gmt":"2022-02-03T12:10:28","guid":{"rendered":"https:\/\/seacare.com\/tr\/?page_id=50688"},"modified":"2022-02-03T15:10:28","modified_gmt":"2022-02-03T12:10:28","slug":"resistem","status":"publish","type":"page","link":"https:\/\/seacare.com\/tr\/resistem\/","title":{"rendered":"Resistem\u2122"},"content":{"rendered":"<h1 class=\"text-head\" style=\"text-align: center;\"><span data-text-color=\"primary\">Resistem\u2122<\/span><\/h1>\n<p>Resistem\u2122 (okunu\u015fu: Resistem), Globularia Cordifolia bitkisinin k\u00f6k h\u00fccrelerinden elde edilen y\u00fcksek teknolojili aktif bir ya\u015flanma kar\u015f\u0131t\u0131 bile\u015fendir. Resistem, cilt gen\u00e7le\u015ftirici ve \u015fekillendirici olarak etki eder. Ciltteki ya\u015flanmaya neden olan maddelerin seviyesini ve toksinlerin neden oldu\u011fu mikroenflamatuvar s\u00fcre\u00e7leri azaltmaya yard\u0131mc\u0131 olur.<\/p>\n","protected":false},"excerpt":{"rendered":"<p>Resistem\u2122 Resistem\u2122 (okunu\u015fu: Resistem), Globularia Cordifolia bitkisinin k\u00f6k h\u00fccrelerinden elde edilen y\u00fcksek teknolojili aktif bir ya\u015flanma kar\u015f\u0131t\u0131 bile\u015fendir. Resistem, cilt gen\u00e7le\u015ftirici ve \u015fekillendirici olarak etki eder. Ciltteki ya\u015flanmaya neden olan maddelerin seviyesini ve toksinlerin neden oldu\u011fu mikroenflamatuvar s\u00fcre\u00e7leri azaltmaya yard\u0131mc\u0131 olur.<\/p>\n","protected":false},"author":1,"featured_media":0,"parent":0,"menu_order":0,"comment_status":"closed","ping_status":"closed","template":"","meta":{"footnotes":""},"_links":{"self":[{"href":"https:\/\/seacare.com\/tr\/wp-json\/wp\/v2\/pages\/50688"}],"collection":[{"href":"https:\/\/seacare.com\/tr\/wp-json\/wp\/v2\/pages"}],"about":[{"href":"https:\/\/seacare.com\/tr\/wp-json\/wp\/v2\/types\/page"}],"author":[{"embeddable":true,"href":"https:\/\/seacare.com\/tr\/wp-json\/wp\/v2\/users\/1"}],"replies":[{"embeddable":true,"href":"https:\/\/seacare.com\/tr\/wp-json\/wp\/v2\/comments?post=50688"}],"version-history":[{"count":1,"href":"https:\/\/seacare.com\/tr\/wp-json\/wp\/v2\/pages\/50688\/revisions"}],"predecessor-version":[{"id":50689,"href":"https:\/\/seacare.com\/tr\/wp-json\/wp\/v2\/pages\/50688\/revisions\/50689"}],"wp:attachment":[{"href":"https:\/\/seacare.com\/tr\/wp-json\/wp\/v2\/media?parent=50688"}],"curies":[{"name":"wp","href":"https:\/\/api.w.org\/{rel}","templated":true}]}}