{"id":50690,"date":"2022-02-03T15:10:31","date_gmt":"2022-02-03T12:10:31","guid":{"rendered":"https:\/\/seacare.com\/tr\/?page_id=50690"},"modified":"2022-02-03T15:10:31","modified_gmt":"2022-02-03T12:10:31","slug":"ronacare-bisabolol","status":"publish","type":"page","link":"https:\/\/seacare.com\/tr\/ronacare-bisabolol\/","title":{"rendered":"RonaCare\u00ae Bisabolol"},"content":{"rendered":"<h1 class=\"text-head\" style=\"text-align: center;\"><span data-text-color=\"primary\">RonaCare\u00ae Bisabolol<\/span><\/h1>\n<p>RonaCare\u00ae Bisabolol (okunu\u015fu: Bisabolol), kozmetolojide nedeni ne olursa olsun her t\u00fcrl\u00fc cilt tahri\u015fini gideren etkili bir antienflamatuvar bile\u015fen olarak bilinir. RonaCare\u00ae Bisabolol&#8217;un kozmetikteki ana i\u015flevi cildi yat\u0131\u015ft\u0131rmakt\u0131r. Bisabolol cilt tahri\u015fini azalt\u0131r. <\/p>\n","protected":false},"excerpt":{"rendered":"<p>RonaCare\u00ae Bisabolol RonaCare\u00ae Bisabolol (okunu\u015fu: Bisabolol), kozmetolojide nedeni ne olursa olsun her t\u00fcrl\u00fc cilt tahri\u015fini gideren etkili bir antienflamatuvar bile\u015fen olarak bilinir. RonaCare\u00ae Bisabolol&#8217;un kozmetikteki ana i\u015flevi cildi yat\u0131\u015ft\u0131rmakt\u0131r. Bisabolol cilt tahri\u015fini azalt\u0131r.<\/p>\n","protected":false},"author":1,"featured_media":0,"parent":0,"menu_order":0,"comment_status":"closed","ping_status":"closed","template":"","meta":{"footnotes":""},"_links":{"self":[{"href":"https:\/\/seacare.com\/tr\/wp-json\/wp\/v2\/pages\/50690"}],"collection":[{"href":"https:\/\/seacare.com\/tr\/wp-json\/wp\/v2\/pages"}],"about":[{"href":"https:\/\/seacare.com\/tr\/wp-json\/wp\/v2\/types\/page"}],"author":[{"embeddable":true,"href":"https:\/\/seacare.com\/tr\/wp-json\/wp\/v2\/users\/1"}],"replies":[{"embeddable":true,"href":"https:\/\/seacare.com\/tr\/wp-json\/wp\/v2\/comments?post=50690"}],"version-history":[{"count":1,"href":"https:\/\/seacare.com\/tr\/wp-json\/wp\/v2\/pages\/50690\/revisions"}],"predecessor-version":[{"id":50691,"href":"https:\/\/seacare.com\/tr\/wp-json\/wp\/v2\/pages\/50690\/revisions\/50691"}],"wp:attachment":[{"href":"https:\/\/seacare.com\/tr\/wp-json\/wp\/v2\/media?parent=50690"}],"curies":[{"name":"wp","href":"https:\/\/api.w.org\/{rel}","templated":true}]}}