{"id":50693,"date":"2022-02-03T15:10:34","date_gmt":"2022-02-03T12:10:34","guid":{"rendered":"https:\/\/seacare.com\/tr\/?page_id=50693"},"modified":"2022-02-03T15:10:34","modified_gmt":"2022-02-03T12:10:34","slug":"sepicontrol-a5","status":"publish","type":"page","link":"https:\/\/seacare.com\/tr\/sepicontrol-a5\/","title":{"rendered":"SEPICONTROL\u2122 A5"},"content":{"rendered":"<h1 class=\"text-head\" style=\"text-align: center;\"><span data-text-color=\"primary\">SEPICONTROL\u2122 A5<\/span><\/h1>\n<p>SEPICONTROL\u2122 A5 (okunu\u015fu: Sepikontrol), akneye meyilli ya\u011fl\u0131 ve problemli ciltler i\u00e7in yeni benzersiz kapsaml\u0131 bir aktif bile\u015fen olup sebum dengeleyicidir (cilt ya\u011f\u0131 \u00fcretimini d\u00fczenler) ve komedon olu\u015fumunu \u00f6nler. \u0130\u00e7indeki maddeler, komedon olu\u015fumunun ana sebeplerine etki edecek \u015fekilde se\u00e7ilmi\u015ftir.<\/p>\n","protected":false},"excerpt":{"rendered":"<p>SEPICONTROL\u2122 A5 SEPICONTROL\u2122 A5 (okunu\u015fu: Sepikontrol), akneye meyilli ya\u011fl\u0131 ve problemli ciltler i\u00e7in yeni benzersiz kapsaml\u0131 bir aktif bile\u015fen olup sebum dengeleyicidir (cilt ya\u011f\u0131 \u00fcretimini d\u00fczenler) ve komedon olu\u015fumunu \u00f6nler. \u0130\u00e7indeki maddeler, komedon olu\u015fumunun ana sebeplerine etki edecek \u015fekilde se\u00e7ilmi\u015ftir.<\/p>\n","protected":false},"author":1,"featured_media":0,"parent":0,"menu_order":0,"comment_status":"closed","ping_status":"closed","template":"","meta":{"footnotes":""},"_links":{"self":[{"href":"https:\/\/seacare.com\/tr\/wp-json\/wp\/v2\/pages\/50693"}],"collection":[{"href":"https:\/\/seacare.com\/tr\/wp-json\/wp\/v2\/pages"}],"about":[{"href":"https:\/\/seacare.com\/tr\/wp-json\/wp\/v2\/types\/page"}],"author":[{"embeddable":true,"href":"https:\/\/seacare.com\/tr\/wp-json\/wp\/v2\/users\/1"}],"replies":[{"embeddable":true,"href":"https:\/\/seacare.com\/tr\/wp-json\/wp\/v2\/comments?post=50693"}],"version-history":[{"count":1,"href":"https:\/\/seacare.com\/tr\/wp-json\/wp\/v2\/pages\/50693\/revisions"}],"predecessor-version":[{"id":50694,"href":"https:\/\/seacare.com\/tr\/wp-json\/wp\/v2\/pages\/50693\/revisions\/50694"}],"wp:attachment":[{"href":"https:\/\/seacare.com\/tr\/wp-json\/wp\/v2\/media?parent=50693"}],"curies":[{"name":"wp","href":"https:\/\/api.w.org\/{rel}","templated":true}]}}