{"id":50695,"date":"2022-02-03T15:08:32","date_gmt":"2022-02-03T12:08:32","guid":{"rendered":"https:\/\/seacare.com\/tr\/?page_id=50695"},"modified":"2022-02-03T15:08:32","modified_gmt":"2022-02-03T12:08:32","slug":"eps-seafill","status":"publish","type":"page","link":"https:\/\/seacare.com\/tr\/eps-seafill\/","title":{"rendered":"EPS Seafill"},"content":{"rendered":"<h1 class=\"text-head\" style=\"text-align: center;\"><span data-text-color=\"primary\">EPS Seafill<\/span><\/h1>\n<p>EPS Seafill, k\u0131r\u0131\u015f\u0131kl\u0131klara an\u0131nda etki eden benzersiz saf ve do\u011fal bir ExoPolySaccharide\u2019dir (EPS). Biyoteknolojik y\u00f6ntem ile \u0130roise Denizi (Brittany\/ Fransa) planktonik mikroorganizmalar\u0131 kullan\u0131larak \u00fcretilir. EPS Seafill, cilde y\u00fcksek bir afiniteye sahip olup k\u0131r\u0131\u015f\u0131kl\u0131klar\u0131 m\u00fckemmel bir \u015fekilde doldurur ve cildi p\u00fcr\u00fczs\u00fczle\u015ftirir.<\/p>\n","protected":false},"excerpt":{"rendered":"<p>EPS Seafill EPS Seafill, k\u0131r\u0131\u015f\u0131kl\u0131klara an\u0131nda etki eden benzersiz saf ve do\u011fal bir ExoPolySaccharide\u2019dir (EPS). Biyoteknolojik y\u00f6ntem ile \u0130roise Denizi (Brittany\/ Fransa) planktonik mikroorganizmalar\u0131 kullan\u0131larak \u00fcretilir. EPS Seafill, cilde y\u00fcksek bir afiniteye sahip olup k\u0131r\u0131\u015f\u0131kl\u0131klar\u0131 m\u00fckemmel bir \u015fekilde doldurur ve cildi p\u00fcr\u00fczs\u00fczle\u015ftirir.<\/p>\n","protected":false},"author":1,"featured_media":0,"parent":0,"menu_order":0,"comment_status":"closed","ping_status":"closed","template":"","meta":{"footnotes":""},"_links":{"self":[{"href":"https:\/\/seacare.com\/tr\/wp-json\/wp\/v2\/pages\/50695"}],"collection":[{"href":"https:\/\/seacare.com\/tr\/wp-json\/wp\/v2\/pages"}],"about":[{"href":"https:\/\/seacare.com\/tr\/wp-json\/wp\/v2\/types\/page"}],"author":[{"embeddable":true,"href":"https:\/\/seacare.com\/tr\/wp-json\/wp\/v2\/users\/1"}],"replies":[{"embeddable":true,"href":"https:\/\/seacare.com\/tr\/wp-json\/wp\/v2\/comments?post=50695"}],"version-history":[{"count":1,"href":"https:\/\/seacare.com\/tr\/wp-json\/wp\/v2\/pages\/50695\/revisions"}],"predecessor-version":[{"id":50696,"href":"https:\/\/seacare.com\/tr\/wp-json\/wp\/v2\/pages\/50695\/revisions\/50696"}],"wp:attachment":[{"href":"https:\/\/seacare.com\/tr\/wp-json\/wp\/v2\/media?parent=50695"}],"curies":[{"name":"wp","href":"https:\/\/api.w.org\/{rel}","templated":true}]}}