{"id":50698,"date":"2022-02-03T15:10:37","date_gmt":"2022-02-03T12:10:37","guid":{"rendered":"https:\/\/seacare.com\/tr\/?page_id=50698"},"modified":"2022-02-03T15:10:37","modified_gmt":"2022-02-03T12:10:37","slug":"sesaflash","status":"publish","type":"page","link":"https:\/\/seacare.com\/tr\/sesaflash\/","title":{"rendered":"SesaFlash\u00ae"},"content":{"rendered":"<h1 class=\"text-head\" style=\"text-align: center;\"><span data-text-color=\"primary\">SesaFlash\u00ae<\/span><\/h1>\n<p>SesaFlash\u00ae (okunu\u015fu: SezaFle\u015f), cilt bak\u0131m \u00fcr\u00fcnlerinde kullan\u0131lan g\u00fc\u00e7l\u00fc do\u011fal bir susam bazl\u0131 bile\u015fendir. SesaFlash, k\u0131r\u0131\u015f\u0131kl\u0131k ve g\u00f6zalt\u0131 torbalar\u0131n\u0131 neredeyse an\u0131nda gizleyen bir madde olarak bilinir. 5-10 dakika i\u00e7inde g\u00f6zle g\u00f6r\u00fcn\u00fcr bir etki olu\u015fturmas\u0131, makyaj \u00f6ncesi uygulanmas\u0131 gereken ideal bir cilt bak\u0131m \u00fcr\u00fcn\u00fc olmas\u0131n\u0131 sa\u011flar.<\/p>\n","protected":false},"excerpt":{"rendered":"<p>SesaFlash\u00ae SesaFlash\u00ae (okunu\u015fu: SezaFle\u015f), cilt bak\u0131m \u00fcr\u00fcnlerinde kullan\u0131lan g\u00fc\u00e7l\u00fc do\u011fal bir susam bazl\u0131 bile\u015fendir. SesaFlash, k\u0131r\u0131\u015f\u0131kl\u0131k ve g\u00f6zalt\u0131 torbalar\u0131n\u0131 neredeyse an\u0131nda gizleyen bir madde olarak bilinir. 5-10 dakika i\u00e7inde g\u00f6zle g\u00f6r\u00fcn\u00fcr bir etki olu\u015fturmas\u0131, makyaj \u00f6ncesi uygulanmas\u0131 gereken ideal bir cilt bak\u0131m \u00fcr\u00fcn\u00fc olmas\u0131n\u0131 sa\u011flar.<\/p>\n","protected":false},"author":1,"featured_media":0,"parent":0,"menu_order":0,"comment_status":"closed","ping_status":"closed","template":"","meta":{"footnotes":""},"_links":{"self":[{"href":"https:\/\/seacare.com\/tr\/wp-json\/wp\/v2\/pages\/50698"}],"collection":[{"href":"https:\/\/seacare.com\/tr\/wp-json\/wp\/v2\/pages"}],"about":[{"href":"https:\/\/seacare.com\/tr\/wp-json\/wp\/v2\/types\/page"}],"author":[{"embeddable":true,"href":"https:\/\/seacare.com\/tr\/wp-json\/wp\/v2\/users\/1"}],"replies":[{"embeddable":true,"href":"https:\/\/seacare.com\/tr\/wp-json\/wp\/v2\/comments?post=50698"}],"version-history":[{"count":1,"href":"https:\/\/seacare.com\/tr\/wp-json\/wp\/v2\/pages\/50698\/revisions"}],"predecessor-version":[{"id":50699,"href":"https:\/\/seacare.com\/tr\/wp-json\/wp\/v2\/pages\/50698\/revisions\/50699"}],"wp:attachment":[{"href":"https:\/\/seacare.com\/tr\/wp-json\/wp\/v2\/media?parent=50698"}],"curies":[{"name":"wp","href":"https:\/\/api.w.org\/{rel}","templated":true}]}}