{"id":50700,"date":"2022-02-03T15:10:22","date_gmt":"2022-02-03T12:10:22","guid":{"rendered":"https:\/\/seacare.com\/tr\/?page_id=50700"},"modified":"2022-02-03T15:10:22","modified_gmt":"2022-02-03T12:10:22","slug":"primalhyal-gold","status":"publish","type":"page","link":"https:\/\/seacare.com\/tr\/primalhyal-gold\/","title":{"rendered":"PrimalHyal\u2122 Gold"},"content":{"rendered":"<h1 class=\"text-head\" style=\"text-align: center;\"><span data-text-color=\"primary\">PrimalHyal\u2122 Gold<\/span><\/h1>\n<p>PrimalHyal\u2122 Gold, \u0130svi\u00e7re kimya \u015firketi Givaudan taraf\u0131ndan s\u00fcrd\u00fcr\u00fclebilir \u00fcretim s\u00fcre\u00e7leri (biyofermantasyon) temelinde yarat\u0131lan ve hidratl\u0131 hiyal\u00fcronat\u0131n ya\u011f bazl\u0131 kozmetik form\u00fclasyonlar\u0131na dahil edilmesini sa\u011flayan yeni bir teknolojik \u00e7\u00f6z\u00fcmd\u00fcr. PrimalHyal Gold, kolajen sentezini destekler ve cilt nemini korur.<\/p>\n","protected":false},"excerpt":{"rendered":"<p>PrimalHyal\u2122 Gold PrimalHyal\u2122 Gold, \u0130svi\u00e7re kimya \u015firketi Givaudan taraf\u0131ndan s\u00fcrd\u00fcr\u00fclebilir \u00fcretim s\u00fcre\u00e7leri (biyofermantasyon) temelinde yarat\u0131lan ve hidratl\u0131 hiyal\u00fcronat\u0131n ya\u011f bazl\u0131 kozmetik form\u00fclasyonlar\u0131na dahil edilmesini sa\u011flayan yeni bir teknolojik \u00e7\u00f6z\u00fcmd\u00fcr. PrimalHyal Gold, kolajen sentezini destekler ve cilt nemini korur.<\/p>\n","protected":false},"author":1,"featured_media":0,"parent":0,"menu_order":0,"comment_status":"closed","ping_status":"closed","template":"","meta":{"footnotes":""},"_links":{"self":[{"href":"https:\/\/seacare.com\/tr\/wp-json\/wp\/v2\/pages\/50700"}],"collection":[{"href":"https:\/\/seacare.com\/tr\/wp-json\/wp\/v2\/pages"}],"about":[{"href":"https:\/\/seacare.com\/tr\/wp-json\/wp\/v2\/types\/page"}],"author":[{"embeddable":true,"href":"https:\/\/seacare.com\/tr\/wp-json\/wp\/v2\/users\/1"}],"replies":[{"embeddable":true,"href":"https:\/\/seacare.com\/tr\/wp-json\/wp\/v2\/comments?post=50700"}],"version-history":[{"count":1,"href":"https:\/\/seacare.com\/tr\/wp-json\/wp\/v2\/pages\/50700\/revisions"}],"predecessor-version":[{"id":50701,"href":"https:\/\/seacare.com\/tr\/wp-json\/wp\/v2\/pages\/50700\/revisions\/50701"}],"wp:attachment":[{"href":"https:\/\/seacare.com\/tr\/wp-json\/wp\/v2\/media?parent=50700"}],"curies":[{"name":"wp","href":"https:\/\/api.w.org\/{rel}","templated":true}]}}