{"id":50703,"date":"2022-02-03T15:10:13","date_gmt":"2022-02-03T12:10:13","guid":{"rendered":"https:\/\/seacare.com\/tr\/?page_id=50703"},"modified":"2022-02-03T15:10:13","modified_gmt":"2022-02-03T12:10:13","slug":"pentavitin","status":"publish","type":"page","link":"https:\/\/seacare.com\/tr\/pentavitin\/","title":{"rendered":"PENTAVITIN\u00ae"},"content":{"rendered":"<h1 class=\"text-head\" style=\"text-align: center;\"><span data-text-color=\"primary\">PENTAVITIN\u00ae<\/span><\/h1>\n<p>PENTAVITIN\u00ae (okunu\u015fu: Pentavitin), %100 do\u011fal bitkisel bir bile\u015fendir. Etkinli\u011fi, insan cildindeki karbonhidrat kompleksine benzeyen e\u015fsiz bir i\u00e7eri\u011fi ve de cilt ve sa\u00e7 derisi taraf\u0131ndan m\u00fckemmel bir \u015fekilde emilmesini sa\u011flayan benzersiz \u00f6zellikleri ile sa\u011flan\u0131r.<\/p>\n","protected":false},"excerpt":{"rendered":"<p>PENTAVITIN\u00ae PENTAVITIN\u00ae (okunu\u015fu: Pentavitin), %100 do\u011fal bitkisel bir bile\u015fendir. Etkinli\u011fi, insan cildindeki karbonhidrat kompleksine benzeyen e\u015fsiz bir i\u00e7eri\u011fi ve de cilt ve sa\u00e7 derisi taraf\u0131ndan m\u00fckemmel bir \u015fekilde emilmesini sa\u011flayan benzersiz \u00f6zellikleri ile sa\u011flan\u0131r.<\/p>\n","protected":false},"author":1,"featured_media":0,"parent":0,"menu_order":0,"comment_status":"closed","ping_status":"closed","template":"","meta":{"footnotes":""},"_links":{"self":[{"href":"https:\/\/seacare.com\/tr\/wp-json\/wp\/v2\/pages\/50703"}],"collection":[{"href":"https:\/\/seacare.com\/tr\/wp-json\/wp\/v2\/pages"}],"about":[{"href":"https:\/\/seacare.com\/tr\/wp-json\/wp\/v2\/types\/page"}],"author":[{"embeddable":true,"href":"https:\/\/seacare.com\/tr\/wp-json\/wp\/v2\/users\/1"}],"replies":[{"embeddable":true,"href":"https:\/\/seacare.com\/tr\/wp-json\/wp\/v2\/comments?post=50703"}],"version-history":[{"count":1,"href":"https:\/\/seacare.com\/tr\/wp-json\/wp\/v2\/pages\/50703\/revisions"}],"predecessor-version":[{"id":50704,"href":"https:\/\/seacare.com\/tr\/wp-json\/wp\/v2\/pages\/50703\/revisions\/50704"}],"wp:attachment":[{"href":"https:\/\/seacare.com\/tr\/wp-json\/wp\/v2\/media?parent=50703"}],"curies":[{"name":"wp","href":"https:\/\/api.w.org\/{rel}","templated":true}]}}