{"id":50706,"date":"2022-02-03T15:05:05","date_gmt":"2022-02-03T12:05:05","guid":{"rendered":"https:\/\/seacare.com\/tr\/?page_id=50706"},"modified":"2022-02-03T15:05:05","modified_gmt":"2022-02-03T12:05:05","slug":"abil-soft-af-300","status":"publish","type":"page","link":"https:\/\/seacare.com\/tr\/abil-soft-af-300\/","title":{"rendered":"ABIL\u00ae Soft AF 300"},"content":{"rendered":"<h1 class=\"text-head\" style=\"text-align: center;\"><span data-text-color=\"primary\">ABIL\u00ae Soft AF 300<\/span><\/h1>\n<p>ABIL\u00ae Soft AF 300, y\u00fcksek performansl\u0131 bir aminopropil dimetikondur. Sa\u00e7 kremleri i\u00e7in yeni y\u00fcksek molek\u00fcler a\u011f\u0131rl\u0131kl\u0131 amino silikonlu bir \u00fcr\u00fcnd\u00fcr. ABIL\u00ae Soft AF 300, sa\u00e7 bak\u0131m \u00fcr\u00fcnlerinin \u00f6nemli \u00f6l\u00e7\u00fcde iyile\u015ftirilmi\u015f bak\u0131m ve yumu\u015fatma \u00f6zelliklerini sa\u011flar.<\/p>\n","protected":false},"excerpt":{"rendered":"<p>ABIL\u00ae Soft AF 300 ABIL\u00ae Soft AF 300, y\u00fcksek performansl\u0131 bir aminopropil dimetikondur. Sa\u00e7 kremleri i\u00e7in yeni y\u00fcksek molek\u00fcler a\u011f\u0131rl\u0131kl\u0131 amino silikonlu bir \u00fcr\u00fcnd\u00fcr. ABIL\u00ae Soft AF 300, sa\u00e7 bak\u0131m \u00fcr\u00fcnlerinin \u00f6nemli \u00f6l\u00e7\u00fcde iyile\u015ftirilmi\u015f bak\u0131m ve yumu\u015fatma \u00f6zelliklerini sa\u011flar.<\/p>\n","protected":false},"author":1,"featured_media":0,"parent":0,"menu_order":0,"comment_status":"closed","ping_status":"closed","template":"","meta":{"footnotes":""},"_links":{"self":[{"href":"https:\/\/seacare.com\/tr\/wp-json\/wp\/v2\/pages\/50706"}],"collection":[{"href":"https:\/\/seacare.com\/tr\/wp-json\/wp\/v2\/pages"}],"about":[{"href":"https:\/\/seacare.com\/tr\/wp-json\/wp\/v2\/types\/page"}],"author":[{"embeddable":true,"href":"https:\/\/seacare.com\/tr\/wp-json\/wp\/v2\/users\/1"}],"replies":[{"embeddable":true,"href":"https:\/\/seacare.com\/tr\/wp-json\/wp\/v2\/comments?post=50706"}],"version-history":[{"count":1,"href":"https:\/\/seacare.com\/tr\/wp-json\/wp\/v2\/pages\/50706\/revisions"}],"predecessor-version":[{"id":50707,"href":"https:\/\/seacare.com\/tr\/wp-json\/wp\/v2\/pages\/50706\/revisions\/50707"}],"wp:attachment":[{"href":"https:\/\/seacare.com\/tr\/wp-json\/wp\/v2\/media?parent=50706"}],"curies":[{"name":"wp","href":"https:\/\/api.w.org\/{rel}","templated":true}]}}