{"id":50708,"date":"2022-02-03T15:05:02","date_gmt":"2022-02-03T12:05:02","guid":{"rendered":"https:\/\/seacare.com\/tr\/?page_id=50708"},"modified":"2022-02-03T15:05:02","modified_gmt":"2022-02-03T12:05:02","slug":"abil-soft-af-200","status":"publish","type":"page","link":"https:\/\/seacare.com\/tr\/abil-soft-af-200\/","title":{"rendered":"ABIL\u00ae Soft AF 200"},"content":{"rendered":"<h1 class=\"text-head\" style=\"text-align: center;\"><span data-text-color=\"primary\">ABIL\u00ae Soft AF 200<\/span><\/h1>\n<p>ABIL\u00ae Soft AF 200, daha kaliteli bak\u0131m i\u00e7in optimize edilmi\u015f yeni ekonomik ve etkili bir sa\u00e7 bak\u0131m bile\u015fenidir. Amino silikon, sa\u00e7lar\u0131 yumu\u015fatarak, p\u00fcr\u00fczs\u00fczle\u015ftirerek, konforlu, \u015fekillendirebilir ve taranabilir hale getirerek m\u00fckemmel sa\u00e7 bak\u0131m\u0131n\u0131 sa\u011flar.<\/p>\n","protected":false},"excerpt":{"rendered":"<p>ABIL\u00ae Soft AF 200 ABIL\u00ae Soft AF 200, daha kaliteli bak\u0131m i\u00e7in optimize edilmi\u015f yeni ekonomik ve etkili bir sa\u00e7 bak\u0131m bile\u015fenidir. Amino silikon, sa\u00e7lar\u0131 yumu\u015fatarak, p\u00fcr\u00fczs\u00fczle\u015ftirerek, konforlu, \u015fekillendirebilir ve taranabilir hale getirerek m\u00fckemmel sa\u00e7 bak\u0131m\u0131n\u0131 sa\u011flar.<\/p>\n","protected":false},"author":1,"featured_media":0,"parent":0,"menu_order":0,"comment_status":"closed","ping_status":"closed","template":"","meta":{"footnotes":""},"_links":{"self":[{"href":"https:\/\/seacare.com\/tr\/wp-json\/wp\/v2\/pages\/50708"}],"collection":[{"href":"https:\/\/seacare.com\/tr\/wp-json\/wp\/v2\/pages"}],"about":[{"href":"https:\/\/seacare.com\/tr\/wp-json\/wp\/v2\/types\/page"}],"author":[{"embeddable":true,"href":"https:\/\/seacare.com\/tr\/wp-json\/wp\/v2\/users\/1"}],"replies":[{"embeddable":true,"href":"https:\/\/seacare.com\/tr\/wp-json\/wp\/v2\/comments?post=50708"}],"version-history":[{"count":1,"href":"https:\/\/seacare.com\/tr\/wp-json\/wp\/v2\/pages\/50708\/revisions"}],"predecessor-version":[{"id":50709,"href":"https:\/\/seacare.com\/tr\/wp-json\/wp\/v2\/pages\/50708\/revisions\/50709"}],"wp:attachment":[{"href":"https:\/\/seacare.com\/tr\/wp-json\/wp\/v2\/media?parent=50708"}],"curies":[{"name":"wp","href":"https:\/\/api.w.org\/{rel}","templated":true}]}}