{"id":50710,"date":"2022-02-03T15:05:26","date_gmt":"2022-02-03T12:05:26","guid":{"rendered":"https:\/\/seacare.com\/tr\/?page_id=50710"},"modified":"2022-02-03T15:05:26","modified_gmt":"2022-02-03T12:05:26","slug":"aquaxyl","status":"publish","type":"page","link":"https:\/\/seacare.com\/tr\/aquaxyl\/","title":{"rendered":"Aquaxyl\u2122"},"content":{"rendered":"<h1 class=\"text-head\" style=\"text-align: center;\"><span data-text-color=\"primary\">Aquaxyl\u2122<\/span><\/h1>\n<p>Aquaxyl\u2122, cildin t\u00fcm katmanlar\u0131nda nem sirk\u00fclasyonunu ve hiyal\u00fcronik asit seviyesini art\u0131rmak i\u00e7in 3D nemlendirme sa\u011flar. Cilt bariyeri 24 saat i\u00e7inde g\u00fc\u00e7lenerek nem kayb\u0131n\u0131 s\u0131n\u0131rlar. Bunun sonucu 28 g\u00fcn sonra cilt daha yumu\u015fak ve p\u00fcr\u00fczs\u00fcz olur, pullanma normal hale gelir ve ince \u00e7izgiler kaybolur. <\/p>\n","protected":false},"excerpt":{"rendered":"<p>Aquaxyl\u2122 Aquaxyl\u2122, cildin t\u00fcm katmanlar\u0131nda nem sirk\u00fclasyonunu ve hiyal\u00fcronik asit seviyesini art\u0131rmak i\u00e7in 3D nemlendirme sa\u011flar. Cilt bariyeri 24 saat i\u00e7inde g\u00fc\u00e7lenerek nem kayb\u0131n\u0131 s\u0131n\u0131rlar. Bunun sonucu 28 g\u00fcn sonra cilt daha yumu\u015fak ve p\u00fcr\u00fczs\u00fcz olur, pullanma normal hale gelir ve ince \u00e7izgiler kaybolur.<\/p>\n","protected":false},"author":1,"featured_media":0,"parent":0,"menu_order":0,"comment_status":"closed","ping_status":"closed","template":"","meta":{"footnotes":""},"_links":{"self":[{"href":"https:\/\/seacare.com\/tr\/wp-json\/wp\/v2\/pages\/50710"}],"collection":[{"href":"https:\/\/seacare.com\/tr\/wp-json\/wp\/v2\/pages"}],"about":[{"href":"https:\/\/seacare.com\/tr\/wp-json\/wp\/v2\/types\/page"}],"author":[{"embeddable":true,"href":"https:\/\/seacare.com\/tr\/wp-json\/wp\/v2\/users\/1"}],"replies":[{"embeddable":true,"href":"https:\/\/seacare.com\/tr\/wp-json\/wp\/v2\/comments?post=50710"}],"version-history":[{"count":1,"href":"https:\/\/seacare.com\/tr\/wp-json\/wp\/v2\/pages\/50710\/revisions"}],"predecessor-version":[{"id":50711,"href":"https:\/\/seacare.com\/tr\/wp-json\/wp\/v2\/pages\/50710\/revisions\/50711"}],"wp:attachment":[{"href":"https:\/\/seacare.com\/tr\/wp-json\/wp\/v2\/media?parent=50710"}],"curies":[{"name":"wp","href":"https:\/\/api.w.org\/{rel}","templated":true}]}}