{"id":50713,"date":"2022-02-03T15:08:20","date_gmt":"2022-02-03T12:08:20","guid":{"rendered":"https:\/\/seacare.com\/tr\/?page_id=50713"},"modified":"2022-02-03T15:08:20","modified_gmt":"2022-02-03T12:08:20","slug":"duraquench-iq","status":"publish","type":"page","link":"https:\/\/seacare.com\/tr\/duraquench-iq\/","title":{"rendered":"DuraQuench\u2122 IQ"},"content":{"rendered":"<h1 class=\"text-head\" style=\"text-align: center;\"><span data-text-color=\"primary\">DuraQuench\u2122 IQ<\/span><\/h1>\n<p>DuraQuench\u2122 IQ, cildin y\u00fczeyinde ak\u0131ll\u0131 bir yap\u0131sal tabaka olu\u015fturmak i\u00e7in \u00e7ift mekanizma kullanan ve ayn\u0131 zamanda nem kayb\u0131n\u0131 i\u00e7eriden d\u00fczenleyerek cildin do\u011fal bariyerini g\u00fc\u00e7lendiren etkili bir nemlendirme kompleksidir. Cilt i\u00e7in uzun s\u00fcreli nemlendirme ve yumu\u015fakl\u0131k sa\u011flar.<\/p>\n","protected":false},"excerpt":{"rendered":"<p>DuraQuench\u2122 IQ DuraQuench\u2122 IQ, cildin y\u00fczeyinde ak\u0131ll\u0131 bir yap\u0131sal tabaka olu\u015fturmak i\u00e7in \u00e7ift mekanizma kullanan ve ayn\u0131 zamanda nem kayb\u0131n\u0131 i\u00e7eriden d\u00fczenleyerek cildin do\u011fal bariyerini g\u00fc\u00e7lendiren etkili bir nemlendirme kompleksidir. Cilt i\u00e7in uzun s\u00fcreli nemlendirme ve yumu\u015fakl\u0131k sa\u011flar.<\/p>\n","protected":false},"author":1,"featured_media":0,"parent":0,"menu_order":0,"comment_status":"closed","ping_status":"closed","template":"","meta":{"footnotes":""},"_links":{"self":[{"href":"https:\/\/seacare.com\/tr\/wp-json\/wp\/v2\/pages\/50713"}],"collection":[{"href":"https:\/\/seacare.com\/tr\/wp-json\/wp\/v2\/pages"}],"about":[{"href":"https:\/\/seacare.com\/tr\/wp-json\/wp\/v2\/types\/page"}],"author":[{"embeddable":true,"href":"https:\/\/seacare.com\/tr\/wp-json\/wp\/v2\/users\/1"}],"replies":[{"embeddable":true,"href":"https:\/\/seacare.com\/tr\/wp-json\/wp\/v2\/comments?post=50713"}],"version-history":[{"count":1,"href":"https:\/\/seacare.com\/tr\/wp-json\/wp\/v2\/pages\/50713\/revisions"}],"predecessor-version":[{"id":50714,"href":"https:\/\/seacare.com\/tr\/wp-json\/wp\/v2\/pages\/50713\/revisions\/50714"}],"wp:attachment":[{"href":"https:\/\/seacare.com\/tr\/wp-json\/wp\/v2\/media?parent=50713"}],"curies":[{"name":"wp","href":"https:\/\/api.w.org\/{rel}","templated":true}]}}