{"id":50715,"date":"2022-02-03T15:05:52","date_gmt":"2022-02-03T12:05:52","guid":{"rendered":"https:\/\/seacare.com\/tr\/?page_id=50715"},"modified":"2022-02-03T15:05:52","modified_gmt":"2022-02-03T12:05:52","slug":"dermosoft-gmcy","status":"publish","type":"page","link":"https:\/\/seacare.com\/tr\/dermosoft-gmcy\/","title":{"rendered":"Dermosoft\u00ae GMCY"},"content":{"rendered":"<h1 class=\"text-head\" style=\"text-align: center;\"><span data-text-color=\"primary\">Dermosoft\u00ae GMCY<\/span><\/h1>\n<p>Dermosoft\u00ae GMCY nemlendirici ve yenileyici \u00f6zelliklere sahiptir. Cildin nem ve dengesini iyile\u015ftirmeye ve korumaya yard\u0131mc\u0131 olur. Ayr\u0131ca Dermosoft GMCY, Propionibacterium akneye kar\u015f\u0131 g\u00fc\u00e7l\u00fc aktivitesi sayesinde ciltteki kirliliklerle sava\u015fmaya yard\u0131mc\u0131 olur.<\/p>\n","protected":false},"excerpt":{"rendered":"<p>Dermosoft\u00ae GMCY Dermosoft\u00ae GMCY nemlendirici ve yenileyici \u00f6zelliklere sahiptir. Cildin nem ve dengesini iyile\u015ftirmeye ve korumaya yard\u0131mc\u0131 olur. Ayr\u0131ca Dermosoft GMCY, Propionibacterium akneye kar\u015f\u0131 g\u00fc\u00e7l\u00fc aktivitesi sayesinde ciltteki kirliliklerle sava\u015fmaya yard\u0131mc\u0131 olur.<\/p>\n","protected":false},"author":1,"featured_media":0,"parent":0,"menu_order":0,"comment_status":"closed","ping_status":"closed","template":"","meta":{"footnotes":""},"_links":{"self":[{"href":"https:\/\/seacare.com\/tr\/wp-json\/wp\/v2\/pages\/50715"}],"collection":[{"href":"https:\/\/seacare.com\/tr\/wp-json\/wp\/v2\/pages"}],"about":[{"href":"https:\/\/seacare.com\/tr\/wp-json\/wp\/v2\/types\/page"}],"author":[{"embeddable":true,"href":"https:\/\/seacare.com\/tr\/wp-json\/wp\/v2\/users\/1"}],"replies":[{"embeddable":true,"href":"https:\/\/seacare.com\/tr\/wp-json\/wp\/v2\/comments?post=50715"}],"version-history":[{"count":1,"href":"https:\/\/seacare.com\/tr\/wp-json\/wp\/v2\/pages\/50715\/revisions"}],"predecessor-version":[{"id":50716,"href":"https:\/\/seacare.com\/tr\/wp-json\/wp\/v2\/pages\/50715\/revisions\/50716"}],"wp:attachment":[{"href":"https:\/\/seacare.com\/tr\/wp-json\/wp\/v2\/media?parent=50715"}],"curies":[{"name":"wp","href":"https:\/\/api.w.org\/{rel}","templated":true}]}}