{"id":50717,"date":"2022-02-03T15:08:15","date_gmt":"2022-02-03T12:08:15","guid":{"rendered":"https:\/\/seacare.com\/tr\/?page_id=50717"},"modified":"2022-02-03T15:08:15","modified_gmt":"2022-02-03T12:08:15","slug":"dermosoft-omp","status":"publish","type":"page","link":"https:\/\/seacare.com\/tr\/dermosoft-omp\/","title":{"rendered":"Dermosoft\u00ae OMP"},"content":{"rendered":"<h1 class=\"text-head\" style=\"text-align: center;\"><span data-text-color=\"primary\">Dermosoft\u00ae OMP<\/span><\/h1>\n<p>Dermosoft\u00ae OMP, g\u00fc\u00e7l\u00fc antimikrobiyal, nemlendirici ve yenileyici \u00f6zelliklere sahip \u00e7ok fonksiyonlu bir kozmetik bile\u015fendir. Cilt nemini korumaya yard\u0131mc\u0131 olan ve \u00e7o\u011fu kozmetik form\u00fclasyonu kendi kendini koruyan \u00fcr\u00fcnlere d\u00f6n\u00fc\u015ft\u00fcrebilen bile\u015fenler kar\u0131\u015f\u0131m\u0131ndan \u00fcretilir.<\/p>\n","protected":false},"excerpt":{"rendered":"<p>Dermosoft\u00ae OMP Dermosoft\u00ae OMP, g\u00fc\u00e7l\u00fc antimikrobiyal, nemlendirici ve yenileyici \u00f6zelliklere sahip \u00e7ok fonksiyonlu bir kozmetik bile\u015fendir. Cilt nemini korumaya yard\u0131mc\u0131 olan ve \u00e7o\u011fu kozmetik form\u00fclasyonu kendi kendini koruyan \u00fcr\u00fcnlere d\u00f6n\u00fc\u015ft\u00fcrebilen bile\u015fenler kar\u0131\u015f\u0131m\u0131ndan \u00fcretilir.<\/p>\n","protected":false},"author":1,"featured_media":0,"parent":0,"menu_order":0,"comment_status":"closed","ping_status":"closed","template":"","meta":{"footnotes":""},"_links":{"self":[{"href":"https:\/\/seacare.com\/tr\/wp-json\/wp\/v2\/pages\/50717"}],"collection":[{"href":"https:\/\/seacare.com\/tr\/wp-json\/wp\/v2\/pages"}],"about":[{"href":"https:\/\/seacare.com\/tr\/wp-json\/wp\/v2\/types\/page"}],"author":[{"embeddable":true,"href":"https:\/\/seacare.com\/tr\/wp-json\/wp\/v2\/users\/1"}],"replies":[{"embeddable":true,"href":"https:\/\/seacare.com\/tr\/wp-json\/wp\/v2\/comments?post=50717"}],"version-history":[{"count":1,"href":"https:\/\/seacare.com\/tr\/wp-json\/wp\/v2\/pages\/50717\/revisions"}],"predecessor-version":[{"id":50718,"href":"https:\/\/seacare.com\/tr\/wp-json\/wp\/v2\/pages\/50717\/revisions\/50718"}],"wp:attachment":[{"href":"https:\/\/seacare.com\/tr\/wp-json\/wp\/v2\/media?parent=50717"}],"curies":[{"name":"wp","href":"https:\/\/api.w.org\/{rel}","templated":true}]}}